{"id":80,"date":"2024-12-16T11:11:29","date_gmt":"2024-12-16T11:11:29","guid":{"rendered":"https:\/\/hyverr.com\/?page_id=80"},"modified":"2025-08-05T20:14:50","modified_gmt":"2025-08-05T18:14:50","slug":"applications","status":"publish","type":"page","link":"https:\/\/hyverr.com\/en\/applications\/","title":{"rendered":"App development"},"content":{"rendered":"<section class=\"bde-section-80-100 bde-section\">\n  \n  \n\t\n\n\n\n<div class=\"section-container\"><div class=\"bde-columns-80-101 bde-columns\"><div class=\"bde-column-80-102 bde-column\">\n  \n  \n\t\n\n\n\n<h2 class=\"bde-heading-80-103 bde-heading translation-block\">The future of work<br><span style=\"color:#E87917\">\nis connected<\/span><\/h2>\n<\/div><\/div><\/div>\n<\/section><section class=\"bde-section-80-105 bde-section\">\n  \n  \n\t\n\n\n\n<div class=\"section-container\"><div class=\"bde-columns-80-106 bde-columns\"><div class=\"bde-column-80-107 bde-column\" data-entrance=\"slideLeft\" data-parallax=\"true\">\n  \n  \n\t\n\n\n\n<h1 class=\"bde-heading-80-108 bde-heading translation-block\">Custom\napplications<\/h1><div class=\"bde-columns-80-112 bde-columns\"><div class=\"bde-column-80-113 bde-column\">\n  \n  \n\t\n\n\n\n<div class=\"bde-fancy-divider-80-110 bde-fancy-divider\">\n\n\n<div class=\"bde-fancy-divider__wrapper\">\n  <div class=\"bde-fancy-divider__separator\">\n  \t  <\/div>\n<\/div>\n\n<\/div>\n<\/div><div class=\"bde-column-80-114 bde-column\">\n  \n  \n\t\n\n\n\n<div class=\"bde-text-80-111 bde-text\">\nHyverr is a leading developer of mobile and cloud applications. We specialize in solutions that enhance communication, control, and data collection, even from specialized equipment like production lines or single-purpose machines. Our solutions are integral to our clients' infrastructure, serving tens of thousands of users globally.\n<\/div>\n<\/div><\/div>\n<\/div><\/div><\/div>\n<\/section><section class=\"bde-section-80-115 bde-section\">\n  \n  \n\t\n\n\n\n<div class=\"section-container\"><div class=\"bde-columns-80-116 bde-columns\"><div class=\"bde-column-80-117 bde-column\">\n  \n  \n\t\n\n\n\n<h2 class=\"bde-heading-80-118 bde-heading\">\nOur Solutions\n<\/h2><div class=\"bde-text-80-120 bde-text\">\nLeveraging our expertise and technology, we optimize essential business processes, seamlessly connecting field operations with back-office functions across various industries.\n<\/div>\n<\/div><\/div><\/div>\n<\/section><section class=\"bde-section-80-135 bde-section\">\n  \n  \n\t\n\n\n\n<div class=\"section-container\"><div class=\"bde-columns-80-136 bde-columns\"><div class=\"bde-column-80-137 bde-column\">\n  \n  \n\t\n\n\n\n<div class=\"bde-div-80-226 bde-div\">\n  \n  \n\t\n\n\n\n<h4 class=\"bde-heading-80-138 bde-heading translation-block\">Mobile applications<\/h4><div class=\"bde-text-80-139 bde-text\">\nOur mobile apps empower you to manage your field staff in real time, boosting productivity and cutting costs.\n<\/div>\n<\/div><div class=\"bde-div-80-227 bde-div\">\n  \n  \n\t\n\n\n\n<a class=\"bde-text-link-80-140 bde-text-link breakdance-link\" href=\"https:\/\/hyverr.com\/en\/mobile-apps\/\" target=\"_self\" data-type=\"url\">\n  + Find out more\n\n<\/a>\n<\/div>\n<\/div><div class=\"bde-column-80-141 bde-column\">\n  \n  \n\t\n\n\n\n<div class=\"bde-div-80-228 bde-div\">\n  \n  \n\t\n\n\n\n<h4 class=\"bde-heading-80-142 bde-heading\">\nCloud applications\n<\/h4><div class=\"bde-text-80-143 bde-text\">\nLeveraging modern cloud technologies, we build applications that serve tens of thousands of users globally.\n<\/div>\n<\/div><div class=\"bde-div-80-229 bde-div\">\n  \n  \n\t\n\n\n\n<a class=\"bde-text-link-80-144 bde-text-link breakdance-link\" href=\"https:\/\/hyverr.com\/en\/cloud-apps\/\" target=\"_self\" data-type=\"url\">\n  + Find out more\n\n<\/a>\n<\/div>\n<\/div><div class=\"bde-column-80-145 bde-column\">\n  \n  \n\t\n\n\n\n<div class=\"bde-div-80-230 bde-div\">\n  \n  \n\t\n\n\n\n<h4 class=\"bde-heading-80-146 bde-heading\">\nApplication<br>Revigo\n<\/h4><div class=\"bde-text-80-147 bde-text\">\nRevigo ensures complete equipment tracking and task coordination across sites, fully compliant with legislation.\n<\/div>\n<\/div><div class=\"bde-div-80-231 bde-div\">\n  \n  \n\t\n\n\n\n<a class=\"bde-text-link-80-148 bde-text-link breakdance-link\" href=\"https:\/\/www.revigo.cz\" target=\"_blank\" data-type=\"url\" rel=\"noopener\">\n  + Find out more\n\n<\/a>\n<\/div>\n<\/div><div class=\"bde-column-80-233 bde-column\">\n  \n  \n\t\n\n\n\n<div class=\"bde-div-80-234 bde-div\">\n  \n  \n\t\n\n\n\n<h4 class=\"bde-heading-80-235 bde-heading translation-block\">Hardware integration<\/h4><div class=\"bde-text-80-236 bde-text\">\nWe have extensive experience integrating diverse specialized hardware, from production lines, PLC machines to single-purpose machines.\n<\/div>\n<\/div><div class=\"bde-div-80-237 bde-div\">\n  \n  \n\t\n\n\n\n<a class=\"bde-text-link-80-238 bde-text-link breakdance-link\" href=\"https:\/\/hyverr.com\/en\/hw-integration\/\" target=\"_self\" data-type=\"url\">\n  + Find out more\n\n<\/a>\n<\/div>\n<\/div><\/div><div class=\"bde-columns-80-149 bde-columns\"><div class=\"bde-column-80-150 bde-column\">\n  \n  \n\t\n\n\n\n<h2 class=\"bde-heading-80-152 bde-heading\">\nTechnology stack\n<\/h2><div class=\"bde-logo-list-80-225 bde-logo-list gradient-overlay__both un-static-image-grid\">\n\n                    <div class=\"un-logo-bar__logo-wrapper\">\n          <img decoding=\"async\" class=\"breakdance-image-object\" src=\"https:\/\/hyverr.com\/wp-content\/uploads\/2025\/04\/Vue.js_Logo_2.svg\" width=\"\" height=\"\">\n        <\/div>\n                          <div class=\"un-logo-bar__logo-wrapper\">\n          <img decoding=\"async\" class=\"breakdance-image-object\" src=\"https:\/\/hyverr.com\/wp-content\/uploads\/2025\/04\/Microsoft_.NET_logo.svg\" width=\"\" height=\"\">\n        <\/div>\n                          <div class=\"un-logo-bar__logo-wrapper\">\n          <img decoding=\"async\" class=\"breakdance-image-object\" src=\"https:\/\/hyverr.com\/wp-content\/uploads\/2025\/04\/Microsoft_Azure-2.svg\" width=\"\" height=\"\">\n        <\/div>\n                          <div class=\"un-logo-bar__logo-wrapper\">\n          <img loading=\"lazy\" decoding=\"async\" class=\"breakdance-image-object\" src=\"https:\/\/hyverr.com\/wp-content\/uploads\/2025\/04\/Snimek_obrazovky_2025-04-08_141207-removebg-preview.png\" width=\"234\" height=\"278\" sizes=\"auto, (max-width: 234px) 100vw, 234px\">\n        <\/div>\n                          <div class=\"un-logo-bar__logo-wrapper\">\n          <img decoding=\"async\" class=\"breakdance-image-object\" src=\"https:\/\/hyverr.com\/wp-content\/uploads\/2025\/04\/typescript.svg\" width=\"\" height=\"\">\n        <\/div>\n                          <div class=\"un-logo-bar__logo-wrapper\">\n          <img decoding=\"async\" class=\"breakdance-image-object\" src=\"https:\/\/hyverr.com\/wp-content\/uploads\/2025\/04\/swift-15.svg\" width=\"\" height=\"\">\n        <\/div>\n                          <div class=\"un-logo-bar__logo-wrapper\">\n          <img decoding=\"async\" class=\"breakdance-image-object\" src=\"https:\/\/hyverr.com\/wp-content\/uploads\/2025\/04\/boomi-1.svg\" width=\"\" height=\"\">\n        <\/div>\n                          <div class=\"un-logo-bar__logo-wrapper\">\n          <img decoding=\"async\" class=\"breakdance-image-object\" src=\"https:\/\/hyverr.com\/wp-content\/uploads\/2025\/04\/logo-2.svg\" width=\"\" height=\"\">\n        <\/div>\n                          <div class=\"un-logo-bar__logo-wrapper\">\n          <img decoding=\"async\" class=\"breakdance-image-object\" src=\"https:\/\/hyverr.com\/wp-content\/uploads\/2025\/04\/Logo_C_sharp.svg\" width=\"\" height=\"\">\n        <\/div>\n                          <div class=\"un-logo-bar__logo-wrapper\">\n          <img decoding=\"async\" class=\"breakdance-image-object\" src=\"https:\/\/hyverr.com\/wp-content\/uploads\/2025\/04\/kotlin-2.svg\" width=\"\" height=\"\">\n        <\/div>\n                          <div class=\"un-logo-bar__logo-wrapper\">\n          <img decoding=\"async\" class=\"breakdance-image-object\" src=\"https:\/\/hyverr.com\/wp-content\/uploads\/2025\/04\/react-2.svg\" width=\"\" height=\"\">\n        <\/div>\n                <\/div>\n<\/div><\/div><\/div>\n<\/section>","protected":false},"excerpt":{"rendered":"<p>Budoucnost\u00ed pr\u00e1ce jedigit\u00e1ln\u00ed pracovi\u0161t\u011b Aplikace na m\u00edru Spole\u010dnost Hyverr je l\u00eddrem v oblasti v\u00fdvoje mobiln\u00edch a cloudov\u00fdch aplikac\u00ed. Specializujeme se na tvorbu \u0159e\u0161en\u00ed, kter\u00e9 zlep\u0161uj\u00ed komunikaci, \u0159\u00edzen\u00ed a sb\u011br dat, a to i z velmi specifick\u00fdch za\u0159\u00edzen\u00ed jako jsou v\u00fdrobn\u00ed linky nebo jedno\u00fa\u010delov\u00e9 stroje. Na\u0161e \u0159e\u0161en\u00ed jsou kl\u00ed\u010dovou sou\u010d\u00e1st\u00ed infrastruktury na\u0161ich z\u00e1kazn\u00edk\u016f, obsluhuj\u00edc\u00ed des\u00edtky tis\u00edc [&hellip;]<\/p>\n","protected":false},"author":1,"featured_media":0,"parent":0,"menu_order":0,"comment_status":"closed","ping_status":"closed","template":"","meta":{"_acf_changed":false,"_breakdance_hide_in_design_set":false,"_breakdance_tags":"","footnotes":""},"class_list":["post-80","page","type-page","status-publish","hentry"],"acf":[],"_links":{"self":[{"href":"https:\/\/hyverr.com\/en\/wp-json\/wp\/v2\/pages\/80","targetHints":{"allow":["GET"]}}],"collection":[{"href":"https:\/\/hyverr.com\/en\/wp-json\/wp\/v2\/pages"}],"about":[{"href":"https:\/\/hyverr.com\/en\/wp-json\/wp\/v2\/types\/page"}],"author":[{"embeddable":true,"href":"https:\/\/hyverr.com\/en\/wp-json\/wp\/v2\/users\/1"}],"replies":[{"embeddable":true,"href":"https:\/\/hyverr.com\/en\/wp-json\/wp\/v2\/comments?post=80"}],"version-history":[{"count":40,"href":"https:\/\/hyverr.com\/en\/wp-json\/wp\/v2\/pages\/80\/revisions"}],"predecessor-version":[{"id":1899,"href":"https:\/\/hyverr.com\/en\/wp-json\/wp\/v2\/pages\/80\/revisions\/1899"}],"wp:attachment":[{"href":"https:\/\/hyverr.com\/en\/wp-json\/wp\/v2\/media?parent=80"}],"curies":[{"name":"wp","href":"https:\/\/api.w.org\/{rel}","templated":true}]}}