{"id":60,"date":"2024-12-16T10:21:32","date_gmt":"2024-12-16T10:21:32","guid":{"rendered":"https:\/\/hyverr.com\/?page_id=60"},"modified":"2026-04-10T20:56:30","modified_gmt":"2026-04-10T18:56:30","slug":"automation","status":"publish","type":"page","link":"https:\/\/hyverr.com\/en\/automation\/","title":{"rendered":"Automation"},"content":{"rendered":"<section class=\"bde-section-60-100 bde-section\">\n  \n  \n\t\n\n\n\n<div class=\"section-container\"><div class=\"bde-columns-60-101 bde-columns\"><div class=\"bde-column-60-104 bde-column\">\n  \n  \n\t\n\n\n\n<h2 class=\"bde-heading-60-105 bde-heading translation-block\">The future of work<br><span style=\"color:#E87917\">\nis connected<\/span><\/h2>\n<\/div><\/div><\/div>\n<\/section><section class=\"bde-section-60-108 bde-section\">\n  \n  \n\t\n\n\n\n<div class=\"section-container\"><div class=\"bde-columns-60-109 bde-columns\"><div class=\"bde-column-60-110 bde-column\" data-entrance=\"slideLeft\" data-parallax=\"true\">\n  \n  \n\t\n\n\n\n<h2 class=\"bde-heading-60-111 bde-heading translation-block\">Our intelligent automation\nexpert knowledge expedites\nyour digital journey<\/h2><h1 class=\"bde-heading-60-112 bde-heading\">\n\n<\/h1><div class=\"bde-fancy-divider-60-113 bde-fancy-divider\">\n\n\n<div class=\"bde-fancy-divider__wrapper\">\n  <div class=\"bde-fancy-divider__separator\">\n  \t  <\/div>\n<\/div>\n\n<\/div><div class=\"bde-text-60-114 bde-text\">\nWe provide services over key automation and integration platforms, covering all phases of your digital program and after care.\n<\/div>\n<\/div><\/div><\/div>\n<\/section><section class=\"bde-section-60-116 bde-section\">\n  \n  \n\t\n\n\n\n<div class=\"section-container\"><div class=\"bde-columns-60-117 bde-columns\"><div class=\"bde-column-60-118 bde-column\">\n  \n  \n\t\n\n\n\n<h2 class=\"bde-heading-60-120 bde-heading\">\nOur Solutions\n<\/h2><div class=\"bde-fancy-divider-60-121 bde-fancy-divider\">\n\n\n<div class=\"bde-fancy-divider__wrapper\">\n  <div class=\"bde-fancy-divider__separator\">\n  \t  <\/div>\n<\/div>\n\n<\/div><div class=\"bde-text-60-122 bde-text\">\nWe use the most advanced technologies and practices to help businesses innovate faster, using many fast, low risk steps that continually balance new capabilities with old.\n<\/div>\n<\/div><\/div><\/div>\n<\/section><section class=\"bde-section-60-217 bde-section\">\n  \n  \n\t\n\n\n\n<div class=\"section-container\"><div class=\"bde-columns-60-218 bde-columns\"><div class=\"bde-column-60-219 bde-column\">\n  \n  \n\t\n\n\n\n<div class=\"bde-div-60-282 bde-div\">\n  \n  \n\t\n\n\n\n<h4 class=\"bde-heading-60-220 bde-heading\">\nAutomation solutions\n<\/h4><div class=\"bde-text-60-221 bde-text\">\nCombines Robotic Process Automation (RPA) and digital tools to increase productivity and quality, reduce costs and improve customer satisfaction\n<\/div>\n<\/div><div class=\"bde-div-60-283 bde-div\">\n  \n  \n\t\n\n\n\n<a class=\"bde-text-link-60-222 bde-text-link breakdance-link\" href=\"https:\/\/hyverr.com\/en\/automation-solutions\/\" target=\"_self\" data-type=\"url\">\n  + Find out more\n\n<\/a>\n<\/div>\n<\/div><div class=\"bde-column-60-223 bde-column\">\n  \n  \n\t\n\n\n\n<div class=\"bde-div-60-284 bde-div\">\n  \n  \n\t\n\n\n\n<h4 class=\"bde-heading-60-224 bde-heading translation-block\">Integration solutions<\/h4><div class=\"bde-text-60-225 bde-text\">\nThe RunMyProcess (RMP) low-code platform integrates systems, designs workflows, ensures security, and optimizes processes to increase productivity and customer satisfaction.\n<\/div>\n<\/div><div class=\"bde-div-60-285 bde-div\">\n  \n  \n\t\n\n\n\n<a class=\"bde-text-link-60-226 bde-text-link breakdance-link\" href=\"https:\/\/hyverr.com\/en\/integration-solution-2\/\" target=\"_self\" data-type=\"url\">\n  + Find out more\n\n<\/a>\n<\/div>\n<\/div><div class=\"bde-column-60-227 bde-column\">\n  \n  \n\t\n\n\n\n<div class=\"bde-div-60-287 bde-div\">\n  \n  \n\t\n\n\n\n<h4 class=\"bde-heading-60-228 bde-heading translation-block\">AI solutions<\/h4><div class=\"bde-text-60-229 bde-text\">\nWe specialize in AI solutions that connect systems and automatically process data, speeding up financial and communication processes.\n<\/div>\n<\/div><div class=\"bde-div-60-288 bde-div\">\n  \n  \n\t\n\n\n\n<a class=\"bde-text-link-60-230 bde-text-link breakdance-link\" href=\"https:\/\/hyverr.com\/en\/ai-solutions\/\" target=\"_self\" data-type=\"url\">\n  + Find out more\n\n<\/a>\n<\/div>\n<\/div><\/div><\/div>\n<\/section><section class=\"bde-section-60-139 bde-section\">\n  \n  \n\t\n\n\n\n<div class=\"section-container\"><div class=\"bde-columns-60-140 bde-columns\"><div class=\"bde-column-60-141 bde-column\">\n  \n  \n\t\n\n\n\n<h2 class=\"bde-heading-60-142 bde-heading translation-block\">We\u2019re helping these great companies to achieve their better<\/h2>\n<\/div><\/div><div class=\"bde-advancedslider-60-146 bde-advancedslider\">\n<div class=\"breakdance-swiper-wrapper\" data-swiper-id=\"146\">\n  <div class=\"swiper\">\n    <div class=\"swiper-wrapper\">\n      <div class=\"bde-advancedslide-60-147 bde-advancedslide swiper-slide\"><div class=\"advanced-slider__slide\">\r\n  <div class=\"bde-columns-60-290 bde-columns\"><div class=\"bde-column-60-291 bde-column\">\n  \n  \n\t\n\n\n\n<img decoding=\"async\" class=\"bde-image2-60-295 bde-image2\" src=\"https:\/\/hyverr.com\/wp-content\/uploads\/2025\/05\/Olkraj.svg\" loading=\"lazy\">\n<\/div><div class=\"bde-column-60-296 bde-column\">\n  \n  \n\t\n\n\n\n<img decoding=\"async\" class=\"bde-image2-60-297 bde-image2\" src=\"https:\/\/hyverr.com\/wp-content\/uploads\/2025\/05\/ms-kraj-logo-bile.png\" loading=\"lazy\" srcset=\"https:\/\/hyverr.com\/wp-content\/uploads\/2025\/05\/ms-kraj-logo-bile.png 862w, https:\/\/hyverr.com\/wp-content\/uploads\/2025\/05\/ms-kraj-logo-bile-300x108.png 300w, https:\/\/hyverr.com\/wp-content\/uploads\/2025\/05\/ms-kraj-logo-bile-768x275.png 768w, https:\/\/hyverr.com\/wp-content\/uploads\/2025\/05\/ms-kraj-logo-bile-18x6.png 18w\" sizes=\"(max-width: 862px) 100vw, 862px\">\n<\/div><div class=\"bde-column-60-298 bde-column\">\n  \n  \n\t\n\n\n\n<img decoding=\"async\" class=\"bde-image2-60-299 bde-image2\" src=\"https:\/\/hyverr.com\/wp-content\/uploads\/2025\/05\/KK-1-1.png\" loading=\"lazy\" srcset=\"https:\/\/hyverr.com\/wp-content\/uploads\/2025\/05\/KK-1-1.png 790w, https:\/\/hyverr.com\/wp-content\/uploads\/2025\/05\/KK-1-1-300x124.png 300w, https:\/\/hyverr.com\/wp-content\/uploads\/2025\/05\/KK-1-1-768x317.png 768w, https:\/\/hyverr.com\/wp-content\/uploads\/2025\/05\/KK-1-1-18x7.png 18w\" sizes=\"(max-width: 790px) 100vw, 790px\">\n<\/div><div class=\"bde-column-60-300 bde-column\">\n  \n  \n\t\n\n\n\n<img decoding=\"async\" class=\"bde-image2-60-301 bde-image2\" src=\"https:\/\/hyverr.com\/wp-content\/uploads\/2025\/05\/Zlinsky-Kraj.svg\" loading=\"lazy\">\n<\/div><div class=\"bde-column-60-302 bde-column\">\n  \n  \n\t\n\n\n\n<img decoding=\"async\" class=\"bde-image2-60-303 bde-image2\" src=\"https:\/\/hyverr.com\/wp-content\/uploads\/2025\/05\/Kralovohradeckykraj.svg\" loading=\"lazy\">\n<\/div><\/div><div class=\"bde-columns-60-304 bde-columns\"><div class=\"bde-column-60-305 bde-column\">\n  \n  \n\t\n\n\n\n<img decoding=\"async\" class=\"bde-image2-60-306 bde-image2\" src=\"https:\/\/hyverr.com\/wp-content\/uploads\/2025\/05\/Zlin.svg\" loading=\"lazy\">\n<\/div><div class=\"bde-column-60-315 bde-column\">\n  \n  \n\t\n\n\n\n<img decoding=\"async\" class=\"bde-image2-60-316 bde-image2\" src=\"https:\/\/hyverr.com\/wp-content\/uploads\/2025\/05\/KIA.svg\" loading=\"lazy\">\n<\/div><div class=\"bde-column-60-307 bde-column\">\n  \n  \n\t\n\n\n\n<img decoding=\"async\" class=\"bde-image2-60-308 bde-image2\" src=\"https:\/\/hyverr.com\/wp-content\/uploads\/2025\/05\/Skoda.svg\" loading=\"lazy\">\n<\/div><div class=\"bde-column-60-309 bde-column\">\n  \n  \n\t\n\n\n\n<img decoding=\"async\" class=\"bde-image2-60-310 bde-image2\" src=\"https:\/\/hyverr.com\/wp-content\/uploads\/2025\/05\/Hyundai.svg\" loading=\"lazy\">\n<\/div><div class=\"bde-column-60-311 bde-column\">\n  \n  \n\t\n\n\n\n<img decoding=\"async\" class=\"bde-image2-60-312 bde-image2\" src=\"https:\/\/hyverr.com\/wp-content\/uploads\/2025\/05\/Liberty.svg\" loading=\"lazy\">\n<\/div><\/div>\r\n<\/div><\/div><div class=\"bde-advancedslide-60-317 bde-advancedslide swiper-slide\"><div class=\"advanced-slider__slide\">\r\n  <div class=\"bde-columns-60-318 bde-columns\"><div class=\"bde-column-60-319 bde-column\">\n  \n  \n\t\n\n\n\n<img decoding=\"async\" class=\"bde-image2-60-320 bde-image2\" src=\"https:\/\/hyverr.com\/wp-content\/uploads\/2025\/05\/McDonalds.svg\" loading=\"lazy\">\n<\/div><div class=\"bde-column-60-321 bde-column\">\n  \n  \n\t\n\n\n\n<img decoding=\"async\" class=\"bde-image2-60-322 bde-image2\" src=\"https:\/\/hyverr.com\/wp-content\/uploads\/2025\/05\/knorr-bremse.svg\" loading=\"lazy\">\n<\/div><div class=\"bde-column-60-323 bde-column\">\n  \n  \n\t\n\n\n\n<img decoding=\"async\" class=\"bde-image2-60-324 bde-image2\" src=\"https:\/\/hyverr.com\/wp-content\/uploads\/2025\/05\/Orange.svg\" loading=\"lazy\">\n<\/div><div class=\"bde-column-60-325 bde-column\">\n  \n  \n\t\n\n\n\n<img decoding=\"async\" class=\"bde-image2-60-326 bde-image2\" src=\"https:\/\/hyverr.com\/wp-content\/uploads\/2025\/05\/rus-logo.svg\" loading=\"lazy\">\n<\/div><div class=\"bde-column-60-327 bde-column\">\n  \n  \n\t\n\n\n\n<img decoding=\"async\" class=\"bde-image2-60-328 bde-image2\" src=\"https:\/\/hyverr.com\/wp-content\/uploads\/2025\/05\/RMP.svg\" loading=\"lazy\">\n<\/div><\/div><div class=\"bde-columns-60-329 bde-columns\"><div class=\"bde-column-60-330 bde-column\">\n  \n  \n\t\n\n\n\n<img decoding=\"async\" class=\"bde-image2-60-331 bde-image2\" src=\"https:\/\/hyverr.com\/wp-content\/uploads\/2025\/05\/MannHummel.svg\" loading=\"lazy\">\n<\/div><div class=\"bde-column-60-332 bde-column\">\n  \n  \n\t\n\n\n\n<img decoding=\"async\" class=\"bde-image2-60-333 bde-image2\" src=\"https:\/\/hyverr.com\/wp-content\/uploads\/2025\/05\/Whirlpool.svg\" loading=\"lazy\">\n<\/div><div class=\"bde-column-60-334 bde-column\">\n  \n  \n\t\n\n\n\n<img decoding=\"async\" class=\"bde-image2-60-335 bde-image2\" src=\"https:\/\/hyverr.com\/wp-content\/uploads\/2025\/05\/SONY-1.svg\" loading=\"lazy\">\n<\/div><div class=\"bde-column-60-336 bde-column\">\n  \n  \n\t\n\n\n\n<img decoding=\"async\" class=\"bde-image2-60-337 bde-image2\" src=\"https:\/\/hyverr.com\/wp-content\/uploads\/2025\/05\/Postbank.svg\" loading=\"lazy\">\n<\/div><div class=\"bde-column-60-338 bde-column\">\n  \n  \n\t\n\n\n\n<img decoding=\"async\" class=\"bde-image2-60-339 bde-image2\" src=\"https:\/\/hyverr.com\/wp-content\/uploads\/2025\/05\/SiemensEnergy.svg\" loading=\"lazy\">\n<\/div><\/div>\r\n<\/div><\/div><div class=\"bde-advancedslide-60-340 bde-advancedslide swiper-slide\"><div class=\"advanced-slider__slide\">\r\n  <div class=\"bde-columns-60-341 bde-columns\"><div class=\"bde-column-60-342 bde-column\">\n  \n  \n\t\n\n\n\n<img decoding=\"async\" class=\"bde-image2-60-343 bde-image2\" src=\"https:\/\/hyverr.com\/wp-content\/uploads\/2025\/05\/DHL.svg\" loading=\"lazy\">\n<\/div><div class=\"bde-column-60-344 bde-column\">\n  \n  \n\t\n\n\n\n<img decoding=\"async\" class=\"bde-image2-60-345 bde-image2\" src=\"https:\/\/hyverr.com\/wp-content\/uploads\/2025\/05\/Dentons.svg\" loading=\"lazy\">\n<\/div><div class=\"bde-column-60-346 bde-column\">\n  \n  \n\t\n\n\n\n<img decoding=\"async\" class=\"bde-image2-60-347 bde-image2\" src=\"https:\/\/hyverr.com\/wp-content\/uploads\/2025\/05\/CEZ.svg\" loading=\"lazy\">\n<\/div><div class=\"bde-column-60-348 bde-column\">\n  \n  \n\t\n\n\n\n<img decoding=\"async\" class=\"bde-image2-60-349 bde-image2\" src=\"https:\/\/hyverr.com\/wp-content\/uploads\/2025\/05\/DB.svg\" loading=\"lazy\">\n<\/div><div class=\"bde-column-60-350 bde-column\">\n  \n  \n\t\n\n\n\n<img decoding=\"async\" class=\"bde-image2-60-351 bde-image2\" src=\"https:\/\/hyverr.com\/wp-content\/uploads\/2025\/05\/Fujitsu.svg\" loading=\"lazy\">\n<\/div><\/div><div class=\"bde-columns-60-352 bde-columns\"><div class=\"bde-column-60-353 bde-column\">\n  \n  \n\t\n\n\n\n<img decoding=\"async\" class=\"bde-image2-60-354 bde-image2\" src=\"https:\/\/hyverr.com\/wp-content\/uploads\/2025\/05\/AGC-2.svg\" loading=\"lazy\">\n<\/div><div class=\"bde-column-60-355 bde-column\">\n  \n  \n\t\n\n\n\n<img decoding=\"async\" class=\"bde-image2-60-356 bde-image2\" src=\"https:\/\/hyverr.com\/wp-content\/uploads\/2025\/05\/ChicagoUNI.svg\" loading=\"lazy\">\n<\/div><div class=\"bde-column-60-357 bde-column\">\n  \n  \n\t\n\n\n\n<img decoding=\"async\" class=\"bde-image2-60-358 bde-image2\" src=\"https:\/\/hyverr.com\/wp-content\/uploads\/2025\/05\/AGMPartners.svg\" loading=\"lazy\">\n<\/div><div class=\"bde-column-60-359 bde-column\">\n  \n  \n\t\n\n\n\n<img decoding=\"async\" class=\"bde-image2-60-360 bde-image2\" src=\"https:\/\/hyverr.com\/wp-content\/uploads\/2025\/05\/Fresenius.svg\" loading=\"lazy\">\n<\/div><div class=\"bde-column-60-361 bde-column\">\n  \n  \n\t\n\n\n\n<img decoding=\"async\" class=\"bde-image2-60-362 bde-image2\" src=\"https:\/\/hyverr.com\/wp-content\/uploads\/2025\/05\/GSK.svg\" loading=\"lazy\">\n<\/div><\/div>\r\n<\/div><\/div>\n    <\/div>\n  <\/div>\n\n              <div class=\"swiper-button-prev\">\n            \n        <\/div>\n        <div class=\"swiper-button-next\">\n            \n        <\/div>\n    \n            <div class=\"swiper-pagination\"><\/div>\n    \n<\/div>\n\n<\/div><\/div>\n<\/section><section class=\"bde-section-60-194 bde-section\">\n  \n  \n\t\n\n\n\n<div class=\"section-container\"><\/div>\n<\/section>","protected":false},"excerpt":{"rendered":"<p>Budoucnost\u00ed pr\u00e1ce jedigit\u00e1ln\u00ed pracovi\u0161t\u011b Akcelerujte svou digit\u00e1ln\u00ed transformaci za pomoc\u00ed na\u0161ich expertn\u00edch znalost\u00ed Poskytujeme slu\u017eby nad kl\u00ed\u010dov\u00fdmi automatiza\u010dn\u00edmi a integra\u010dn\u00edmi n\u00e1stroji, pokr\u00fdv\u00e1me v\u0161echny f\u00e1ze realizace a n\u00e1slednou podporu provozu Na\u0161e \u0159e\u0161en\u00ed Vyu\u017e\u00edv\u00e1me nejmodern\u011bj\u0161\u00ed technologie a metody pro rychlou inovaci firem. Up\u0159ednost\u0148ujeme neinvazivn\u00ed p\u0159\u00edstup, eliminujeme rizika a urychlujeme integraci st\u00e1vaj\u00edc\u00edch a nov\u00fdch \u0159e\u0161en\u00ed. Automatiza\u010dn\u00ed \u0159e\u0161en\u00ed Kombinuje [&hellip;]<\/p>\n","protected":false},"author":1,"featured_media":0,"parent":0,"menu_order":0,"comment_status":"closed","ping_status":"closed","template":"","meta":{"_acf_changed":false,"_breakdance_hide_in_design_set":false,"_breakdance_tags":"","footnotes":""},"class_list":["post-60","page","type-page","status-publish","hentry"],"acf":[],"_links":{"self":[{"href":"https:\/\/hyverr.com\/en\/wp-json\/wp\/v2\/pages\/60","targetHints":{"allow":["GET"]}}],"collection":[{"href":"https:\/\/hyverr.com\/en\/wp-json\/wp\/v2\/pages"}],"about":[{"href":"https:\/\/hyverr.com\/en\/wp-json\/wp\/v2\/types\/page"}],"author":[{"embeddable":true,"href":"https:\/\/hyverr.com\/en\/wp-json\/wp\/v2\/users\/1"}],"replies":[{"embeddable":true,"href":"https:\/\/hyverr.com\/en\/wp-json\/wp\/v2\/comments?post=60"}],"version-history":[{"count":39,"href":"https:\/\/hyverr.com\/en\/wp-json\/wp\/v2\/pages\/60\/revisions"}],"predecessor-version":[{"id":2046,"href":"https:\/\/hyverr.com\/en\/wp-json\/wp\/v2\/pages\/60\/revisions\/2046"}],"wp:attachment":[{"href":"https:\/\/hyverr.com\/en\/wp-json\/wp\/v2\/media?parent=60"}],"curies":[{"name":"wp","href":"https:\/\/api.w.org\/{rel}","templated":true}]}}