{"id":596,"date":"2025-02-14T13:23:07","date_gmt":"2025-02-14T13:23:07","guid":{"rendered":"https:\/\/hyverr.com\/?page_id=596"},"modified":"2025-05-10T13:49:19","modified_gmt":"2025-05-10T11:49:19","slug":"iso27001-consulting","status":"publish","type":"page","link":"https:\/\/hyverr.com\/en\/iso27001-consulting\/","title":{"rendered":"Slu\u017eba konzultace ISO 27001"},"content":{"rendered":"<section class=\"bde-section-596-100 bde-section\">\n  \n  \n\t\n\n\n\n<div class=\"section-container\"><\/div>\n<\/section><section class=\"bde-section-596-101 bde-section\">\n  \n  \n\t\n\n\n\n<div class=\"section-container\"><div class=\"bde-columns-596-102 bde-columns\"><div class=\"bde-column-596-103 bde-column\" data-entrance=\"slideLeft\">\n  \n  \n\t\n\n\n\n<h1 class=\"bde-heading-596-104 bde-heading\">\nConsulting Service <span style=\"color:#E87917;\">ISO 27001\n<\/h1>\n<\/div><\/div><div class=\"bde-columns-596-105 bde-columns\"><div class=\"bde-column-596-106 bde-column\">\n  \n  \n\t\n\n\n\n<div class=\"bde-fancy-divider-596-107 bde-fancy-divider\">\n\n\n<div class=\"bde-fancy-divider__wrapper\">\n  <div class=\"bde-fancy-divider__separator\">\n  \t  <\/div>\n<\/div>\n\n<\/div>\n<\/div><div class=\"bde-column-596-108 bde-column\">\n  \n  \n\t\n\n\n\n<div class=\"bde-div-596-109 bde-div\">\n  \n  \n\t\n\n\n\n<div class=\"bde-text-596-110 bde-text\">\nWe offer expert consulting services aimed at achieving and maintaining ISO\/IEC 27001 certification. Our specialists will help you review, create, and set up documentation, policies, and processes to meet the requirements of this international standard.\n<\/div><h1 class=\"bde-heading-596-116 bde-heading\">\nOur core services include:\n<\/h1><ul class=\"bde-basic-list-596-121 bde-basic-list\">\n  <li  >    \n          <span style=\"font-weight:600;\"><span style=\"color:#E87917;\">Current State Analysis:<br><\/span><\/span> Reviewing existing documentation, policies, and processes.<br>Identifying gaps and areas for improvement.\n      <\/li>\n  <li  >    \n          <span style=\"font-weight:600;\"><span style=\"color:#E87917;\">Design and Implementation of ISMS: <\/span><\/span><br>Designing and implementing an information security management system (ISMS).<br>Developing security policies and control mechanisms.\n      <\/li>\n  <li  >    \n          <span style=\"font-weight:600;\"><span style=\"color:#E87917;\">\u200b\u200b\u200bRisk Management:<\/span><\/span><br>Identifying and assessing risks.<br>Designing and implementing risk mitigation measures.\n      <\/li>\n  <li  >    \n          <span style=\"font-weight:600;\"><span style=\"color:#E87917;\">Documentation Creation:<\/span><\/span><br>Developing necessary documentation according to ISO 27001 requirements.<br>Ensuring clear and comprehensible documentation of procedures and policies.\n      <\/li>\n  <li  >    \n          <span style=\"font-weight:600;\"><span style=\"color:#E87917;\">Security Organization:\u200b<\/span><\/span><br>Establishing a structure of responsibilities for managing information security.\n      <\/li>\n  <li  >    \n          <span style=\"font-weight:600;\"><span style=\"color:#E87917;\">Human Resource Management:<\/span><\/span><br>Training employees and ensuring their awareness of security principles.\n      <\/li>\n  <li  >    \n          <span style=\"font-weight:600;\"><span style=\"color:#E87917;\">Physical and Environmental Security: <\/span><\/span><br> Protecting physical assets from unauthorized access and threats.\n      <\/li>\n  <li  >    \n          <span style=\"font-weight:600;\"><span style=\"color:#E87917;\">Access Management:<\/span><\/span> <br>Managing access rights to information and systems.\n      <\/li>\n  <li  >    \n          <span style=\"font-weight:600;\"><span style=\"color:#E87917;\">Incident Management:<\/span><\/span><br>Establishing processes for effectively managing and resolving security incidents.\n      <\/li>\n  <li  >    \n          <span style=\"font-weight:600;\"><span style=\"color:#E87917;\">Business Continuity Management:<\/span><br><\/span> Developing plans for disaster recovery and ensuring business continuity.\n      <\/li>\n  <li  >    \n          <span style=\"font-weight:600;\"><span style=\"color:#E87917;\">Compliance with Legal Requirements:<\/span><br><\/span> Ensuring adherence to legal, regulatory, and contractual requirements.\n      <\/li>\n<\/ul><h1 class=\"bde-heading-596-120 bde-heading\">\nBenefits of Our ISO 27001 Consulting:\n<\/h1><ul class=\"bde-basic-list-596-117 bde-basic-list\">\n  <li class=\"translation-block\"  >Compliance with the Standard: \u200bWe help you achieve and maintain ISO 27001 certification, enhancing your organization's credibility.<\/li>\n  <li class=\"translation-block\"  >Information Protection: \u200bImplementing an effective ISMS to safeguard sensitive information from threats.<\/li>\n  <li class=\"translation-block\"  >Training and Support: Ensuring your team is prepared to maintain a high level of information security.<\/li>\n  <li  >    \n          <span style=\"font-weight:600;\"><span style=\"color:#E87917;\">\u0160kolen\u00ed a podpora:<\/span><\/span> V\u00e1\u0161 t\u00fdm bude schopen udr\u017eovat vysokou \u00farove\u0148 informa\u010dn\u00ed bezpe\u010dnosti.\n      <\/li>\n<\/ul><div class=\"bde-div-596-122 bde-div\">\n  \n  \n\t\n\n\n\n<div class=\"bde-button-596-123 bde-button\">\n        \n    \n    \n    \n    \n            \n                    \n            \n            \n\n    \n    \n    \n    \n    \n    <a class=\"breakdance-link button-atom button-atom--custom bde-button__button\" href=\"https:\/\/hyverr.com\/en\/it\/\" target=\"_self\" data-type=\"url\"  >\n\n    \n        <span class=\"button-atom__text\">Back<\/span>\n\n                            \n        \n                <\/a>\n\n    \n\n\n<\/div>\n<\/div>\n<\/div>\n<\/div><\/div><\/div>\n<\/section>","protected":false},"excerpt":{"rendered":"<p>Slu\u017eba konzultace ISO 27001 Nab\u00edz\u00edme odborn\u00e9 konzulta\u010dn\u00ed slu\u017eby, kter\u00e9 v\u00e1m pomohou dos\u00e1hnout a udr\u017eovat certifikaci ISO\/IEC 27001. Na\u0161i specialist\u00e9 v\u00e1m pomohou revidovat st\u00e1vaj\u00edc\u00ed stav va\u0161\u00ed dokumentace, politik a proces\u016f, nebo je vytvo\u0159\u00ed a nastav\u00ed tak, aby spl\u0148ovaly po\u017eadavky mezin\u00e1rodn\u00edho standardu ISO 27001. Na\u0161e kl\u00ed\u010dov\u00e9 slu\u017eby zahrnuj\u00ed: Anal\u00fdza aktu\u00e1ln\u00edho stavu: \u200bProv\u011b\u0159en\u00ed st\u00e1vaj\u00edc\u00ed dokumentace, politik a proces\u016f.Identifikace [&hellip;]<\/p>\n","protected":false},"author":1,"featured_media":0,"parent":0,"menu_order":0,"comment_status":"closed","ping_status":"closed","template":"","meta":{"_acf_changed":false,"_breakdance_hide_in_design_set":false,"_breakdance_tags":"","footnotes":""},"class_list":["post-596","page","type-page","status-publish","hentry"],"acf":[],"_links":{"self":[{"href":"https:\/\/hyverr.com\/en\/wp-json\/wp\/v2\/pages\/596","targetHints":{"allow":["GET"]}}],"collection":[{"href":"https:\/\/hyverr.com\/en\/wp-json\/wp\/v2\/pages"}],"about":[{"href":"https:\/\/hyverr.com\/en\/wp-json\/wp\/v2\/types\/page"}],"author":[{"embeddable":true,"href":"https:\/\/hyverr.com\/en\/wp-json\/wp\/v2\/users\/1"}],"replies":[{"embeddable":true,"href":"https:\/\/hyverr.com\/en\/wp-json\/wp\/v2\/comments?post=596"}],"version-history":[{"count":15,"href":"https:\/\/hyverr.com\/en\/wp-json\/wp\/v2\/pages\/596\/revisions"}],"predecessor-version":[{"id":1373,"href":"https:\/\/hyverr.com\/en\/wp-json\/wp\/v2\/pages\/596\/revisions\/1373"}],"wp:attachment":[{"href":"https:\/\/hyverr.com\/en\/wp-json\/wp\/v2\/media?parent=596"}],"curies":[{"name":"wp","href":"https:\/\/api.w.org\/{rel}","templated":true}]}}