{"id":591,"date":"2025-02-14T12:55:22","date_gmt":"2025-02-14T12:55:22","guid":{"rendered":"https:\/\/hyverr.com\/?page_id=591"},"modified":"2026-04-29T12:57:24","modified_gmt":"2026-04-29T10:57:24","slug":"cyber-security","status":"publish","type":"page","link":"https:\/\/hyverr.com\/en\/cyber-security\/","title":{"rendered":"Cyber Security"},"content":{"rendered":"<section class=\"bde-section-591-127 bde-section\">\n  \n  \n\t\n\n\n\n<div class=\"section-container\"><div class=\"bde-div-591-128 bde-div\">\n  \n  \n\t\n\n\n\n<h1 class=\"bde-dual-heading-591-146 bde-dual-heading\">\n\n\n            <span data-style=\"primary\" class=\"dual-heading--primary\">Cyber<\/span>\n\n\n\n<\/h1><h1 class=\"bde-dual-heading-591-147 bde-dual-heading\">\n\n\n            <span data-style=\"secondary\" class=\"dual-heading--secondary  js-annotate\"> Security<\/span>\n\n\n\n<\/h1>\n<\/div><div class=\"bde-columns-591-130 bde-columns\"><div class=\"bde-column-591-131 bde-column\">\n  \n  \n\t\n\n\n\n<div class=\"bde-div-591-132 bde-div\">\n  \n  \n\t\n\n\n\n<div class=\"bde-text-591-133 bde-text\">\nWe provide comprehensive cybersecurity services that protect your IT infrastructure from threats and ensure compliance with security standards. Our experts help identify and mitigate risks, monitor security incidents, and ensure the continuity and security of your systems.\n<\/div><h1 class=\"bde-heading-591-134 bde-heading\">\nOur core services include:\n<\/h1><ul class=\"bde-basic-list-591-135 bde-basic-list\">\n  <li class=\"translation-block\"  >Comprehensive Endpoint and Server Security: Implementing advanced security measures to protect all devices in your network.<\/li>\n  <li class=\"translation-block\"  >Securing Critical Systems through Hardening: Strengthening the security of key infrastructure systems against attacks.<\/li>\n  <li class=\"translation-block\"  >Preventive Phishing Campaigns and User Education: Conducting mock phishing campaigns and training users to recognize phishing attacks.<\/li>\n  <li class=\"translation-block\"  >Vulnerability Assessment and Risk Analysis: Identifying potential threats and vulnerabilities in your IT infrastructure to ensure its protection.<\/li>\n  <li class=\"translation-block\"  >Security Incident Monitoring and Response: Providing real-time monitoring and rapid response to security threats to minimize their impact.<\/li>\n<\/ul><h1 class=\"bde-heading-591-136 bde-heading\">\nIT Security and Compliance:\n<\/h1><ul class=\"bde-basic-list-591-137 bde-basic-list\">\n  <li class=\"translation-block\"  >Ensuring Regulatory Compliance and Implementing Standards: Ensuring adherence to legal security regulations and standards and conducting audits.<\/li>\n  <li class=\"translation-block\"  >Security Policy Evaluation and Management: Continuously evaluating and updating security policies to protect against emerging threats.<\/li>\n  <li class=\"translation-block\"  >Certified CISO Services: Offering strategic management and oversight of information security through certified Chief Information Security Officer (CISO) services.<\/li>\n<\/ul><h1 class=\"bde-heading-591-138 bde-heading\">\nBenefits of Our CyberSecurity Services:\n<\/h1><ul class=\"bde-basic-list-591-139 bde-basic-list\">\n  <li class=\"translation-block\"  >IT Infrastructure Protection: Comprehensive security for all devices and systems.<\/li>\n  <li class=\"translation-block\"  >Proactive Approach: Regular vulnerability assessments and risk analysis.<\/li>\n  <li class=\"translation-block\"  >Rapid Incident Response: Real-time monitoring and immediate response to security threats.<\/li>\n  <li class=\"translation-block\"  >User Education: Training employees for better awareness of security threats.<\/li>\n<\/ul><div class=\"bde-text-591-140 bde-text\">\nOur cybersecurity specialists are ready to ensure that your IT infrastructure is protected from current and future threats. Contact us to learn how we can enhance the security of your organization.\n<\/div>\n<\/div>\n<\/div><\/div><div class=\"bde-div-591-144 bde-div\">\n  \n  \n\t\n\n\n\n<div class=\"bde-button-591-145 bde-button\">\n        \n    \n    \n    \n    \n            \n                    \n            \n            \n\n    \n    \n    \n    \n    \n    <a class=\"breakdance-link button-atom button-atom--custom bde-button__button\" href=\"https:\/\/hyverr.com\/en\/it\/\" target=\"_self\" data-type=\"url\"  >\n\n    \n        <span class=\"button-atom__text\">Back<\/span>\n\n                            \n        \n                <\/a>\n\n    \n\n\n<\/div>\n<\/div><\/div>\n<\/section>","protected":false},"excerpt":{"rendered":"<p>Cyber Security Poskytujeme komplexn\u00ed kybernetick\u00e9 zabezpe\u010den\u00ed, kter\u00e9 chr\u00e1n\u00ed va\u0161i IT infrastrukturu p\u0159ed hrozbami a zaji\u0161\u0165uje dodr\u017eov\u00e1n\u00ed bezpe\u010dnostn\u00edch standard\u016f. Na\u0161i odborn\u00edci v\u00e1m pomohou identifikovat a mitigovat rizika, monitorovat bezpe\u010dnostn\u00ed incidenty a zajistit kontinuitu a bezpe\u010dnost va\u0161ich syst\u00e9m\u016f. Na\u0161e kl\u00ed\u010dov\u00e9 slu\u017eby zahrnuj\u00ed: Komplexn\u00ed zabezpe\u010den\u00ed koncov\u00fdch stanic a server\u016f: Implementujeme pokro\u010dil\u00e1 bezpe\u010dnostn\u00ed opat\u0159en\u00ed pro ochranu v\u0161ech za\u0159\u00edzen\u00ed ve [&hellip;]<\/p>\n","protected":false},"author":1,"featured_media":0,"parent":0,"menu_order":0,"comment_status":"closed","ping_status":"closed","template":"","meta":{"_acf_changed":false,"_breakdance_hide_in_design_set":false,"_breakdance_tags":"","footnotes":""},"class_list":["post-591","page","type-page","status-publish","hentry"],"acf":[],"_links":{"self":[{"href":"https:\/\/hyverr.com\/en\/wp-json\/wp\/v2\/pages\/591","targetHints":{"allow":["GET"]}}],"collection":[{"href":"https:\/\/hyverr.com\/en\/wp-json\/wp\/v2\/pages"}],"about":[{"href":"https:\/\/hyverr.com\/en\/wp-json\/wp\/v2\/types\/page"}],"author":[{"embeddable":true,"href":"https:\/\/hyverr.com\/en\/wp-json\/wp\/v2\/users\/1"}],"replies":[{"embeddable":true,"href":"https:\/\/hyverr.com\/en\/wp-json\/wp\/v2\/comments?post=591"}],"version-history":[{"count":16,"href":"https:\/\/hyverr.com\/en\/wp-json\/wp\/v2\/pages\/591\/revisions"}],"predecessor-version":[{"id":3314,"href":"https:\/\/hyverr.com\/en\/wp-json\/wp\/v2\/pages\/591\/revisions\/3314"}],"wp:attachment":[{"href":"https:\/\/hyverr.com\/en\/wp-json\/wp\/v2\/media?parent=591"}],"curies":[{"name":"wp","href":"https:\/\/api.w.org\/{rel}","templated":true}]}}