{"id":577,"date":"2025-02-14T12:36:04","date_gmt":"2025-02-14T12:36:04","guid":{"rendered":"https:\/\/hyverr.com\/?page_id=577"},"modified":"2025-05-09T13:14:49","modified_gmt":"2025-05-09T11:14:49","slug":"it-consulting","status":"publish","type":"page","link":"https:\/\/hyverr.com\/en\/it-consulting\/","title":{"rendered":"IT Consulting"},"content":{"rendered":"<section class=\"bde-section-577-100 bde-section\">\n  \n  \n\t\n\n\n\n<div class=\"section-container\"><\/div>\n<\/section><section class=\"bde-section-577-101 bde-section\">\n  \n  \n\t\n\n\n\n<div class=\"section-container\"><div class=\"bde-columns-577-102 bde-columns\"><div class=\"bde-column-577-103 bde-column\" data-entrance=\"slideLeft\">\n  \n  \n\t\n\n\n\n<h1 class=\"bde-heading-577-104 bde-heading translation-block\">IT Consulting<\/h1>\n<\/div><\/div><div class=\"bde-columns-577-105 bde-columns\"><div class=\"bde-column-577-106 bde-column\">\n  \n  \n\t\n\n\n\n<div class=\"bde-fancy-divider-577-107 bde-fancy-divider\">\n\n\n<div class=\"bde-fancy-divider__wrapper\">\n  <div class=\"bde-fancy-divider__separator\">\n  \t  <\/div>\n<\/div>\n\n<\/div>\n<\/div><div class=\"bde-column-577-108 bde-column\">\n  \n  \n\t\n\n\n\n<div class=\"bde-div-577-109 bde-div\">\n  \n  \n\t\n\n\n\n<div class=\"bde-text-577-110 bde-text\">\nWe offer comprehensive IT consulting services designed to enhance your IT efficiency, support business goals, keep you ahead of industry trends, and optimize costs. Our experts craft and implement tailored solutions to ensure the reliability,security, and cost-effectiveness of your IT environment.\n<\/div><h1 class=\"bde-heading-577-120 bde-heading\">\nOur core services include:\n<\/h1><ul class=\"bde-basic-list-577-121 bde-basic-list\">\n  <li class=\"translation-block\"  >IT Service Analysis: We provide a detailed assessment of the current state of IT services within your organization.<\/li>\n  <li class=\"translation-block\"  >Service Definition and SLA: We identify all internal and external services and establish appropriate Service Level Agreement (SLA) parameters.<\/li>\n  <li class=\"translation-block\"  >Contract Review: We evaluate the scope, quality, and pricing of services from your suppliers.<\/li>\n  <li class=\"translation-block\"  >Business Application Support: We analyze and support business applications and information systems (ERP, CRM, SharePoint, HR systems, and more).<\/li>\n  <li class=\"translation-block\"  >IT Infrastructure Analysis: We identify issues and propose solutions.<\/li>\n  <li class=\"translation-block\"  >Infrastructure Design: We design new infrastructure, including cloud solutions, and analyze the need for custom infrastructure or cloud utilization.<\/li>\n  <li class=\"translation-block\"  >Implementation of New Technologies: We introduce and integrate modern technologies into your IT environment.<\/li>\n  <li class=\"translation-block\"  >Introduce Activity Reporting: We transparently track and report IT activities within the company.<\/li>\n  <li class=\"translation-block\"  >Server Room Design and Preparation: e optimize and secure the server environment.<\/li>\n  <li class=\"translation-block\"  >Selection of the Information System: We carefully analyze your needs and select the most suitable solution for your company.<\/li>\n  <li class=\"translation-block\"  >IT Strategy: We develop strategies for information and communication technologies.<\/li>\n  <li class=\"translation-block\"  >Implementation of IT Policies and Regulations: We ensure compliance with legal requirements (e.g., GDPR).<\/li>\n  <li class=\"translation-block\"  >Process Documentation: We create detailed records and procedures for your IT infrastructure.<\/li>\n<\/ul><div class=\"bde-text-577-127 bde-text\">\nur specialists are ready to assist you in optimizing and improving your IT environment to support your company's growth.\n<\/div><div class=\"bde-div-577-128 bde-div\">\n  \n  \n\t\n\n\n\n<div class=\"bde-button-577-129 bde-button\">\n        \n    \n    \n    \n    \n            \n                    \n            \n            \n\n    \n    \n    \n    \n    \n    <a class=\"breakdance-link button-atom button-atom--custom bde-button__button\" href=\"https:\/\/hyverr.com\/en\/it\/\" target=\"_self\" data-type=\"url\"  >\n\n    \n        <span class=\"button-atom__text\">Back<\/span>\n\n                            \n        \n                <\/a>\n\n    \n\n\n<\/div>\n<\/div>\n<\/div>\n<\/div><\/div><\/div>\n<\/section>","protected":false},"excerpt":{"rendered":"<p>IT Consulting Poskytujeme komplexn\u00ed slu\u017eby IT poradenstv\u00ed zam\u011b\u0159en\u00e9 na zlep\u0161en\u00ed efektivity va\u0161eho IT, podporu obchodn\u00edch c\u00edl\u016f, dodr\u017eov\u00e1n\u00ed oborov\u00fdch trend\u016f a optimalizaci n\u00e1klad\u016f. Na\u0161i odborn\u00edci navrhnou a implementuj\u00ed \u0159e\u0161en\u00ed \u0161it\u00e1 na m\u00edru, kter\u00e1 zajist\u00ed spolehlivost, bezpe\u010dnost a n\u00e1kladovou efektivitu va\u0161eho IT prost\u0159ed\u00ed. Na\u0161e kl\u00ed\u010dov\u00e9 slu\u017eby zahrnuj\u00ed: Anal\u00fdza IT slu\u017eeb: Prov\u00e1d\u00edme detailn\u00ed anal\u00fdzu aktu\u00e1ln\u00edho stavu IT slu\u017eeb [&hellip;]<\/p>\n","protected":false},"author":1,"featured_media":0,"parent":0,"menu_order":0,"comment_status":"closed","ping_status":"closed","template":"","meta":{"_acf_changed":false,"_breakdance_hide_in_design_set":false,"_breakdance_tags":"","footnotes":""},"class_list":["post-577","page","type-page","status-publish","hentry"],"acf":[],"_links":{"self":[{"href":"https:\/\/hyverr.com\/en\/wp-json\/wp\/v2\/pages\/577","targetHints":{"allow":["GET"]}}],"collection":[{"href":"https:\/\/hyverr.com\/en\/wp-json\/wp\/v2\/pages"}],"about":[{"href":"https:\/\/hyverr.com\/en\/wp-json\/wp\/v2\/types\/page"}],"author":[{"embeddable":true,"href":"https:\/\/hyverr.com\/en\/wp-json\/wp\/v2\/users\/1"}],"replies":[{"embeddable":true,"href":"https:\/\/hyverr.com\/en\/wp-json\/wp\/v2\/comments?post=577"}],"version-history":[{"count":24,"href":"https:\/\/hyverr.com\/en\/wp-json\/wp\/v2\/pages\/577\/revisions"}],"predecessor-version":[{"id":1371,"href":"https:\/\/hyverr.com\/en\/wp-json\/wp\/v2\/pages\/577\/revisions\/1371"}],"wp:attachment":[{"href":"https:\/\/hyverr.com\/en\/wp-json\/wp\/v2\/media?parent=577"}],"curies":[{"name":"wp","href":"https:\/\/api.w.org\/{rel}","templated":true}]}}