{"id":572,"date":"2025-02-14T12:29:46","date_gmt":"2025-02-14T12:29:46","guid":{"rendered":"https:\/\/hyverr.com\/?page_id=572"},"modified":"2025-05-10T13:44:47","modified_gmt":"2025-05-10T11:44:47","slug":"application-support","status":"publish","type":"page","link":"https:\/\/hyverr.com\/en\/application-support\/","title":{"rendered":"Aplika\u010dn\u00ed podpora"},"content":{"rendered":"<section class=\"bde-section-572-100 bde-section\">\n  \n  \n\t\n\n\n\n<div class=\"section-container\"><\/div>\n<\/section><section class=\"bde-section-572-101 bde-section\">\n  \n  \n\t\n\n\n\n<div class=\"section-container\"><div class=\"bde-columns-572-102 bde-columns\"><div class=\"bde-column-572-103 bde-column\" data-entrance=\"slideLeft\">\n  \n  \n\t\n\n\n\n<h1 class=\"bde-heading-572-104 bde-heading translation-block\">Aplika\u010dn\u00ed<br><span style=\"color:#E87917;\">podpora\r\n<\/span><\/h1>\n<\/div><\/div><div class=\"bde-columns-572-105 bde-columns\"><div class=\"bde-column-572-106 bde-column\">\n  \n  \n\t\n\n\n\n<div class=\"bde-fancy-divider-572-107 bde-fancy-divider\">\n\n\n<div class=\"bde-fancy-divider__wrapper\">\n  <div class=\"bde-fancy-divider__separator\">\n  \t  <\/div>\n<\/div>\n\n<\/div>\n<\/div><div class=\"bde-column-572-108 bde-column\">\n  \n  \n\t\n\n\n\n<div class=\"bde-div-572-109 bde-div\">\n  \n  \n\t\n\n\n\n<div class=\"bde-text-572-125 bde-text\">\nOur dedicated application support service is designed to ensure seamless operation and support for specific applications or platforms, whether they are hosted in the cloud or on-premise. Our team ensures that the hardware, operating systems and servers on which applications run are always running optimally. We offer comprehensive user support to resolve software and hardware issues and provide application support and advice on application functionality.\n<\/div><h1 class=\"bde-heading-572-120 bde-heading\">\nOur core services include:\n<\/h1><ul class=\"bde-basic-list-572-121 bde-basic-list\">\n  <li  >    \n          <span style=\"font-weight:600;\"><span style=\"color:#E87917;\">Manage the hardware\/cloud on which the application runs:<\/span><\/span> We'll take care of the infrastructure your applications run on and ensure that all systems are always up-to-date and functional. This includes regular updates and maintenance to avoid potential problems.\n      <\/li>\n  <li  >    \n          <span style=\"font-weight:600;\"><span style=\"color:#E87917;\">Troubleshooting the application within the SLA:<\/span><\/span> We provide timely and effective solutions to any application-related issues, while adhering to agreed Service Level Agreements (SLAs). Our goal is to minimize downtime and ensure that your application is always available and performing at its best.\n      <\/li>\n  <li  >    \n          <span style=\"font-weight:600;\"><span style=\"color:#E87917;\">Network and communication security:<\/span><\/span> We implement robust security measures to protect the network and ensure secure communication between all components. This ensures that the environment where your application runs is always protected from potential security threats.\n      <\/li>\n  <li  >    \n          <span style=\"font-weight:600;\"><span style=\"color:#E87917;\">User support and advice:<\/span><\/span> Our support doesn't just stop at solving problems. We offer application support to help users with any problems they may encounter, and we provide consulting services to help you take advantage of the full functionality of your application. This includes best practice recommendations and advice on how to make the most of your software's capabilities.\n      <\/li>\n<\/ul><h1 class=\"bde-heading-572-123 bde-heading\">\nBenefits of our application support\n<\/h1><ul class=\"bde-basic-list-572-124 bde-basic-list\">\n  <li  >    \n          <span style=\"font-weight:600;\"><span style=\"color:#E87917;\">Reliability:<\/span><\/span> We ensure that your application always runs smoothly with minimal downtime.\n      <\/li>\n  <li  >    \n          <span style=\"font-weight:600;\"><span style=\"color:#E87917;\">Security:<\/span><\/span> We'll protect your application environment with industry-leading security practices.\n      <\/li>\n  <li  >    \n          <span style=\"font-weight:600;\"><span style=\"color:#E87917;\">Professional support:<\/span><\/span> Access to expert support and advice for all your application needs.\n      <\/li>\n  <li  >    \n          <span style=\"font-weight:600;\"><span style=\"color:#E87917;\">Efficiency:<\/span><\/span> We keep your systems up-to-date and efficient, reducing the risk of unexpected problems.\n      <\/li>\n<\/ul><div class=\"bde-text-572-110 bde-text\">\nOur dedicated team is ready to support the lifecycle of your application from deployment to maintenance to keep it running efficiently and securely. Contact us to find out how our application support services can benefit you\n<\/div><div class=\"bde-div-572-127 bde-div\">\n  \n  \n\t\n\n\n\n<div class=\"bde-button-572-128 bde-button\">\n        \n    \n    \n    \n    \n            \n                    \n            \n            \n\n    \n    \n    \n    \n    \n    <a class=\"breakdance-link button-atom button-atom--custom bde-button__button\" href=\"https:\/\/hyverr.com\/en\/it\/\" target=\"_self\" data-type=\"url\"  >\n\n    \n        <span class=\"button-atom__text\">Back<\/span>\n\n                            \n        \n                <\/a>\n\n    \n\n\n<\/div>\n<\/div>\n<\/div>\n<\/div><\/div><\/div>\n<\/section>","protected":false},"excerpt":{"rendered":"<p>Aplika\u010dn\u00edpodpora Na\u0161e specializovan\u00e1 slu\u017eba aplika\u010dn\u00ed podpory je navr\u017eena tak, aby zajistila plynul\u00fd provoz a podporu konkr\u00e9tn\u00edch aplikac\u00ed nebo platforem, a\u0165 u\u017e jsou hostov\u00e1ny v cloudu nebo on-premise. N\u00e1\u0161 t\u00fdm se star\u00e1 o to, aby hardware, opera\u010dn\u00ed syst\u00e9my a servery, na kter\u00fdch aplikace b\u011b\u017e\u00ed, v\u017edy fungovaly optim\u00e1ln\u011b. Nab\u00edz\u00edme komplexn\u00ed u\u017eivatelskou podporu p\u0159i \u0159e\u0161en\u00ed softwarov\u00fdch a hardwarov\u00fdch [&hellip;]<\/p>\n","protected":false},"author":1,"featured_media":0,"parent":0,"menu_order":0,"comment_status":"closed","ping_status":"closed","template":"","meta":{"_acf_changed":false,"_breakdance_hide_in_design_set":false,"_breakdance_tags":"","footnotes":""},"class_list":["post-572","page","type-page","status-publish","hentry"],"acf":[],"_links":{"self":[{"href":"https:\/\/hyverr.com\/en\/wp-json\/wp\/v2\/pages\/572","targetHints":{"allow":["GET"]}}],"collection":[{"href":"https:\/\/hyverr.com\/en\/wp-json\/wp\/v2\/pages"}],"about":[{"href":"https:\/\/hyverr.com\/en\/wp-json\/wp\/v2\/types\/page"}],"author":[{"embeddable":true,"href":"https:\/\/hyverr.com\/en\/wp-json\/wp\/v2\/users\/1"}],"replies":[{"embeddable":true,"href":"https:\/\/hyverr.com\/en\/wp-json\/wp\/v2\/comments?post=572"}],"version-history":[{"count":14,"href":"https:\/\/hyverr.com\/en\/wp-json\/wp\/v2\/pages\/572\/revisions"}],"predecessor-version":[{"id":1370,"href":"https:\/\/hyverr.com\/en\/wp-json\/wp\/v2\/pages\/572\/revisions\/1370"}],"wp:attachment":[{"href":"https:\/\/hyverr.com\/en\/wp-json\/wp\/v2\/media?parent=572"}],"curies":[{"name":"wp","href":"https:\/\/api.w.org\/{rel}","templated":true}]}}