{"id":564,"date":"2025-02-14T12:21:10","date_gmt":"2025-02-14T12:21:10","guid":{"rendered":"https:\/\/hyverr.com\/?page_id=564"},"modified":"2026-04-29T12:53:24","modified_gmt":"2026-04-29T10:53:24","slug":"user-support","status":"publish","type":"page","link":"https:\/\/hyverr.com\/en\/user-support\/","title":{"rendered":"User Support"},"content":{"rendered":"<section class=\"bde-section-564-140 bde-section\">\n  \n  \n\t\n\n\n\n<div class=\"section-container\"><div class=\"bde-div-564-141 bde-div\">\n  \n  \n\t\n\n\n\n<h1 class=\"bde-dual-heading-564-142 bde-dual-heading\">\n\n\n            <span data-style=\"primary\" class=\"dual-heading--primary\">User<\/span>\n\n            <span data-style=\"secondary\" class=\"dual-heading--secondary  js-annotate\">Support<\/span>\n\n\n\n<\/h1>\n<\/div><div class=\"bde-columns-564-143 bde-columns\"><div class=\"bde-column-564-144 bde-column\">\n  \n  \n\t\n\n\n\n<div class=\"bde-div-564-145 bde-div\">\n  \n  \n\t\n\n\n\n<div class=\"bde-text-564-146 bde-text\">\nFunctional employee facilities are essential for maximizing employee productivity. Hyverr IT is a global IT support services provider with over 18 years of experience delivering flexible solutions. We are a trusted partner for companies aiming to achieve operational excellence through IT outsourcing.\n<\/div><div class=\"bde-text-564-147 bde-text translation-block\">Our IT user support is available 10 hours a day, 7 days a week, throughout the year. We prioritize quick communication and provide clients with access to our technicians through our HelpLine and help desk.<\/div><div class=\"bde-text-564-148 bde-text\">\n<span style=\"font-weight:600;\"><span style=\"color:#E87917;\">We guarantee the interchangeability of technicians.<\/span><\/span>You don't have to worry about lack of support. We contractually define terms and response times.\n<\/div><div class=\"bde-text-564-149 bde-text translation-block\">We proactively monitor your technology to prevent problems before they arise. Our up-to-date documentation of all technologies and equipment, combined with MDM and Asset Management, ensures your IT assets are secure, controlled, and cost-effective, with timely recovery in case of issues.<\/div><div class=\"bde-text-564-150 bde-text translation-block\">We manage your technology remotely, enabling quick resolution of problems without requiring technicians on-site. Contact us to discover how we can help maintain the smooth operation of your IT systems.<\/div><h1 class=\"bde-heading-564-151 bde-heading\">\nBenefits of Our IT User Support\n<\/h1><ul class=\"bde-basic-list-564-152 bde-basic-list\">\n  <li class=\"translation-block\"  >High Availability: 10\/7\/365 support.<\/li>\n  <li class=\"translation-block\"  >Quick Communication: Easy access to technicians through our HelpLine.<\/li>\n  <li class=\"translation-block\"  >Guaranteed Technician Availability: Always a technician ready to assist.<\/li>\n  <li class=\"translation-block\"  >Clear Terms: Well-defined terms and response times.<\/li>\n  <li  >    \n          <span style=\"font-weight:600;\"><span style=\"color:#E87917;\">Proactive Monitoring: Continuous monitoring of your technology.<\/span><\/span> Constant monitoring of technology...\n      <\/li>\n  <li class=\"translation-block\"  >Comprehensive Documentation: Up-to-date records, MDM, and Asset Management.<\/li>\n  <li class=\"translation-block\"  >Human Touch: Friendly and professional technicians dedicated to your satisfaction<\/li>\n<\/ul><div class=\"bde-div-564-153 bde-div\">\n  \n  \n\t\n\n\n\n<div class=\"bde-button-564-155 bde-button\">\n        \n    \n    \n    \n    \n            \n                    \n            \n            \n\n    \n    \n    \n    \n    \n    <a class=\"breakdance-link button-atom button-atom--custom bde-button__button\" href=\"https:\/\/hyverr.com\/en\/it\/\" target=\"_self\" data-type=\"url\"  >\n\n    \n        <span class=\"button-atom__text\">Back<\/span>\n\n                            \n        \n                <\/a>\n\n    \n\n\n<\/div>\n<\/div>\n<\/div>\n<\/div><\/div><\/div>\n<\/section>","protected":false},"excerpt":{"rendered":"<p>U\u017eivatelsk\u00e1 Podpora Funk\u010dn\u00ed za\u0159\u00edzen\u00ed zam\u011bstnanc\u016f jsou kl\u00ed\u010dov\u00e1 pro jejich produktivitu. Hyverr IT poskytuje glob\u00e1ln\u00ed, flexibiln\u00ed IT podp\u016frn\u00e9 slu\u017eby s v\u00edce ne\u017e s 18 lety zku\u0161enost\u00ed. Jsme d\u016fv\u011bryhodn\u00fdm dodavatelem IT outsourcingu pro spole\u010dnosti usiluj\u00edc\u00ed o provozn\u00ed dokonalost. Na\u0161e u\u017eivatelsk\u00e1 IT podpora nab\u00edz\u00ed pomoc 10 hodin denn\u011b, 7 dn\u00ed v t\u00fddnu, 365 dn\u00ed v roce. Rychl\u00e1 komunikace [&hellip;]<\/p>\n","protected":false},"author":1,"featured_media":0,"parent":0,"menu_order":0,"comment_status":"closed","ping_status":"closed","template":"","meta":{"_acf_changed":false,"_breakdance_hide_in_design_set":false,"_breakdance_tags":"","footnotes":""},"class_list":["post-564","page","type-page","status-publish","hentry"],"acf":[],"_links":{"self":[{"href":"https:\/\/hyverr.com\/en\/wp-json\/wp\/v2\/pages\/564","targetHints":{"allow":["GET"]}}],"collection":[{"href":"https:\/\/hyverr.com\/en\/wp-json\/wp\/v2\/pages"}],"about":[{"href":"https:\/\/hyverr.com\/en\/wp-json\/wp\/v2\/types\/page"}],"author":[{"embeddable":true,"href":"https:\/\/hyverr.com\/en\/wp-json\/wp\/v2\/users\/1"}],"replies":[{"embeddable":true,"href":"https:\/\/hyverr.com\/en\/wp-json\/wp\/v2\/comments?post=564"}],"version-history":[{"count":29,"href":"https:\/\/hyverr.com\/en\/wp-json\/wp\/v2\/pages\/564\/revisions"}],"predecessor-version":[{"id":3311,"href":"https:\/\/hyverr.com\/en\/wp-json\/wp\/v2\/pages\/564\/revisions\/3311"}],"wp:attachment":[{"href":"https:\/\/hyverr.com\/en\/wp-json\/wp\/v2\/media?parent=564"}],"curies":[{"name":"wp","href":"https:\/\/api.w.org\/{rel}","templated":true}]}}