{"id":554,"date":"2025-02-14T12:06:45","date_gmt":"2025-02-14T12:06:45","guid":{"rendered":"https:\/\/hyverr.com\/?page_id=554"},"modified":"2025-05-10T14:16:22","modified_gmt":"2025-05-10T12:16:22","slug":"hw-integration","status":"publish","type":"page","link":"https:\/\/hyverr.com\/en\/hw-integration\/","title":{"rendered":"Integrace HW"},"content":{"rendered":"<section class=\"bde-section-554-100 bde-section\">\n  \n  \n\t\n\n\n\n<div class=\"section-container\"><\/div>\n<\/section><section class=\"bde-section-554-101 bde-section\">\n  \n  \n\t\n\n\n\n<div class=\"section-container\"><div class=\"bde-columns-554-102 bde-columns\"><div class=\"bde-column-554-103 bde-column\" data-entrance=\"slideLeft\">\n  \n  \n\t\n\n\n\n<h1 class=\"bde-heading-554-104 bde-heading translation-block\">Hardware<br><span style=\"color:#E87917\"> integration<\/span><\/h1>\n<\/div><\/div><div class=\"bde-columns-554-105 bde-columns\"><div class=\"bde-column-554-106 bde-column\">\n  \n  \n\t\n\n\n\n<div class=\"bde-fancy-divider-554-107 bde-fancy-divider\">\n\n\n<div class=\"bde-fancy-divider__wrapper\">\n  <div class=\"bde-fancy-divider__separator\">\n  \t  <\/div>\n<\/div>\n\n<\/div>\n<\/div><div class=\"bde-column-554-108 bde-column\">\n  \n  \n\t\n\n\n\n<div class=\"bde-div-554-135 bde-div\">\n  \n  \n\t\n\n\n\n<h1 class=\"bde-heading-554-110 bde-heading\">\nOur Services\n<\/h1><div class=\"bde-text-554-111 bde-text\">\nIn addition to traditional software development, we offer customers specialized applications that enable communication, control and data reading from single-purpose machines, production lines and similar hardware\n<\/div><ul class=\"bde-basic-list-554-113 bde-basic-list\">\n  <li  >    \n          <span style=\"font-weight:600;\"><span style=\"color:#E87917;\">Measurement of surface irregularities of parts:<\/span><\/span> Application for precise measurement and evaluation of surface irregularities.\n      <\/li>\n  <li  >    \n          <span style=\"font-weight:600;\"><span style=\"color:#E87917;\">Readings from the refractometer:<\/span><\/span> We provide integration for reading and processing refractometer data.\n      <\/li>\n  <li  >    \n          <span style=\"font-weight:600;\"><span style=\"color:#E87917;\">Production control:<\/span><\/span> Complex systems for control and monitoring of production processes.\n      <\/li>\n  <li  >    \n          <span style=\"font-weight:600;\"><span style=\"color:#E87917;\">Control of test instruments:<\/span><\/span>Applications for control and management of test equipment, for example for pressure circuits. \n      <\/li>\n<\/ul><div class=\"bde-div-554-117 bde-div\">\n  \n  \n\t\n\n\n\n<h1 class=\"bde-heading-554-118 bde-heading\">\nService summary:\n<\/h1><ul class=\"bde-basic-list-554-119 bde-basic-list\">\n  <li  >    \n          <span style=\"font-weight:600;\"><span style=\"color:#E87917;\">PLC (Programmable Logic Controller):<\/span><\/span> We integrate and communicate with PLC systems for automation and machine control.\n      <\/li>\n  <li  >    \n          <span style=\"font-weight:600;\"><span style=\"color:#E87917;\">TCP\/IP:<\/span><\/span> We use TCP\/IP protocol for reliable network communication between devices.\n      <\/li>\n  <li  >    \n          <span style=\"font-weight:600;\"><span style=\"color:#E87917;\">UDP:<\/span><\/span> For fast and efficient communication without packet acknowledgement.\n      <\/li>\n  <li  >    \n          <span style=\"font-weight:600;\"><span style=\"color:#E87917;\">VCAN BUS:<\/span><\/span> We implement communication via CAN BUS for real-time control and monitoring.\n      <\/li>\n  <li  >    \n          <span style=\"font-weight:600;\"><span style=\"color:#E87917;\">RS 232:<\/span><\/span> An older but still used standard for serial communication with various devices.\n      <\/li>\n  <li  >    \n          <span style=\"font-weight:600;\"><span style=\"color:#E87917;\">Bluetooth:<\/span><\/span> Wireless communication for connecting and controlling devices in the vicinity.\n      <\/li>\n  <li  >    \n          <span style=\"font-weight:600;\"><span style=\"color:#E87917;\">OPC UA (Open Platform Communications Unified Architecture):<\/span><\/span> A standard for industrial automation that enables safe and reliable data exchange between systems.\n      <\/li>\n<\/ul><div class=\"bde-div-554-123 bde-div\">\n  \n  \n\t\n\n\n\n<h1 class=\"bde-heading-554-124 bde-heading\">\nThe main advantages of our solutions\n<\/h1><ul class=\"bde-basic-list-554-125 bde-basic-list\">\n  <li  >    \n          <span style=\"font-weight:600;\"><span style=\"color:#E87917;\">Adaptability:<\/span><\/span> Our applications are developed to meet specific customer needs.\n      <\/li>\n  <li  >    \n          <span style=\"font-weight:600;\"><span style=\"color:#E87917;\">Reliability:<\/span><\/span> We ensure high reliability and stability of our solutions, which is crucial for industrial applications.\n      <\/li>\n  <li  >    \n          <span style=\"font-weight:600;\"><span style=\"color:#E87917;\">Compatibility:<\/span><\/span> Our solutions are compatible with a wide range of industry standards and protocols.\n      <\/li>\n  <li  >    \n          <span style=\"font-weight:600;\"><span style=\"color:#E87917;\">Efficiency:<\/span><\/span>We improve the efficiency of production and control processes through accurate and fast communication with hardware.\n      <\/li>\n<\/ul><div class=\"bde-div-554-131 bde-div\">\n  \n  \n\t\n\n\n\n<h1 class=\"bde-heading-554-132 bde-heading\">\nExamples of realisations\n<\/h1><ul class=\"bde-basic-list-554-133 bde-basic-list\">\n  <li  >    \n          <span style=\"font-weight:600;\"><span style=\"color:#E87917;\">Automation of production lines:<\/span><\/span> Application for monitoring and control of production lines with PLC and CAN BUS integration.\n      <\/li>\n  <li  >    \n          <span style=\"font-weight:600;\"><span style=\"color:#E87917;\">Qualitative control:<\/span><\/span> Surface quality measurement and analysis systems using sensors and data logs.\n      <\/li>\n  <li  >    \n          <span style=\"font-weight:600;\"><span style=\"color:#E87917;\">Testing and measurement:<\/span><\/span> Application for controlling test equipment, reading and processing data from various sensors and measuring instruments.\n      <\/li>\n<\/ul><div class=\"bde-text-554-134 bde-text\">\nOur dedicated hardware integration applications ensure efficient and accurate communication with industrial equipment, enabling our customers to improve the productivity, quality and control of their manufacturing processes.\n<\/div>\n<\/div>\n<\/div>\n<\/div>\n<\/div>\n<\/div><\/div><div class=\"bde-columns-554-114 bde-columns\"><div class=\"bde-column-554-115 bde-column\">\n  \n  \n\t\n\n\n\n\n<\/div><\/div><div class=\"bde-button-554-127 bde-button\">\n        \n    \n    \n    \n    \n            \n                    \n            \n            \n\n    \n    \n    \n    \n    \n    <a class=\"breakdance-link button-atom button-atom--custom bde-button__button\" href=\"https:\/\/hyverr.com\/en\/applications\/\" target=\"_self\" data-type=\"url\"  >\n\n    \n        <span class=\"button-atom__text\">Back<\/span>\n\n                            \n        \n                <\/a>\n\n    \n\n\n<\/div><\/div>\n<\/section>","protected":false},"excerpt":{"rendered":"<p>IntegraceHW Na\u0161e slu\u017eby Krom\u011b v\u00fdvoje klasick\u00e9ho softwaru nab\u00edz\u00edme z\u00e1kazn\u00edk\u016fm specializovan\u00e9 aplikace, kter\u00e9 umo\u017e\u0148uj\u00ed komunikaci, \u0159\u00edzen\u00ed a vy\u010d\u00edt\u00e1n\u00ed dat z jedno\u00fa\u010delov\u00fdch stroj\u016f, v\u00fdrobn\u00edch linek a podobn\u00e9ho hardware M\u011b\u0159en\u00ed nerovnost\u00ed povrch\u016f d\u00edl\u016f: Aplikace pro p\u0159esn\u00e9 m\u011b\u0159en\u00ed a vyhodnocov\u00e1n\u00ed povrchov\u00fdch nerovnost\u00ed. Vy\u010d\u00edt\u00e1n\u00ed hodnot z refraktometru: Zaji\u0161\u0165ujeme integraci pro vy\u010d\u00edt\u00e1n\u00ed a zpracov\u00e1n\u00ed dat z refraktometr\u016f. \u0158\u00edzen\u00ed v\u00fdroby: Komplexn\u00ed syst\u00e9my [&hellip;]<\/p>\n","protected":false},"author":1,"featured_media":0,"parent":0,"menu_order":0,"comment_status":"closed","ping_status":"closed","template":"","meta":{"_acf_changed":false,"_breakdance_hide_in_design_set":false,"_breakdance_tags":"","footnotes":""},"class_list":["post-554","page","type-page","status-publish","hentry"],"acf":[],"_links":{"self":[{"href":"https:\/\/hyverr.com\/en\/wp-json\/wp\/v2\/pages\/554","targetHints":{"allow":["GET"]}}],"collection":[{"href":"https:\/\/hyverr.com\/en\/wp-json\/wp\/v2\/pages"}],"about":[{"href":"https:\/\/hyverr.com\/en\/wp-json\/wp\/v2\/types\/page"}],"author":[{"embeddable":true,"href":"https:\/\/hyverr.com\/en\/wp-json\/wp\/v2\/users\/1"}],"replies":[{"embeddable":true,"href":"https:\/\/hyverr.com\/en\/wp-json\/wp\/v2\/comments?post=554"}],"version-history":[{"count":21,"href":"https:\/\/hyverr.com\/en\/wp-json\/wp\/v2\/pages\/554\/revisions"}],"predecessor-version":[{"id":1268,"href":"https:\/\/hyverr.com\/en\/wp-json\/wp\/v2\/pages\/554\/revisions\/1268"}],"wp:attachment":[{"href":"https:\/\/hyverr.com\/en\/wp-json\/wp\/v2\/media?parent=554"}],"curies":[{"name":"wp","href":"https:\/\/api.w.org\/{rel}","templated":true}]}}