{"id":545,"date":"2025-02-14T11:52:16","date_gmt":"2025-02-14T11:52:16","guid":{"rendered":"https:\/\/hyverr.com\/?page_id=545"},"modified":"2025-10-06T11:43:02","modified_gmt":"2025-10-06T09:43:02","slug":"cloud-apps","status":"publish","type":"page","link":"https:\/\/hyverr.com\/en\/cloud-apps\/","title":{"rendered":"Cloud applications"},"content":{"rendered":"<section class=\"bde-section-545-100 bde-section\">\n  \n  \n\t\n\n\n\n<div class=\"section-container\"><\/div>\n<\/section><section class=\"bde-section-545-101 bde-section\">\n  \n  \n\t\n\n\n\n<div class=\"section-container\"><div class=\"bde-columns-545-102 bde-columns\"><div class=\"bde-column-545-103 bde-column\" data-entrance=\"slideLeft\">\n  \n  \n\t\n\n\n\n<h1 class=\"bde-heading-545-104 bde-heading translation-block\">Cloud<br><span style=\"color:#E87917\"> applications<\/span><\/h1>\n<\/div><\/div><div class=\"bde-columns-545-105 bde-columns\"><div class=\"bde-column-545-106 bde-column\">\n  \n  \n\t\n\n\n\n<div class=\"bde-fancy-divider-545-107 bde-fancy-divider\">\n\n\n<div class=\"bde-fancy-divider__wrapper\">\n  <div class=\"bde-fancy-divider__separator\">\n  \t  <\/div>\n<\/div>\n\n<\/div>\n<\/div><div class=\"bde-column-545-108 bde-column\">\n  \n  \n\t\n\n\n\n<div class=\"bde-div-545-109 bde-div\">\n  \n  \n\t\n\n\n\n<h1 class=\"bde-heading-545-111 bde-heading\">\nOur Services\n<\/h1><div class=\"bde-text-545-110 bde-text\">\nWe specialize in creating and managing modern cloud applications that cover the entire spectrum of development, from backend to responsive frontend.\n<\/div><h1 class=\"bde-heading-545-163 bde-heading\">\nFeatures of Our Cloud Applications\n<\/h1><ul class=\"bde-basic-list-545-112 bde-basic-list\">\n  <li class=\"translation-block\"  >Complete Solution: We design and implement both the backend infrastructure and the user interface (frontend).<\/li>\n  <li class=\"translation-block\"  >Critical Infrastructure: Our applications are engineered for high reliability and performance, making them ideal for customers with critical infrastructure needs.<\/li>\n  <li class=\"translation-block\"  >Global Reach: Our applications can serve tens of thousands of users across continents and time zones, ensuring availability and efficient operation anywhere in the world.<\/li>\n<\/ul><h1 class=\"bde-heading-545-118 bde-heading\">\nThe Main Advantages of Our Cloud Applications\n<\/h1><ul class=\"bde-basic-list-545-164 bde-basic-list\">\n  <li class=\"translation-block\"  >Scalability: Our solutions can easily grow with your needs and seamlessly handle increased user and data volumes.<\/li>\n  <li class=\"translation-block\"  >Security: We implement state-of-the-art security measures to keep your data and applications protected against threats.<\/li>\n  <li class=\"translation-block\"  >Flexibility: Our applications are designed to be easily customizable and can respond quickly to changing market demands.<\/li>\n  <li class=\"translation-block\"  >Performance: We ensure high application speed and availability, which is key to maintaining user satisfaction.<\/li>\n<\/ul><h1 class=\"bde-heading-545-169 bde-heading\">\nDevelopment Process\n<\/h1><ul class=\"bde-basic-list-545-170 bde-basic-list\">\n  <li class=\"translation-block\"  >Requirements Analysis: We carefully analyze the customer's needs and requirements to create the optimal solution.<\/li>\n  <li class=\"translation-block\"  >Architecture Design: We design a robust and scalable architecture that meets both technical and business requirements.<\/li>\n  <li class=\"translation-block\"  >Development: We develop applications with a focus on code quality, security, and user-friendliness.<\/li>\n  <li class=\"translation-block\"  >Testing: We conduct thorough testing to ensure the functionality and reliability of the application in real-world use.<\/li>\n  <li class=\"translation-block\"  >Deployment and Maintenance: We deploy applications to production environments and provide ongoing maintenance and support.<\/li>\n<\/ul><div class=\"bde-text-545-171 bde-text\">\nOur cloud applications are designed to meet the highest standards of reliability, security, and performance, allowing our customers to focus on their core business activities without worrying about the technical side of things\n<\/div>\n<\/div>\n<\/div><\/div><div class=\"bde-button-545-162 bde-button\">\n        \n    \n    \n    \n    \n            \n                    \n            \n            \n\n    \n    \n    \n    \n    \n    <a class=\"breakdance-link button-atom button-atom--custom bde-button__button\" href=\"https:\/\/hyverr.com\/en\/applications\/\" target=\"_self\" data-type=\"url\"  >\n\n    \n        <span class=\"button-atom__text\">Back<\/span>\n\n                            \n        \n                <\/a>\n\n    \n\n\n<\/div><\/div>\n<\/section>","protected":false},"excerpt":{"rendered":"<p>Cloudov\u00e9aplikace Na\u0161e slu\u017eby Specializujeme se na tvorbu a spr\u00e1vu modern\u00edch cloudov\u00fdch aplikac\u00ed, kter\u00e9 pokr\u00fdvaj\u00ed cel\u00e9 spektrum v\u00fdvoje od backendu po responsivn\u00ed frontend. Vlastnosti na\u0161ich cloudov\u00fdch aplikac\u00ed Kompletn\u00ed \u0159e\u0161en\u00ed: Navrhujeme a implementujeme jak backendovou infrastrukturu, tak i u\u017eivatelsk\u00e9 rozhran\u00ed (frontend). Kritick\u00e1 infrastruktura: Na\u0161e aplikace jsou navr\u017eeny pro vysokou spolehlivost a v\u00fdkonnost, co\u017e je ide\u00e1ln\u00ed pro z\u00e1kazn\u00edky [&hellip;]<\/p>\n","protected":false},"author":1,"featured_media":0,"parent":0,"menu_order":0,"comment_status":"closed","ping_status":"closed","template":"","meta":{"_acf_changed":false,"_breakdance_hide_in_design_set":false,"_breakdance_tags":"","footnotes":""},"class_list":["post-545","page","type-page","status-publish","hentry"],"acf":[],"_links":{"self":[{"href":"https:\/\/hyverr.com\/en\/wp-json\/wp\/v2\/pages\/545","targetHints":{"allow":["GET"]}}],"collection":[{"href":"https:\/\/hyverr.com\/en\/wp-json\/wp\/v2\/pages"}],"about":[{"href":"https:\/\/hyverr.com\/en\/wp-json\/wp\/v2\/types\/page"}],"author":[{"embeddable":true,"href":"https:\/\/hyverr.com\/en\/wp-json\/wp\/v2\/users\/1"}],"replies":[{"embeddable":true,"href":"https:\/\/hyverr.com\/en\/wp-json\/wp\/v2\/comments?post=545"}],"version-history":[{"count":21,"href":"https:\/\/hyverr.com\/en\/wp-json\/wp\/v2\/pages\/545\/revisions"}],"predecessor-version":[{"id":1266,"href":"https:\/\/hyverr.com\/en\/wp-json\/wp\/v2\/pages\/545\/revisions\/1266"}],"wp:attachment":[{"href":"https:\/\/hyverr.com\/en\/wp-json\/wp\/v2\/media?parent=545"}],"curies":[{"name":"wp","href":"https:\/\/api.w.org\/{rel}","templated":true}]}}