{"id":529,"date":"2025-02-14T11:09:13","date_gmt":"2025-02-14T11:09:13","guid":{"rendered":"https:\/\/hyverr.com\/?page_id=529"},"modified":"2026-04-29T10:30:58","modified_gmt":"2026-04-29T08:30:58","slug":"mobile-apps","status":"publish","type":"page","link":"https:\/\/hyverr.com\/en\/mobile-apps\/","title":{"rendered":"Mobiln\u00ed aplikace"},"content":{"rendered":"<section class=\"bde-section-529-186 bde-section\">\n  \n  \n\t\n\n\n\n<div class=\"section-container\"><div class=\"bde-div-529-232 bde-div\">\n  \n  \n\t\n\n\n\n<h1 class=\"bde-dual-heading-529-233 bde-dual-heading\">\n\n\n            <span data-style=\"primary\" class=\"dual-heading--primary\">Mobile<\/span>\n\n\n\n<\/h1><h1 class=\"bde-dual-heading-529-234 bde-dual-heading\">\n\n\n            <span data-style=\"secondary\" class=\"dual-heading--secondary  js-annotate\"> Applications<\/span>\n\n\n\n<\/h1>\n<\/div><div class=\"bde-div-529-189 bde-div\">\n  \n  \n\t\n\n\n\n<h3 class=\"bde-heading-529-190 bde-heading\">\nWe specialize in developing custom mobile applications for field workers, such as sales representatives, drivers,warehouse workers, technicians, and surveyors\u2014anyone who works primarily outside of a traditional office setting.\n<\/h3><h2 class=\"bde-heading-529-191 bde-heading\">\n<span style=\"color:#E87917;\">Advantages of our applications<\/span><br><br>\n<\/h2><ul class=\"bde-basic-list-529-192 bde-basic-list\">\n  <li  >    \n          Customization\n      <\/li>\n  <li  >    \n          Flexibility\n      <\/li>\n  <li  >    \n          Simplicity\n      <\/li>\n  <li  >    \n          Supervision\n      <\/li>\n  <li  >    \n          Offline functionality\n      <\/li>\n  <li  >    \n          Cost and time savings\n      <\/li>\n<\/ul><h2 class=\"bde-heading-529-193 bde-heading\">\nAcross verticals, we have industry solutions for<br><br>\n<\/h2><div class=\"bde-grid-529-194 bde-grid\">\n  \n  \n\t\n\n\n\n<div class=\"bde-icon-box-529-195 bde-icon-box\">\n\n    \n            <div class=\"ee-iconbox-icon breakdance-icon-atom\" >\n    \n                    <svg xmlns=\"http:\/\/www.w3.org\/2000\/svg\" viewbox=\"0 0 640 512\"><!--! Font Awesome Free 6.5.1 by @fontawesome - https:\/\/fontawesome.com License - https:\/\/fontawesome.com\/license\/free (Icons: CC BY 4.0, Fonts: SIL OFL 1.1, Code: MIT License) Copyright 2023 Fonticons, Inc. --><path d=\"M72 88a56 56 0 1 1 112 0A56 56 0 1 1 72 88zM64 245.7C54 256.9 48 271.8 48 288s6 31.1 16 42.3V245.7zm144.4-49.3C178.7 222.7 160 261.2 160 304c0 34.3 12 65.8 32 90.5V416c0 17.7-14.3 32-32 32H96c-17.7 0-32-14.3-32-32V389.2C26.2 371.2 0 332.7 0 288c0-61.9 50.1-112 112-112h32c24 0 46.2 7.5 64.4 20.3zM448 416V394.5c20-24.7 32-56.2 32-90.5c0-42.8-18.7-81.3-48.4-107.7C449.8 183.5 472 176 496 176h32c61.9 0 112 50.1 112 112c0 44.7-26.2 83.2-64 101.2V416c0 17.7-14.3 32-32 32H480c-17.7 0-32-14.3-32-32zm8-328a56 56 0 1 1 112 0A56 56 0 1 1 456 88zM576 245.7v84.7c10-11.3 16-26.1 16-42.3s-6-31.1-16-42.3zM320 32a64 64 0 1 1 0 128 64 64 0 1 1 0-128zM240 304c0 16.2 6 31 16 42.3V261.7c-10 11.3-16 26.1-16 42.3zm144-42.3v84.7c10-11.3 16-26.1 16-42.3s-6-31.1-16-42.3zM448 304c0 44.7-26.2 83.2-64 101.2V448c0 17.7-14.3 32-32 32H288c-17.7 0-32-14.3-32-32V405.2c-37.8-18-64-56.5-64-101.2c0-61.9 50.1-112 112-112h32c61.9 0 112 50.1 112 112z\"\/><\/svg>\n        \n        \n        \n            <\/div>\n    \n\n<div class=\"ee-iconbox-content\">\n      <p class=\"ee-iconbox-title bde-h3\" >Sales Reps<\/p>\n                  \n    \n    \n    \n    \n            \n                    \n            \n            \n\n    \n    \n    \n    \n    \n    <a class=\"breakdance-link button-atom button-atom--custom button-atom--preset-07984134-d776-43d7-a113-3155590a6e73 ee-iconbox-button\" href=\"#Obchodniky\" target=\"_self\" data-type=\"url\"  >\n\n    \n        <span class=\"button-atom__text\">+ Find out more<\/span>\n\n        \n        \n                <\/a>\n\n    \n\n  <\/div>\n\n<\/div><div class=\"bde-icon-box-529-196 bde-icon-box\">\n\n    \n            <div class=\"ee-iconbox-icon breakdance-icon-atom\" >\n    \n                    <svg xmlns=\"http:\/\/www.w3.org\/2000\/svg\" viewbox=\"0 0 640 512\"><!--! Font Awesome Free 6.5.1 by @fontawesome - https:\/\/fontawesome.com License - https:\/\/fontawesome.com\/license\/free (Icons: CC BY 4.0, Fonts: SIL OFL 1.1, Code: MIT License) Copyright 2023 Fonticons, Inc. --><path d=\"M64 32C28.7 32 0 60.7 0 96V304v80 16c0 44.2 35.8 80 80 80c26.2 0 49.4-12.6 64-32c14.6 19.4 37.8 32 64 32c44.2 0 80-35.8 80-80c0-5.5-.6-10.8-1.6-16H416h33.6c-1 5.2-1.6 10.5-1.6 16c0 44.2 35.8 80 80 80s80-35.8 80-80c0-5.5-.6-10.8-1.6-16H608c17.7 0 32-14.3 32-32V288 272 261.7c0-9.2-3.2-18.2-9-25.3l-58.8-71.8c-10.6-13-26.5-20.5-43.3-20.5H480V96c0-35.3-28.7-64-64-64H64zM585 256H480V192h48.8c2.4 0 4.7 1.1 6.2 2.9L585 256zM528 368a32 32 0 1 1 0 64 32 32 0 1 1 0-64zM176 400a32 32 0 1 1 64 0 32 32 0 1 1 -64 0zM80 368a32 32 0 1 1 0 64 32 32 0 1 1 0-64z\"\/><\/svg>\n        \n        \n        \n            <\/div>\n    \n\n<div class=\"ee-iconbox-content\">\n      <p class=\"ee-iconbox-title bde-h3\" >Drivers and delivery<\/p>\n                  \n    \n    \n    \n    \n            \n                    \n            \n            \n\n    \n    \n    \n    \n    \n    <a class=\"breakdance-link button-atom button-atom--custom button-atom--preset-07984134-d776-43d7-a113-3155590a6e73 ee-iconbox-button\" href=\"#Ridice\" target=\"_self\" data-type=\"url\"  >\n\n    \n        <span class=\"button-atom__text\">+ Find out more<\/span>\n\n        \n        \n                <\/a>\n\n    \n\n  <\/div>\n\n<\/div><div class=\"bde-icon-box-529-197 bde-icon-box\">\n\n    \n            <div class=\"ee-iconbox-icon breakdance-icon-atom\" >\n    \n                    <svg xmlns=\"http:\/\/www.w3.org\/2000\/svg\" viewbox=\"0 0 640 512\"><!--! Font Awesome Free 6.5.1 by @fontawesome - https:\/\/fontawesome.com License - https:\/\/fontawesome.com\/license\/free (Icons: CC BY 4.0, Fonts: SIL OFL 1.1, Code: MIT License) Copyright 2023 Fonticons, Inc. --><path d=\"M0 488V171.3c0-26.2 15.9-49.7 40.2-59.4L308.1 4.8c7.6-3.1 16.1-3.1 23.8 0L599.8 111.9c24.3 9.7 40.2 33.3 40.2 59.4V488c0 13.3-10.7 24-24 24H568c-13.3 0-24-10.7-24-24V224c0-17.7-14.3-32-32-32H128c-17.7 0-32 14.3-32 32V488c0 13.3-10.7 24-24 24H24c-13.3 0-24-10.7-24-24zm488 24l-336 0c-13.3 0-24-10.7-24-24V432H512l0 56c0 13.3-10.7 24-24 24zM128 400V336H512v64H128zm0-96V224H512l0 80H128z\"\/><\/svg>\n        \n        \n        \n            <\/div>\n    \n\n<div class=\"ee-iconbox-content\">\n      <p class=\"ee-iconbox-title bde-h3\" >Storekeepers<\/p>\n                  \n    \n    \n    \n    \n            \n                    \n            \n            \n\n    \n    \n    \n    \n    \n    <a class=\"breakdance-link button-atom button-atom--custom button-atom--preset-07984134-d776-43d7-a113-3155590a6e73 ee-iconbox-button\" href=\"#Skladniky\" target=\"_self\" data-type=\"url\"  >\n\n    \n        <span class=\"button-atom__text\">+ Find out more<\/span>\n\n        \n        \n                <\/a>\n\n    \n\n  <\/div>\n\n<\/div><div class=\"bde-icon-box-529-198 bde-icon-box\">\n\n    \n            <div class=\"ee-iconbox-icon breakdance-icon-atom\" >\n    \n                    <svg xmlns=\"http:\/\/www.w3.org\/2000\/svg\" id=\"icon-cog\" viewbox=\"0 0 32 32\">\n<path d=\"M29.181 19.070c-1.679-2.908-0.669-6.634 2.255-8.328l-3.145-5.447c-0.898 0.527-1.943 0.829-3.058 0.829-3.361 0-6.085-2.742-6.085-6.125h-6.289c0.008 1.044-0.252 2.103-0.811 3.070-1.679 2.908-5.411 3.897-8.339 2.211l-3.144 5.447c0.905 0.515 1.689 1.268 2.246 2.234 1.676 2.903 0.672 6.623-2.241 8.319l3.145 5.447c0.895-0.522 1.935-0.82 3.044-0.82 3.35 0 6.067 2.725 6.084 6.092h6.289c-0.003-1.034 0.259-2.080 0.811-3.038 1.676-2.903 5.399-3.894 8.325-2.219l3.145-5.447c-0.899-0.515-1.678-1.266-2.232-2.226zM16 22.479c-3.578 0-6.479-2.901-6.479-6.479s2.901-6.479 6.479-6.479c3.578 0 6.479 2.901 6.479 6.479s-2.901 6.479-6.479 6.479z\"\/>\n<\/svg>\n        \n        \n        \n            <\/div>\n    \n\n<div class=\"ee-iconbox-content\">\n      <p class=\"ee-iconbox-title bde-h3\" >Technicians<\/p>\n                  \n    \n    \n    \n    \n            \n                    \n            \n            \n\n    \n    \n    \n    \n    \n    <a class=\"breakdance-link button-atom button-atom--custom button-atom--preset-07984134-d776-43d7-a113-3155590a6e73 ee-iconbox-button\" href=\"#Techniky\" target=\"_self\" data-type=\"url\"  >\n\n    \n        <span class=\"button-atom__text\">+ Find out more<\/span>\n\n        \n        \n                <\/a>\n\n    \n\n  <\/div>\n\n<\/div><div class=\"bde-icon-box-529-199 bde-icon-box\">\n\n    \n            <div class=\"ee-iconbox-icon breakdance-icon-atom\" >\n    \n                    <svg xmlns=\"http:\/\/www.w3.org\/2000\/svg\" viewbox=\"0 0 576 512\"><!--! Font Awesome Free 6.5.1 by @fontawesome - https:\/\/fontawesome.com License - https:\/\/fontawesome.com\/license\/free (Icons: CC BY 4.0, Fonts: SIL OFL 1.1, Code: MIT License) Copyright 2023 Fonticons, Inc. --><path d=\"M547.6 103.8L490.3 13.1C485.2 5 476.1 0 466.4 0H109.6C99.9 0 90.8 5 85.7 13.1L28.3 103.8c-29.6 46.8-3.4 111.9 51.9 119.4c4 .5 8.1 .8 12.1 .8c26.1 0 49.3-11.4 65.2-29c15.9 17.6 39.1 29 65.2 29c26.1 0 49.3-11.4 65.2-29c15.9 17.6 39.1 29 65.2 29c26.2 0 49.3-11.4 65.2-29c16 17.6 39.1 29 65.2 29c4.1 0 8.1-.3 12.1-.8c55.5-7.4 81.8-72.5 52.1-119.4zM499.7 254.9l-.1 0c-5.3 .7-10.7 1.1-16.2 1.1c-12.4 0-24.3-1.9-35.4-5.3V384H128V250.6c-11.2 3.5-23.2 5.4-35.6 5.4c-5.5 0-11-.4-16.3-1.1l-.1 0c-4.1-.6-8.1-1.3-12-2.3V384v64c0 35.3 28.7 64 64 64H448c35.3 0 64-28.7 64-64V384 252.6c-4 1-8 1.8-12.3 2.3z\"\/><\/svg>\n        \n        \n        \n            <\/div>\n    \n\n<div class=\"ee-iconbox-content\">\n      <p class=\"ee-iconbox-title bde-h3\" >Retail Store Management<\/p>\n                  \n    \n    \n    \n    \n            \n                    \n            \n            \n\n    \n    \n    \n    \n    \n    <a class=\"breakdance-link button-atom button-atom--custom ee-iconbox-button\" href=\"#Prodejny\" target=\"_self\" data-type=\"url\"  >\n\n    \n        <span class=\"button-atom__text\">+ Find out more<\/span>\n\n        \n        \n                <\/a>\n\n    \n\n  <\/div>\n\n<\/div><div class=\"bde-icon-box-529-200 bde-icon-box\">\n\n    \n            <div class=\"ee-iconbox-icon breakdance-icon-atom\" >\n    \n                    <svg xmlns=\"http:\/\/www.w3.org\/2000\/svg\" viewbox=\"0 0 384 512\"><!--! Font Awesome Free 6.5.1 by @fontawesome - https:\/\/fontawesome.com License - https:\/\/fontawesome.com\/license\/free (Icons: CC BY 4.0, Fonts: SIL OFL 1.1, Code: MIT License) Copyright 2023 Fonticons, Inc. --><path d=\"M64 464c-8.8 0-16-7.2-16-16V64c0-8.8 7.2-16 16-16H224v80c0 17.7 14.3 32 32 32h80V448c0 8.8-7.2 16-16 16H64zM64 0C28.7 0 0 28.7 0 64V448c0 35.3 28.7 64 64 64H320c35.3 0 64-28.7 64-64V154.5c0-17-6.7-33.3-18.7-45.3L274.7 18.7C262.7 6.7 246.5 0 229.5 0H64zm56 256c-13.3 0-24 10.7-24 24s10.7 24 24 24H264c13.3 0 24-10.7 24-24s-10.7-24-24-24H120zm0 96c-13.3 0-24 10.7-24 24s10.7 24 24 24H264c13.3 0 24-10.7 24-24s-10.7-24-24-24H120z\"\/><\/svg>\n        \n        \n        \n            <\/div>\n    \n\n<div class=\"ee-iconbox-content\">\n      <p class=\"ee-iconbox-title bde-h3\" >Data Collection and Contract Processing<\/p>\n                  \n    \n    \n    \n    \n            \n                    \n            \n            \n\n    \n    \n    \n    \n    \n    <a class=\"breakdance-link button-atom button-atom--custom ee-iconbox-button\" href=\"#Sberdat\" target=\"_self\" data-type=\"url\"  >\n\n    \n        <span class=\"button-atom__text\">+ Find out more<\/span>\n\n        \n        \n                <\/a>\n\n    \n\n  <\/div>\n\n<\/div>\n<\/div><div class=\"bde-div-529-201 bde-div\">\n  \n  \n\t\n\n\n\n<h1 id=\"Obchodniky\" class=\"bde-heading-529-202 bde-heading\">\nMobile Solutions for Dealers\n<\/h1><div class=\"bde-text-529-203 bde-text\">\nMobile solutions for sales reps provide you with valuable data from the field and enable you to improve your sales and marketing strategy.\n<\/div><div class=\"bde-text-529-204 bde-text\">\nThe real-time mobile app provides your sales\/field staff access to critical information. Employees fill out essential information directly with the customer\/after the appointment, and all data is automatically imported into your  IT system, saving significant time and money. Smart devices can be connected to a Wi-Fi network, a data plan, or used in offline mode with subsequent sync. Sales reps can monitor the execution of the sales plan, the number of appointments, quality achievements, the number of orders, at any time. Managers receive an instant overview of sales reps' performance, the ability to optimize product assortments, monitor the competition, planning tool, evaluating, and controlling sales and marketing activities, and the opportunity to provide feedback to sales representatives based on reporting.\n<\/div><ul class=\"bde-basic-list-529-205 bde-basic-list\">\n  <li  >    \n          \u200b\u200bRoute and daily visit planning\n      <\/li>\n  <li  >    \n          Customer card and customer information\n      <\/li>\n  <li  >    \n          Payment history and invoices \n      <\/li>\n  <li  >    \n          Order (delivery) \/ Sales (from truck)\n      <\/li>\n  <li  >    \n          Check of goods on display\n      <\/li>\n  <li  >    \n          Reporting \n      <\/li>\n  <li  >    \n          Marketing questionnaires\n      <\/li>\n  <li  >    \n          Photographing the establishment and display \n      <\/li>\n  <li  >    \n          Printing of documents, including electronic signatures on display\n      <\/li>\n<\/ul><h1 id=\"Ridice\" class=\"bde-heading-529-206 bde-heading\">\nMobile Solutions for Drivers and Deliveries\n<\/h1><div class=\"bde-text-529-207 bde-text\">\nAn application for drivers and delivery drivers that will ensure and streamline logistics processes according to your needs.<br>\n<\/div><div class=\"bde-text-529-208 bde-text\">\nMobile solution for manufacturing, trading, and distribution companies with their own transport. It  serves as an electronic delivery plan for drivers. Online communication and connection to the system ensure a constant overview of vehicle movements and stock levels in individual vehicles. Managers can monitor the actual progress of the route, including deviations.<br>\n<\/div><ul class=\"bde-basic-list-529-209 bde-basic-list\">\n  <li  >    \n          Up-to-date daily schedule of stops\/unloading\n      <\/li>\n  <li  >    \n          Retrieval\n      <\/li>\n  <li  >    \n          Payment history and invoices\n      <\/li>\n  <li  >    \n          Loading (e.g., returnable packaging)\n      <\/li>\n  <li  >    \n          Inventory of goods in the vehicle\n      <\/li>\n  <li  >    \n          GPS navigation\n      <\/li>\n  <li  >    \n          Use of electronic signatures\n      <\/li>\n  <li  >    \n          Issuing documents \u2013 invoice, delivery note\n      <\/li>\n<\/ul><h1 id=\"Skladniky\" class=\"bde-heading-529-210 bde-heading\">\nMobile Solutions for Warehouse Workers\n<\/h1><div class=\"bde-text-529-211 bde-text\">\nA full-featured mobile assistant for optimizing warehouse activities, from receiving and claims to returns, packing, inventory, dispatching, and loading onto the transport company's vehicle.\n<\/div><div class=\"bde-text-529-212 bde-text\">\nIt is designed especially for warehouse operators of industrial and commercial companies. The application enables the management of the entire warehouse, incl. the optimization of processes to obtain measurable results.<br>\n<\/div><ul class=\"bde-basic-list-529-213 bde-basic-list\">\n  <li  >    \n          Receiving goods into the warehouse\n      <\/li>\n  <li  >    \n          RFID and barcode support\n      <\/li>\n  <li  >    \n          Direct connection to ERP\/WMS\n      <\/li>\n  <li  >    \n          Warehousing \n      <\/li>\n  <li  >    \n          Dispatch \n      <\/li>\n  <li  >    \n          Inventory \n      <\/li>\n  <li  >    \n          Packaging\n      <\/li>\n  <li  >    \n          Industrial equipment support\n      <\/li>\n<\/ul><h1 id=\"Techniky\" class=\"bde-heading-529-214 bde-heading\">\nMobile Solutions for Service and Inspection Technicians\n<\/h1><div class=\"bde-text-529-215 bde-text\">\nThe solution, ensures smooth running of repairs or inspections for service and inspection technicians who provide service, maintenance, field readings, etc. The app records the progress of the procedure and its quality.\n<\/div><ul class=\"bde-basic-list-529-216 bde-basic-list\">\n  <li  >    \n          Daily schedule\n      <\/li>\n  <li  >    \n          Repair record\n      <\/li>\n  <li  >    \n          Instant overview of the job's progress\n      <\/li>\n  <li  >    \n          Photographic documentation\n      <\/li>\n  <li  >    \n          Warehouse \n      <\/li>\n  <li  >    \n          Parts records\n      <\/li>\n  <li  >    \n          Attachments (manuals\/service documentation)\n      <\/li>\n  <li  >    \n          Direct connection to ERP\n      <\/li>\n<\/ul><h1 id=\"Prodejny\" class=\"bde-heading-529-217 bde-heading\">\nMobile Solutions for Shop Attendants\n<\/h1><div class=\"bde-text-529-218 bde-text\">\nThe solution enables fully digital management of individual branches of network stores. The application is designed especially for shop attendants and store managers to ensure efficient operation and up-to-date status of the store\/branch.\n<\/div><ul class=\"bde-basic-list-529-219 bde-basic-list\">\n  <li  >    \n          Control of goods movement\n      <\/li>\n  <li  >    \n          Receipt confirmation\n      <\/li>\n  <li  >    \n          Electronic returns\/repositioning\/complaints\n      <\/li>\n  <li  >    \n          Inventory of goods in the store\n      <\/li>\n  <li  >    \n          Issuance of e-shop orders\n      <\/li>\n  <li  >    \n          Status of returnable packaging\n      <\/li>\n  <li  >    \n          Printing of price tags\n      <\/li>\n  <li  >    \n          Re-pricing of goods\n      <\/li>\n  <li  >    \n          Minimum stocks\n      <\/li>\n  <li  >    \n          Planogram\n      <\/li>\n<\/ul><h1 id=\"Sberdat\" class=\"bde-heading-529-220 bde-heading translation-block\">Mobile Solution for Data Collection\/Completion of Contracts<\/h1><div class=\"bde-text-529-221 bde-text\">\nThis is a ready-made solution in which you can easily customize your forms or questionnaires. It is an easy and fast assistant for data collection.\n<\/div><div class=\"bde-text-529-222 bde-text\">\nIt is an effective cloud-based field assistant for data collection\u2014form\/questionnaire filling. It allows offline working, scheduling of employees' work, and inserting documents for each collection point (e.g., contract, manual, photo, etc.), including electronic signatures.\n<\/div><ul class=\"bde-basic-list-529-223 bde-basic-list\">\n  <li  >    \n          Monitoring of marketing campaigns\n      <\/li>\n  <li  >    \n          Completion of questionnaires\n      <\/li>\n  <li  >    \n          Completion and signing of contracts\n      <\/li>\n  <li  >    \n          Control activities of contractual partners\n      <\/li>\n  <li  >    \n          Service and repair activities\n      <\/li>\n  <li  >    \n          Claims handling\n      <\/li>\n<\/ul>\n<\/div>\n<\/div><div class=\"bde-div-529-225 bde-div\">\n  \n  \n\t\n\n\n\n<div class=\"bde-button-529-224 bde-button\">\n        \n    \n    \n    \n    \n            \n                    \n            \n            \n\n    \n    \n    \n    \n    \n    <a class=\"breakdance-link button-atom button-atom--custom bde-button__button\" href=\"https:\/\/hyverr.com\/en\/applications\/\" target=\"_self\" data-type=\"url\"  >\n\n    \n        <span class=\"button-atom__text\">Back<\/span>\n\n                            \n        \n                <\/a>\n\n    \n\n\n<\/div>\n<\/div><\/div>\n<\/section>","protected":false},"excerpt":{"rendered":"<p>Mobiln\u00ed aplikace Specializujeme se na individu\u00e1ln\u00ed v\u00fdvoj mobiln\u00edch aplikac\u00ed pro ter\u00e9nn\u00ed pracovn\u00edky, tedy pro ty, kte\u0159\u00ed se ve sv\u00e9 pr\u00e1ci pohybuj\u00ed mimo kancel\u00e1\u0159 nebo se aktivn\u011b pohybuj\u00ed v prostor\u00e1ch provozoven, jedn\u00e1 se zejm\u00e9na o obchodn\u00ed z\u00e1stupce, \u0159idi\u010de, pracovn\u00edky skladu, techniky, pr\u016fzkumn\u00e9 pracovn\u00edky. V\u00fdhody na\u0161ich aplikac\u00ed P\u0159izp\u016fsoben\u00ed aplikac\u00ed na m\u00edru Flexibilnost Jednoduchost Kontrola nad pod\u0159\u00edzen\u00fdmi Mo\u017enost [&hellip;]<\/p>\n","protected":false},"author":1,"featured_media":0,"parent":0,"menu_order":0,"comment_status":"closed","ping_status":"closed","template":"","meta":{"_acf_changed":false,"_breakdance_hide_in_design_set":false,"_breakdance_tags":"","footnotes":""},"class_list":["post-529","page","type-page","status-publish","hentry"],"acf":[],"_links":{"self":[{"href":"https:\/\/hyverr.com\/en\/wp-json\/wp\/v2\/pages\/529","targetHints":{"allow":["GET"]}}],"collection":[{"href":"https:\/\/hyverr.com\/en\/wp-json\/wp\/v2\/pages"}],"about":[{"href":"https:\/\/hyverr.com\/en\/wp-json\/wp\/v2\/types\/page"}],"author":[{"embeddable":true,"href":"https:\/\/hyverr.com\/en\/wp-json\/wp\/v2\/users\/1"}],"replies":[{"embeddable":true,"href":"https:\/\/hyverr.com\/en\/wp-json\/wp\/v2\/comments?post=529"}],"version-history":[{"count":40,"href":"https:\/\/hyverr.com\/en\/wp-json\/wp\/v2\/pages\/529\/revisions"}],"predecessor-version":[{"id":3286,"href":"https:\/\/hyverr.com\/en\/wp-json\/wp\/v2\/pages\/529\/revisions\/3286"}],"wp:attachment":[{"href":"https:\/\/hyverr.com\/en\/wp-json\/wp\/v2\/media?parent=529"}],"curies":[{"name":"wp","href":"https:\/\/api.w.org\/{rel}","templated":true}]}}