{"id":501,"date":"2025-02-04T09:59:21","date_gmt":"2025-02-04T09:59:21","guid":{"rendered":"https:\/\/hyverr.com\/?page_id=501"},"modified":"2025-05-06T09:12:55","modified_gmt":"2025-05-06T09:12:55","slug":"politika-integrovaneho-systemu-managementu-ims","status":"publish","type":"page","link":"https:\/\/hyverr.com\/en\/politika-integrovaneho-systemu-managementu-ims\/","title":{"rendered":"Politika Integrovan\u00e9ho Syst\u00e9mu Managementu (IMS)"},"content":{"rendered":"<section class=\"bde-section-501-100 bde-section\">\n  \n  \n\t\n\n\n\n<div class=\"section-container\"><\/div>\n<\/section><section class=\"bde-section-501-101 bde-section\">\n  \n  \n\t\n\n\n\n<div class=\"section-container\"><div class=\"bde-columns-501-102 bde-columns\"><div class=\"bde-column-501-103 bde-column\">\n  \n  \n\t\n\n\n\n<h3 class=\"bde-heading-501-104 bde-heading\">\nPolitika Integrovan\u00e9ho <br>Syst\u00e9mu Managementu (IMS)\n<\/h3>\n<\/div><\/div><div class=\"bde-columns-501-105 bde-columns\"><div class=\"bde-column-501-108 bde-column\">\n  \n  \n\t\n\n\n\n<div class=\"bde-text-501-109 bde-text\">\nSpole\u010dnost Hyverr, s.r.o. (d\u00e1le jen \u201eSpole\u010dnost\u201c) se zam\u011b\u0159uje na zlep\u0161ov\u00e1n\u00ed pr\u00e1ce v oblasti n\u00e1vrhu a v\u00fdvoje software na m\u00edru, a to v r\u00e1mci \u0161irok\u00e9 \u0161k\u00e1ly klientely a i specializac\u00ed, a to p\u0159edev\u0161\u00edm kvalitn\u00edmi a modern\u00edmi IT softwarov\u00fdmi \u0159e\u0161en\u00edmi, d\u00edky n\u00edm\u017e poskytuje Spole\u010dnost kvalitn\u011bj\u0161\u00ed a ucelen\u011bj\u0161\u00ed \u0159e\u0161en\u00ed s v\u00fdznamn\u00fdm dopadem na v\u00fdsledky jednotliv\u00fdch klient\u016f. Spole\u010dnost se zam\u011b\u0159uje na zefektiv\u0148ov\u00e1n\u00ed core byznysu klient\u016f pomoc\u00ed sv\u00fdch aplikac\u00ed a n\u00e1stroj\u016f, kter\u00e9 c\u00edl\u00ed prim\u00e1rn\u011b na osobn\u00ed p\u0159\u00edstup a na \u0159e\u0161en\u00ed \u0161it\u00e1 na m\u00edru.<br>Spole\u010dnost pro zv\u00fd\u0161en\u00ed kvality sv\u00fdch slu\u017eeb a jako spole\u010dnost, kter\u00e1 zn\u00e1 svoji podnikatelskou, a i environment\u00e1ln\u00ed odpov\u011bdnost, zavedla Integrovan\u00fd syst\u00e9m managementu (IMS) napl\u0148uj\u00edc\u00ed po\u017eadavky mezin\u00e1rodn\u00ed normy ISO\/IEC 27001. Spole\u010dnost nav\u00edc dobrovoln\u011b dodr\u017euje pro kvalitu dod\u00e1van\u00fdch slu\u017eeb z\u00e1sad mezin\u00e1rodn\u00edch norem ISO 9001, ISO 14001 a ISO 45001.\n<\/div><div class=\"bde-text-501-125 bde-text\">\nVeden\u00ed Spole\u010dnosti vyhla\u0161uje Politiku IMS jako jeden z d\u016fkaz\u016f sv\u00e9 anga\u017eovanosti a aktivity p\u0159i rozv\u00edjen\u00ed, uplat\u0148ov\u00e1n\u00ed a zlep\u0161ov\u00e1n\u00ed zaveden\u00e9ho a certifikovan\u00e9ho IMS a vyhla\u0161uje napl\u0148ov\u00e1n\u00ed Politiky IMS, v\u0161emi zam\u011bstnanci Spole\u010dnosti, za jeden z kl\u00ed\u010dov\u00fdch \u00fakol\u016f, sm\u011b\u0159uj\u00edc\u00edch ke zvy\u0161ov\u00e1n\u00ed v\u00fdkonnosti Spole\u010dnosti, zvy\u0161ov\u00e1n\u00ed bezpe\u010dnosti a ochrany zdrav\u00ed p\u0159i pr\u00e1ci k dodr\u017eov\u00e1n\u00ed \u0161etrn\u00e9ho p\u0159\u00edstupu k \u017eivotn\u00edmu prost\u0159ed\u00ed a k zabezpe\u010den\u00ed ochrany informac\u00ed a vy\u0161\u0161\u00ed m\u00ed\u0159e uspokojov\u00e1n\u00ed po\u017eadavk\u016f v\u0161ech zainteresovan\u00fdch stran, kter\u00fdmi jsou p\u0159edev\u0161\u00edm z\u00e1kazn\u00edci, akcion\u00e1\u0159i, zam\u011bstnanci a dodavatel\u00e9 v souladu s pr\u00e1vn\u00edmi p\u0159edpisy. Politika IMS se stala ned\u00edlnou sou\u010d\u00e1st\u00ed dlouhodob\u00e9 strategie Spole\u010dnosti a veden\u00ed Spole\u010dnosti se zavazuje k jej\u00edmu napl\u0148ov\u00e1n\u00ed a podporuje jej\u00ed posl\u00e1n\u00ed.\n<\/div><h1 class=\"bde-heading-501-110 bde-heading\">\nVeden\u00ed Spole\u010dnosti stanovilo n\u00e1sleduj\u00edc\u00ed z\u00e1sady, kter\u00fdmi se zavazuje \u0159\u00eddit:\n<\/h1><h1 class=\"bde-heading-501-126 bde-heading\">\nI.    V oblasti spolupr\u00e1ce se zam\u011bstnanci:\n<\/h1><ul class=\"bde-basic-list-501-113 bde-basic-list\">\n  <li  >    \n          Osobn\u00ed odpov\u011bdnost\u00ed ka\u017ed\u00e9ho zam\u011bstnance Spole\u010dnosti (d\u00e1le jen \u201ezam\u011bstnanec\u201c) a vhodn\u00fdm rozd\u011blen\u00edm pr\u00e1ce <br>zajistit profesion\u00e1ln\u00ed \u00farove\u0148 odv\u00e1d\u011bn\u00e9 pr\u00e1ce.\n      <\/li>\n  <li  >    \n          Podporovat zam\u011bstnance p\u0159i zvy\u0161ov\u00e1n\u00ed odborn\u00e9 \u00farovn\u011b znalost\u00ed, zdokonalov\u00e1n\u00ed a roz\u0161i\u0159ov\u00e1n\u00ed kvalifikace zam\u011bstnanc\u016f na v\u0161ech \u00farovn\u00edch a spolupracovat se zam\u011bstnanci p\u0159i mapov\u00e1n\u00ed rizik, stanovov\u00e1n\u00ed c\u00edl\u016f IMS, sd\u011blov\u00e1n\u00ed a zaji\u0161t\u011bn\u00ed pochopen\u00ed Politiky IMS.\n      <\/li>\n  <li  >    \n          Vytvo\u0159it kolektiv zam\u011bstnanc\u016f spokojen\u00fdch ve sv\u00e9 pr\u00e1ci, kte\u0159\u00ed mohou nejen odv\u00e1d\u011bt dobrou pr\u00e1ci v dobr\u00e9 kvalit\u011b, ale jsou sami zdrojem nov\u00fdch my\u0161lenek. \n      <\/li>\n  <li  >    \n          Ka\u017ed\u00fd zam\u011bstnanec je p\u0159esv\u011bd\u010den o v\u00fdznamu trval\u00e9ho zaji\u0161\u0165ov\u00e1n\u00ed bezpe\u010dnosti informac\u00ed, se kter\u00fdmi pracuje a zn\u00e1 svoji odpov\u011bdnost a postaven\u00ed v r\u00e1mci ISMS.\n      <\/li>\n  <li  >    \n          Ka\u017ed\u00fd zam\u011bstnanec, kter\u00e9mu byl umo\u017en\u011bn p\u0159\u00edstup k informa\u010dn\u00edm prost\u0159edk\u016fm pro pot\u0159eby v\u00fdkonu pracovn\u00ed \u010dinnosti, p\u0159eb\u00edr\u00e1 odpov\u011bdnost za bezpe\u010dn\u00e9 nakl\u00e1d\u00e1n\u00ed s t\u011bmito prost\u0159edky a za ochranu informac\u00ed ve sv\u00e9 p\u016fsobnosti, nese sv\u016fj pod\u00edl zodpov\u011bdnosti za dodr\u017eov\u00e1n\u00ed t\u011bchto pravidel a v\u0161ichni zam\u011bstnanci jsou si v\u011bdomi, \u017ee poru\u0161ov\u00e1n\u00ed z\u00e1sad bezpe\u010dnosti informac\u00ed je bezpe\u010dnostn\u00edm incidentem, kter\u00fd m\u00e1 vliv na image Spole\u010dnosti a kter\u00fd m\u016f\u017ee m\u00edt z\u00e1va\u017en\u00fd finan\u010dn\u00ed dopad na Spole\u010dnost.\n      <\/li>\n  <li  >    \n          V\u0161ichni zam\u011bstnanci jsou povinni p\u0159edepsan\u00fdm zp\u016fsobem reagovat na z\u00e1vady, poruchy a bezprost\u0159edn\u00ed incidenty, kter\u00e9 se vyskytnou a upozornit na n\u011b v souladu se schv\u00e1len\u00fdmi intern\u00edmi postupy platn\u00fdmi v r\u00e1mci Spole\u010dnosti.\n      <\/li>\n<\/ul><h1 class=\"bde-heading-501-128 bde-heading\">\nII.    V oblasti IMS:\n<\/h1><ul class=\"bde-basic-list-501-129 bde-basic-list\">\n  <li  >    \n          Pravideln\u011b p\u0159ezkoum\u00e1vat Politiku IMS z hlediska vhodnosti a souladu s dlouhodobou strategi\u00ed Spole\u010dnosti, po\u017eadavky zainteresovan\u00fdch stran, mezin\u00e1rodn\u00edmi normami ISO 9001, ISO 14001, ISO 27001 a ISO 45001.\u2022  \n      <\/li>\n  <li  >    \n          Zajistit dostupnost Politiky IMS ve\u0159ejnosti a zainteresovan\u00fdm stran\u00e1m.\n      <\/li>\n  <li  >    \n          Produkovat kvalitu u v\u0161ech proces\u016f jak pro intern\u00edho, tak pro extern\u00edho klienta a tuto z\u00e1sadu vynucovat na tom, kdo d\u00edl\u010d\u00ed \u010d\u00e1st pr\u00e1ce p\u0159ed\u00e1v\u00e1.\n      <\/li>\n  <li  >    \n          P\u0159edch\u00e1zet havarijn\u00edm situac\u00edm, kter\u00e9 mohou v kone\u010dn\u00e9m d\u016fsledku nep\u0159\u00edzniv\u011b ovlivnit \u017dP.\n      <\/li>\n  <li  >    \n          Vytvo\u0159it image Spole\u010dnosti, kter\u00e9 nejsou lhostejn\u00e9 dopady jej\u00edch \u010dinnost\u00ed na \u017dP a z\u00e1le\u017e\u00ed j\u00ed na fungov\u00e1n\u00ed a zaji\u0161\u0165ov\u00e1n\u00ed ve\u0161ker\u00fdch sv\u00fdch \u010dinnost\u00ed v souladu se z\u00e1sadami BOZP a po\u017e\u00e1rn\u00ed ochrany.\n      <\/li>\n  <li  >    \n          Stanovovat c\u00edle s c\u00edlov\u00fdmi hodnotami a programy IMS pro zaji\u0161t\u011bn\u00ed neust\u00e1l\u00e9ho zlep\u0161ov\u00e1n\u00ed IMS.\n      <\/li>\n  <li  >    \n          Zabezpe\u010dit spln\u011bn\u00ed z\u00e1konn\u00fdch norem, legislativn\u00edch po\u017eadavk\u016f a jin\u00fdch po\u017eadavk\u016f ve v\u0161ech oblastech, kde spole\u010dnost p\u016fsob\u00ed, v\u010detn\u011b po\u017eadavk\u016f pr\u00e1vn\u00edch p\u0159edpis\u016f a jin\u00fdch po\u017eadavk\u016f, ke kter\u00fdm se Spole\u010dnost zav\u00e1zala, a kter\u00e9 se vztahuj\u00ed k jej\u00edm environment\u00e1ln\u00edm aspekt\u016fm, pracovn\u00edm a informa\u010dn\u00edm rizik\u016fm, zaji\u0161t\u011bn\u00ed BOZP a PO a rozv\u00edjet komunikaci a spolupr\u00e1ci se zainteresovan\u00fdmi stranami.\n      <\/li>\n  <li  >    \n          Rizika spojen\u00e1 s \u00fanikem informac\u00ed jsou pravideln\u011b monitorov\u00e1na a vyhodnocov\u00e1na a v t\u00e9to souvislosti jsou veden\u00edm Spole\u010dnosti stanovov\u00e1na vhodn\u00e1 opat\u0159en\u00ed vedouc\u00ed k redukci rizik.\n      <\/li>\n  <li  >    \n          Nastaven\u00ed bezpe\u010dnostn\u00edho r\u00e1mce pro ochranu dat a informac\u00ed Spole\u010dnosti; pravideln\u00e9 vyhodnocov\u00e1n\u00ed vhodnosti a efektivity bezpe\u010dnostn\u00edho r\u00e1mce v n\u00e1vaznosti na vznikaj\u00edc\u00ed nov\u00e9 hrozby a rizika.\n      <\/li>\n<\/ul><h1 class=\"bde-heading-501-130 bde-heading\">\nIII.    V oblasti partnerstv\u00ed se z\u00e1kazn\u00edky, dodavateli a ve\u0159ejnost\u00ed:\n<\/h1><ul class=\"bde-basic-list-501-131 bde-basic-list\">\n  <li  >    \n          Jako prost\u0159edek ke spokojenosti z\u00e1kazn\u00edk\u016f volit kvalitu, kter\u00e1 je nad\u0159azena jin\u00fdm krit\u00e9ri\u00edm jako z\u00e1kladn\u00ed p\u0159edpoklad konkurenceschopnosti, v\u017edy se zaji\u0161t\u011bn\u00edm BOZP a minimalizaci negativn\u00edch dopad\u016f \u010dinnost\u00ed na ochranu \u017eivotn\u00edho prost\u0159ed\u00ed. \n      <\/li>\n  <li  >    \n          Prohlubov\u00e1n\u00ed d\u016fv\u011bry z\u00e1kazn\u00edk\u016f ch\u00e1pat jako trval\u00fd proces, jako trval\u00fd zdroj prosperity. \n      <\/li>\n  <li  >    \n          Poskytovat efektivn\u00ed pomoc v\u0161em z\u00e1kazn\u00edk\u016fm, kte\u0159\u00ed pomoc o\u010dek\u00e1vaj\u00ed nebo pot\u0159ebuj\u00ed.\n      <\/li>\n  <li  >    \n          Vytvo\u0159it pohled na Spole\u010dnost, jako na dodavatele kvalitn\u00edch a komplexn\u00edch slu\u017eeb s dostate\u010dn\u00fdmi finan\u010dn\u00edmi, organiza\u010dn\u00edmi, person\u00e1ln\u00edmi a dal\u0161\u00edmi prost\u0159edky pro zaji\u0161t\u011bn\u00ed z\u00e1kazn\u00edkem po\u017eadovan\u00e9 kvality poskytovan\u00e9 slu\u017eby.\n      <\/li>\n  <li  >    \n          Vy\u017eadovat od smluvn\u00edch partner\u016f aktivn\u00ed p\u0159\u00edstup k ochran\u011b \u017eivotn\u00edho prost\u0159ed\u00ed, bezpe\u010dnosti pr\u00e1ce a bezpe\u010dnosti informac\u00ed.\n      <\/li>\n  <li  >    \n          Vytvo\u0159it vz\u00e1jemn\u011b v\u00fdhodn\u00e9 dodavatelsk\u00e9 vztahy, kter\u00e9 umo\u017en\u00ed, v p\u0159\u00edpad\u011b pot\u0159eby, spole\u010dn\u011b pru\u017en\u011b reagovat na po\u017eadavky z\u00e1kazn\u00edka.\n      <\/li>\n  <li  >    \n          Efektivn\u011b \u0159e\u0161it rizika finan\u010dn\u00ed, tr\u017en\u00ed, technick\u00e1, informa\u010dn\u00ed a spole\u010densk\u00e1.\n      <\/li>\n  <li  >    \n          Zabezpe\u010dit, aby se data na\u0161ich z\u00e1kazn\u00edk\u016f nedostala k ciz\u00edm subjekt\u016fm, kter\u00e9 nejsou opr\u00e1vn\u011bny k p\u0159\u00edstupu k t\u011bmto dat\u016fm v souladu s po\u017eadavky smluv a p\u0159\u00edslu\u0161n\u00fdch pr\u00e1vn\u00edch p\u0159edpis\u016f.\n      <\/li>\n  <li  >    \n          Plnit aplikovateln\u00e9 po\u017eadavky pr\u00e1vn\u00edch p\u0159edpis\u016f a dal\u0161\u00edch po\u017eadavk\u016f, k nim\u017e se Spole\u010dnost v r\u00e1mci smluvn\u00edch vztah\u016f zav\u00e1zala v souladu s realizovan\u00fdmi \u010dinnostmi.\n      <\/li>\n<\/ul><h1 class=\"bde-heading-501-134 bde-heading\">\nP\u0159ijat\u00e9 z\u00e1vazky QMS:\n<\/h1><ul class=\"bde-basic-list-501-135 bde-basic-list\">\n  <li  >    \n          Trvale zlep\u0161ovat \u00fa\u010dinnost a efektivnost zaveden\u00e9ho IMS.\n      <\/li>\n  <li  >    \n          Vytv\u00e1\u0159et podm\u00ednky a zdroje pro \u00fa\u010dinnost a efektivnost zaveden\u00e9ho IMS.\n      <\/li>\n  <li  >    \n          Poskytovat sv\u00fdm z\u00e1kazn\u00edk\u016fm slu\u017ebu odpov\u00eddaj\u00edc\u00ed jejich po\u017eadavk\u016fm nebo o\u010dek\u00e1van\u00fdm po\u017eadavk\u016fm a trvale zlep\u0161ovat kvalitu sv\u00e9 slu\u017eby p\u0159i zachov\u00e1n\u00ed vz\u00e1jemn\u00e9 v\u00fdhodnosti obchodn\u00edch vztah\u016f a s respektov\u00e1n\u00edm z\u00e1konn\u00fdch po\u017eadavk\u016f\n      <\/li>\n<\/ul><h1 class=\"bde-heading-501-132 bde-heading\">\nP\u0159ijat\u00e9 z\u00e1vazky EMS:\n<\/h1><ul class=\"bde-basic-list-501-137 bde-basic-list\">\n  <li  >    \n          Trval\u00e9 zlep\u0161ovat \u00fa\u010dinnost a efektivnost EMS.\n      <\/li>\n  <li  >    \n          Monitorovat a hodnotit sv\u016fj environment\u00e1ln\u00ed profil a p\u0159ij\u00edmat opat\u0159en\u00ed vedouc\u00ed k ochran\u011b \u017eivotn\u00edho prost\u0159ed\u00ed a ke zlep\u0161ov\u00e1n\u00ed syst\u00e9mu environment\u00e1ln\u00edho managementu\n      <\/li>\n  <li  >    \n          B\u00fdt v souladu s p\u0159\u00edslu\u0161n\u00fdmi po\u017eadavky pr\u00e1vn\u00edch p\u0159edpis\u016f a jin\u00fdmi po\u017eadavky, kter\u00fdm Spole\u010dnost v oblasti environmentu podl\u00e9h\u00e1.\n      <\/li>\n  <li  >    \n          Dodr\u017eovat z\u00e1sadu prevence zne\u010di\u0161\u0165ov\u00e1n\u00ed \u017eivotn\u00edho prost\u0159ed\u00ed.\n      <\/li>\n<\/ul><h1 class=\"bde-heading-501-136 bde-heading\">\nP\u0159ijat\u00e9 z\u00e1vazky SMS:\n<\/h1><ul class=\"bde-basic-list-501-133 bde-basic-list\">\n  <li  >    \n          Trval\u00e9 zlep\u0161ovat \u00fa\u010dinnost a efektivnost SMS.\n      <\/li>\n  <li  >    \n          Trvale sledovat \u00farove\u0148 a rozsah pracovn\u00edch rizik.\n      <\/li>\n  <li  >    \n          Pracovn\u011b l\u00e9ka\u0159sk\u00e9 oblasti v\u011bnovat zv\u00fd\u0161enou pozornost.\n      <\/li>\n  <li  >    \n          P\u0159ij\u00edmat takov\u00e1 preventivn\u00ed opat\u0159en\u00ed, aby se zamezilo vzniku pracovn\u00edch \u00faraz\u016f a po\u0161kozen\u00ed zdrav\u00ed.\n      <\/li>\n  <li  >    \n          Plnit aplikovateln\u00e9 po\u017eadavky pr\u00e1vn\u00edch p\u0159edpis\u016f a dal\u0161\u00edch po\u017eadavk\u016f, k nim\u017e se Spole\u010dnost zav\u00e1zala v souladu s realizovan\u00fdmi \u010dinnostmi.\n      <\/li>\n<\/ul><h1 class=\"bde-heading-501-138 bde-heading\">\nP\u0159ijat\u00e9 z\u00e1vazky ISMS:\n<\/h1><ul class=\"bde-basic-list-501-139 bde-basic-list\">\n  <li  >    \n          Trvale sledovat \u00farove\u0148 bezpe\u010dnostn\u00edch rizik a k\u202ftomuto \u00fa\u010delu stanovovat dokumentovan\u00e1 krit\u00e9ria, kter\u00fdmi je riziko hodnoceno. \n      <\/li>\n  <li  >    \n          Krit\u00e9rii pro hodnocen\u00ed rizik jsou pravd\u011bpodobnost ztr\u00e1ty informace, z\u00e1va\u017enost ztr\u00e1ty informace a hodnota aktiva. \n      <\/li>\n  <li  >    \n          Rizika spojen\u00e1 s \u00fanikem informac\u00ed jsou pravideln\u011b monitorov\u00e1na a vyhodnocov\u00e1na a v t\u00e9to souvislosti jsou veden\u00edm Spole\u010dnosti stanovov\u00e1na vhodn\u00e1 opat\u0159en\u00ed vedouc\u00ed k redukci rizik. \n      <\/li>\n  <li  >    \n          Nastaven\u00ed s\u00ed\u0165ov\u00fdch slu\u017eeb ct\u00ed z\u00e1sadu \u201eCo nen\u00ed dovoleno, je zak\u00e1z\u00e1no\u201c. \n      <\/li>\n  <li  >    \n          P\u0159\u00ed\u010diny poru\u0161en\u00ed politiky IMS budou podn\u011btem k jejich vyhodnocen\u00ed a n\u00e1sledn\u011b k p\u0159ijet\u00ed \u00fa\u010dinn\u00fdch opat\u0159en\u00ed zohled\u0148uj\u00edc\u00edch zku\u0161enosti z p\u0159\u00edpadn\u00fdch incident\u016f. \n      <\/li>\n<\/ul><h1 class=\"bde-heading-501-144 bde-heading\">\nPlatnost Politiky IMS:\n<\/h1><div class=\"bde-text-501-141 bde-text\">\nTato Politika IMS je z\u00e1vazn\u00fdm \u0159\u00edd\u00edc\u00edm dokumentem Spole\u010dnosti \u00fa\u010dinn\u00e1 ode dne vyd\u00e1n\u00ed. Pro efektivn\u00ed zvl\u00e1dnut\u00ed v\u00fd\u0161e uveden\u00fdch z\u00e1vazk\u016f je ve Spole\u010dnosti zaveden, rozv\u00edjen a zlep\u0161ov\u00e1n IMS dle po\u017eadavk\u016f mezin\u00e1rodn\u00edch norem ISO 9001, ISO 14001, ISO\/IEC 27001 a ISO 45001 s ohledem na fakt, \u017ee Spole\u010dnost je certifikov\u00e1na mezin\u00e1rodn\u00ed normou ISO\/IEC 27001.\n<\/div><div class=\"bde-text-501-142 bde-text\">\nK zabezpe\u010den\u00ed v\u00fd\u0161e uveden\u00fdch z\u00e1vazk\u016f veden\u00ed Spole\u010dnosti stanovuje Politiku IMS, stanovuje c\u00edle IMS, c\u00edlov\u00e9 hodnoty a programy v oblasti IMS a prov\u00e1d\u00ed 1x ro\u010dn\u011b pravideln\u00e9 p\u0159ezkoum\u00e1n\u00ed IMS tak, aby zajistilo neust\u00e1lou p\u0159im\u011b\u0159enost, adekv\u00e1tnost, \u00fa\u010dinnost a zlep\u0161ov\u00e1n\u00ed zaveden\u00e9ho IMS.\n<\/div><div class=\"bde-text-501-143 bde-text\">\nV Praze dne 1. 6. 2024\n<\/div><div class=\"bde-text-501-145 bde-text\">\nJaroslav Vost\u00e1rek, CEO\n<\/div>\n<\/div><\/div><a class=\"bde-text-link-501-146 bde-text-link breakdance-link\" href=\"https:\/\/hyverr.com\/wp-content\/uploads\/2025\/04\/Hyverr-ISO-27001.pdf\" target=\"_blank\" data-type=\"url\">\n  ISO 27001\n\n<\/a><div class=\"bde-button-501-124 bde-button\">\n        \n    \n    \n    \n    \n            \n                    \n            \n            \n\n    \n    \n    \n    \n    \n    <a class=\"breakdance-link button-atom button-atom--custom bde-button__button\" href=\"https:\/\/hyverr.com\/en\/\" target=\"_self\" data-type=\"url\"  >\n\n    \n        <span class=\"button-atom__text\">Back<\/span>\n\n                            \n        \n                <\/a>\n\n    \n\n\n<\/div><\/div>\n<\/section>","protected":false},"excerpt":{"rendered":"<p>Politika Integrovan\u00e9ho Syst\u00e9mu Managementu (IMS) Spole\u010dnost Hyverr, s.r.o. (d\u00e1le jen \u201eSpole\u010dnost\u201c) se zam\u011b\u0159uje na zlep\u0161ov\u00e1n\u00ed pr\u00e1ce v oblasti n\u00e1vrhu a v\u00fdvoje software na m\u00edru, a to v r\u00e1mci \u0161irok\u00e9 \u0161k\u00e1ly klientely a i specializac\u00ed, a to p\u0159edev\u0161\u00edm kvalitn\u00edmi a modern\u00edmi IT softwarov\u00fdmi \u0159e\u0161en\u00edmi, d\u00edky n\u00edm\u017e poskytuje Spole\u010dnost kvalitn\u011bj\u0161\u00ed a ucelen\u011bj\u0161\u00ed \u0159e\u0161en\u00ed s v\u00fdznamn\u00fdm dopadem na [&hellip;]<\/p>\n","protected":false},"author":1,"featured_media":0,"parent":0,"menu_order":0,"comment_status":"closed","ping_status":"closed","template":"","meta":{"_acf_changed":false,"_breakdance_hide_in_design_set":false,"_breakdance_tags":"","footnotes":""},"class_list":["post-501","page","type-page","status-publish","hentry"],"acf":[],"_links":{"self":[{"href":"https:\/\/hyverr.com\/en\/wp-json\/wp\/v2\/pages\/501","targetHints":{"allow":["GET"]}}],"collection":[{"href":"https:\/\/hyverr.com\/en\/wp-json\/wp\/v2\/pages"}],"about":[{"href":"https:\/\/hyverr.com\/en\/wp-json\/wp\/v2\/types\/page"}],"author":[{"embeddable":true,"href":"https:\/\/hyverr.com\/en\/wp-json\/wp\/v2\/users\/1"}],"replies":[{"embeddable":true,"href":"https:\/\/hyverr.com\/en\/wp-json\/wp\/v2\/comments?post=501"}],"version-history":[{"count":12,"href":"https:\/\/hyverr.com\/en\/wp-json\/wp\/v2\/pages\/501\/revisions"}],"predecessor-version":[{"id":1275,"href":"https:\/\/hyverr.com\/en\/wp-json\/wp\/v2\/pages\/501\/revisions\/1275"}],"wp:attachment":[{"href":"https:\/\/hyverr.com\/en\/wp-json\/wp\/v2\/media?parent=501"}],"curies":[{"name":"wp","href":"https:\/\/api.w.org\/{rel}","templated":true}]}}