{"id":467,"date":"2025-01-21T14:12:11","date_gmt":"2025-01-21T14:12:11","guid":{"rendered":"https:\/\/hyverr.com\/?page_id=467"},"modified":"2025-05-06T09:12:21","modified_gmt":"2025-05-06T09:12:21","slug":"swengineer","status":"publish","type":"page","link":"https:\/\/hyverr.com\/en\/career\/swengineer\/","title":{"rendered":"Software Engineer"},"content":{"rendered":"<section class=\"bde-section-467-100 bde-section\">\n  \n  \n\t\n\n\n\n<div class=\"section-container\"><\/div>\n<\/section><section class=\"bde-section-467-101 bde-section\">\n  \n  \n\t\n\n\n\n<div class=\"section-container\"><div class=\"bde-columns-467-102 bde-columns\"><div class=\"bde-column-467-103 bde-column\">\n  \n  \n\t\n\n\n\n<h2 class=\"bde-heading-467-104 bde-heading\">\nSoftware Engineer\n<\/h2>\n<\/div><\/div><div class=\"bde-columns-467-105 bde-columns\"><div class=\"bde-column-467-106 bde-column\">\n  \n  \n\t\n\n\n\n<div class=\"bde-fancy-divider-467-107 bde-fancy-divider\">\n\n\n<div class=\"bde-fancy-divider__wrapper\">\n  <div class=\"bde-fancy-divider__separator\">\n  \t  <\/div>\n<\/div>\n\n<\/div>\n<\/div><div class=\"bde-column-467-108 bde-column\">\n  \n  \n\t\n\n\n\n<h1 class=\"bde-heading-467-110 bde-heading\">\nHled\u00e1me zku\u0161en\u00e9ho program\u00e1tora! P\u0159idej se k na\u0161emu t\u00fdmu na dlouhodob\u00fd projekt\n<\/h1><div class=\"bde-text-467-109 bde-text\">\nHled\u00e1\u0161 nov\u00fd profesn\u00ed sm\u011br, kde m\u016f\u017ee\u0161 naplno vyu\u017e\u00edt sv\u00e9 zku\u0161enosti a<br>z\u00e1rove\u0148 m\u00edt prostor pro vlastn\u00ed r\u016fst?\n<\/div><div class=\"bde-text-467-125 bde-text\">\nMy hled\u00e1me pr\u00e1v\u011b tebe \u2013 <span style=\"color:#E87917;\">zodpov\u011bdn\u00e9ho a zku\u0161en\u00e9ho program\u00e1tora<\/span>,<br>kter\u00fd pos\u00edl\u00ed n\u00e1\u0161 t\u00fdm na dlouhodob\u00e9m z\u00e1kaznick\u00e9m projektu.\n<\/div><h1 class=\"bde-heading-467-112 bde-heading\">\nCo bys m\u011bl(a) m\u00edt?\n<\/h1><ul class=\"bde-basic-list-467-113 bde-basic-list\">\n  <li  >    \n          Znalost PHP a frameworku Laravel\n      <\/li>\n  <li  >    \n          Zku\u0161enosti s Oracle\/MSSQL datab\u00e1zemi\n      <\/li>\n  <li  >    \n          V\u00fdhodou znalost React\/Vue.js\n      <\/li>\n  <li  >    \n          Zku\u0161enost s dal\u0161\u00edmi programovac\u00edmi jazyky v\u00edt\u00e1na\n      <\/li>\n  <li  >    \n          A p\u0159edev\u0161\u00edm chu\u0165 vytv\u00e1\u0159et kvalitn\u00ed k\u00f3d a spolupracovat na zaj\u00edmav\u00fdch projektech\n      <\/li>\n<\/ul><h1 class=\"bde-heading-467-114 bde-heading\">\nCo ti nab\u00edz\u00edme?\n<\/h1><ul class=\"bde-basic-list-467-115 bde-basic-list\">\n  <li  >    \n          Pln\u011b flexibiln\u00ed prost\u0159ed\u00ed \u2013 pr\u00e1ce odkudkoliv, kdykoliv.\n      <\/li>\n  <li  >    \n          Mo\u017enost volby formy spolupr\u00e1ce \u2013 HPP, I\u010cO, DPP\/DP\u010c, part-time, v\u0161e je na domluv\u011b.\n      <\/li>\n  <li  >    \n          P\u0159\u00edle\u017eitost pod\u00edlet se na dal\u0161\u00edch projektech a ovlivnit rozvoj na\u0161\u00ed<br>spole\u010dnosti.\n      <\/li>\n  <li  >    \n          Dlouhodob\u00e1 stabilita na v\u00fdznamn\u00e9m projektu pro na\u0161eho kl\u00ed\u010dov\u00e9ho klienta.\n      <\/li>\n<\/ul><h1 class=\"bde-heading-467-116 bde-heading\">\nKoho hled\u00e1me?\n<\/h1><ul class=\"bde-basic-list-467-117 bde-basic-list\">\n  <li  >    \n          M\u00e1 smysl pro zodpov\u011bdnost a samostatnost.\n      <\/li>\n  <li  >    \n          Nehled\u00e1 jen pr\u00e1ci, ale chce b\u00fdt sou\u010d\u00e1st\u00ed n\u011b\u010deho, kde se m\u016f\u017ee realizovat.\n      <\/li>\n  <li  >    \n          Je p\u0159ipraven p\u0159in\u00e1\u0161et nov\u00e9 n\u00e1pady a pod\u00edlet se na inovac\u00edch.\n      <\/li>\n  <li  >    \n          Pokud hled\u00e1\u0161 p\u0159\u00edle\u017eitost, kde bude\u0161 m\u00edt mo\u017enost ovlivnit nejen projekt, ale i celkov\u00fd sm\u011br firmy, ozvi se n\u00e1m!\n      <\/li>\n<\/ul><h1 class=\"bde-heading-467-118 bde-heading\">\nBenefity\n<\/h1><ul class=\"bde-basic-list-467-119 bde-basic-list\">\n  <li  >    \n          Provize z prodeje\n      <\/li>\n  <li  >    \n          Mobiln\u00ed telefon\n      <\/li>\n  <li  >    \n          Notebook\n      <\/li>\n  <li  >    \n          Flexibiln\u00ed za\u010d\u00e1tek\/konec pracovn\u00ed doby\n      <\/li>\n  <li  >    \n          Stravenky\/p\u0159\u00edsp\u011bvek na stravov\u00e1n\u00ed\n      <\/li>\n  <li  >    \n          Dovolen\u00e1 5 t\u00fddn\u016f\n      <\/li>\n  <li  >    \n          Vzd\u011bl\u00e1vac\u00ed kurzy, \u0161kolen\u00ed\n      <\/li>\n  <li  >    \n          Vlastn\u00ed organizace n\u00e1pln\u011b pr\u00e1ce\n      <\/li>\n<\/ul><div class=\"bde-text-467-122 bde-text\">\nPokud V\u00e1s tato pozice zaujala, pros\u00edm za\u0161lete sv\u016fj \u017eivotopis na\n<\/div><a class=\"bde-text-link-467-123 bde-text-link breakdance-link\" href=\"mailto:michaela.skutova@okingroup.com\" target=\"_self\" data-type=\"url\">\n  michaela.skutova@okingroup.com\n\n<\/a>\n<\/div><\/div><div class=\"bde-button-467-124 bde-button\">\n        \n    \n    \n    \n    \n            \n                    \n            \n            \n\n    \n    \n    \n    \n    \n    <a class=\"breakdance-link button-atom button-atom--custom bde-button__button\" href=\"https:\/\/hyverr.com\/en\/career\/\" target=\"_self\" data-type=\"url\"  >\n\n    \n        <span class=\"button-atom__text\">Back<\/span>\n\n                            \n        \n                <\/a>\n\n    \n\n\n<\/div><\/div>\n<\/section>","protected":false},"excerpt":{"rendered":"<p>Software Engineer Hled\u00e1me zku\u0161en\u00e9ho program\u00e1tora! P\u0159idej se k na\u0161emu t\u00fdmu na dlouhodob\u00fd projekt Hled\u00e1\u0161 nov\u00fd profesn\u00ed sm\u011br, kde m\u016f\u017ee\u0161 naplno vyu\u017e\u00edt sv\u00e9 zku\u0161enosti az\u00e1rove\u0148 m\u00edt prostor pro vlastn\u00ed r\u016fst? My hled\u00e1me pr\u00e1v\u011b tebe \u2013 zodpov\u011bdn\u00e9ho a zku\u0161en\u00e9ho program\u00e1tora,kter\u00fd pos\u00edl\u00ed n\u00e1\u0161 t\u00fdm na dlouhodob\u00e9m z\u00e1kaznick\u00e9m projektu. Co bys m\u011bl(a) m\u00edt? Znalost PHP a frameworku Laravel Zku\u0161enosti [&hellip;]<\/p>\n","protected":false},"author":1,"featured_media":0,"parent":329,"menu_order":0,"comment_status":"closed","ping_status":"closed","template":"","meta":{"_acf_changed":false,"_breakdance_hide_in_design_set":false,"_breakdance_tags":"","footnotes":""},"class_list":["post-467","page","type-page","status-publish","hentry"],"acf":[],"_links":{"self":[{"href":"https:\/\/hyverr.com\/en\/wp-json\/wp\/v2\/pages\/467","targetHints":{"allow":["GET"]}}],"collection":[{"href":"https:\/\/hyverr.com\/en\/wp-json\/wp\/v2\/pages"}],"about":[{"href":"https:\/\/hyverr.com\/en\/wp-json\/wp\/v2\/types\/page"}],"author":[{"embeddable":true,"href":"https:\/\/hyverr.com\/en\/wp-json\/wp\/v2\/users\/1"}],"replies":[{"embeddable":true,"href":"https:\/\/hyverr.com\/en\/wp-json\/wp\/v2\/comments?post=467"}],"version-history":[{"count":12,"href":"https:\/\/hyverr.com\/en\/wp-json\/wp\/v2\/pages\/467\/revisions"}],"predecessor-version":[{"id":1273,"href":"https:\/\/hyverr.com\/en\/wp-json\/wp\/v2\/pages\/467\/revisions\/1273"}],"up":[{"embeddable":true,"href":"https:\/\/hyverr.com\/en\/wp-json\/wp\/v2\/pages\/329"}],"wp:attachment":[{"href":"https:\/\/hyverr.com\/en\/wp-json\/wp\/v2\/media?parent=467"}],"curies":[{"name":"wp","href":"https:\/\/api.w.org\/{rel}","templated":true}]}}