{"id":393,"date":"2025-01-21T10:38:59","date_gmt":"2025-01-21T10:38:59","guid":{"rendered":"https:\/\/hyverr.com\/?page_id=393"},"modified":"2026-02-25T09:14:01","modified_gmt":"2026-02-25T08:14:01","slug":"automation-solutions","status":"publish","type":"page","link":"https:\/\/hyverr.com\/en\/automation-solutions\/","title":{"rendered":"Automation solutions"},"content":{"rendered":"<section class=\"bde-section-393-100 bde-section\">\n  \n  \n\t\n\n\n\n<div class=\"section-container\"><\/div>\n<\/section><section class=\"bde-section-393-101 bde-section\">\n  \n  \n\t\n\n\n\n<div class=\"section-container\"><div class=\"bde-columns-393-102 bde-columns\"><div class=\"bde-column-393-104 bde-column\" data-entrance=\"slideLeft\">\n  \n  \n\t\n\n\n\n<h1 class=\"bde-heading-393-105 bde-heading translation-block\">Automation\nSolutions<\/h1>\n<\/div><\/div><div class=\"bde-columns-393-106 bde-columns\"><div class=\"bde-column-393-108 bde-column\">\n  \n  \n\t\n\n\n\n<h2 class=\"bde-heading-393-109 bde-heading\">\nRobotic Process Automation <span style=\"color:#E87917;\">(RPA)<\/span><br>\n<\/h2>\n<\/div><\/div><div class=\"bde-columns-393-112 bde-columns\"><div class=\"bde-column-393-113 bde-column\">\n  \n  \n\t\n\n\n\n<div class=\"bde-div-393-115 bde-div\">\n  \n  \n\t\n\n\n\n<h3 class=\"bde-heading-393-114 bde-heading translation-block\">RPA software robots can Handle data, Interact with systems just as humans do, and Follow business process rules.<\/h3>\n<\/div>\n<\/div><\/div><div class=\"bde-columns-393-121 bde-columns\"><div class=\"bde-column-393-123 bde-column\">\n  \n  \n\t\n\n\n\n<div class=\"bde-div-393-127 bde-div\">\n  \n  \n\t\n\n\n\n<div class=\"bde-text-393-124 bde-text\">\nHandle (read, write, transform validate, copy\/paste, attach, etc.) structured data\n<\/div>\n<\/div>\n<\/div><div class=\"bde-column-393-128 bde-column\">\n  \n  \n\t\n\n\n\n<div class=\"bde-div-393-129 bde-div\">\n  \n  \n\t\n\n\n\n<div class=\"bde-text-393-130 bde-text translation-block\">Interact via user interface (presentation layer)<\/div>\n<\/div>\n<\/div><div class=\"bde-column-393-131 bde-column\">\n  \n  \n\t\n\n\n\n<div class=\"bde-div-393-132 bde-div\">\n  \n  \n\t\n\n\n\n<div class=\"bde-text-393-133 bde-text\">\nFollow the business rules just as a human operator would\n<\/div>\n<\/div>\n<\/div><\/div><div class=\"bde-columns-393-134 bde-columns\"><div class=\"bde-column-393-135 bde-column\">\n  \n  \n\t\n\n\n\n<div class=\"bde-div-393-270 bde-div\">\n  \n  \n\t\n\n\n\n<div class=\"bde-div-393-138 bde-div\">\n  \n  \n\t\n\n\n\n<img decoding=\"async\" class=\"bde-image2-393-141 bde-image2\" src=\"https:\/\/hyverr.com\/wp-content\/uploads\/2025\/01\/Picture-1_png-1.avif\" loading=\"lazy\" sizes=\"(max-width: 30px) 100vw, 30px\"><div class=\"bde-text-393-140 bde-text\">\nE-mail\n<\/div>\n<\/div><div class=\"bde-div-393-142 bde-div\">\n  \n  \n\t\n\n\n\n<img decoding=\"async\" class=\"bde-image2-393-143 bde-image2\" src=\"https:\/\/hyverr.com\/wp-content\/uploads\/2025\/01\/Picture-1_png-2.avif\" loading=\"lazy\" sizes=\"(max-width: 30px) 100vw, 30px\"><div class=\"bde-text-393-144 bde-text\">\nWorkflow\n<\/div>\n<\/div><div class=\"bde-div-393-146 bde-div\">\n  \n  \n\t\n\n\n\n<img decoding=\"async\" class=\"bde-image2-393-147 bde-image2\" src=\"https:\/\/hyverr.com\/wp-content\/uploads\/2025\/01\/Picture-1_png-3.avif\" loading=\"lazy\" sizes=\"(max-width: 30px) 100vw, 30px\"><div class=\"bde-text-393-148 bde-text\">\nExcel, Word\n<\/div>\n<\/div><div class=\"bde-div-393-149 bde-div\">\n  \n  \n\t\n\n\n\n<img decoding=\"async\" class=\"bde-image2-393-150 bde-image2\" src=\"https:\/\/hyverr.com\/wp-content\/uploads\/2025\/01\/Picture-1_png-4.avif\" loading=\"lazy\" sizes=\"(max-width: 30px) 100vw, 30px\"><div class=\"bde-text-393-151 bde-text\">\nPDF\n<\/div>\n<\/div><div class=\"bde-div-393-152 bde-div\">\n  \n  \n\t\n\n\n\n<img decoding=\"async\" class=\"bde-image2-393-153 bde-image2\" src=\"https:\/\/hyverr.com\/wp-content\/uploads\/2025\/01\/Picture-1_png-5.avif\" loading=\"lazy\" sizes=\"(max-width: 30px) 100vw, 30px\"><div class=\"bde-text-393-154 bde-text\">\nDatabase\n<\/div>\n<\/div><div class=\"bde-div-393-155 bde-div\">\n  \n  \n\t\n\n\n\n<img decoding=\"async\" class=\"bde-image2-393-156 bde-image2\" src=\"https:\/\/hyverr.com\/wp-content\/uploads\/2025\/01\/Picture-1_png-6.avif\" loading=\"lazy\" sizes=\"(max-width: 30px) 100vw, 30px\"><div class=\"bde-text-393-157 bde-text\">\nERP\/CRM\n<\/div>\n<\/div>\n<\/div>\n<\/div><div class=\"bde-column-393-271 bde-column\">\n  \n  \n\t\n\n\n\n<div class=\"bde-div-393-272 bde-div\">\n  \n  \n\t\n\n\n\n<div class=\"bde-div-393-273 bde-div\">\n  \n  \n\t\n\n\n\n<img decoding=\"async\" class=\"bde-image2-393-160 bde-image2\" src=\"https:\/\/hyverr.com\/wp-content\/uploads\/2025\/01\/Picture-1_png-7.avif\" loading=\"lazy\" sizes=\"(max-width: 30px) 100vw, 30px\"><div class=\"bde-text-393-275 bde-text\">\nClick\n<\/div>\n<\/div><div class=\"bde-div-393-276 bde-div\">\n  \n  \n\t\n\n\n\n<img decoding=\"async\" class=\"bde-image2-393-163 bde-image2\" src=\"https:\/\/hyverr.com\/wp-content\/uploads\/2025\/01\/Picture-1_png-8.avif\" loading=\"lazy\" sizes=\"(max-width: 30px) 100vw, 30px\"><div class=\"bde-text-393-278 bde-text\">\nRun Application\n<\/div>\n<\/div><div class=\"bde-div-393-279 bde-div\">\n  \n  \n\t\n\n\n\n<img decoding=\"async\" class=\"bde-image2-393-166 bde-image2\" src=\"https:\/\/hyverr.com\/wp-content\/uploads\/2025\/01\/Picture-1_png-9.avif\" loading=\"lazy\" sizes=\"(max-width: 30px) 100vw, 30px\"><div class=\"bde-text-393-281 bde-text\">\nExtract\n<\/div>\n<\/div><div class=\"bde-div-393-282 bde-div\">\n  \n  \n\t\n\n\n\n<img decoding=\"async\" class=\"bde-image2-393-169 bde-image2\" src=\"https:\/\/hyverr.com\/wp-content\/uploads\/2025\/01\/Picture-1_png-10.avif\" loading=\"lazy\" sizes=\"(max-width: 30px) 100vw, 30px\"><div class=\"bde-text-393-284 bde-text\">\nCompare\n<\/div>\n<\/div><div class=\"bde-div-393-285 bde-div\">\n  \n  \n\t\n\n\n\n<img decoding=\"async\" class=\"bde-image2-393-172 bde-image2\" src=\"https:\/\/hyverr.com\/wp-content\/uploads\/2025\/01\/Picture-1_png-11.avif\" loading=\"lazy\" sizes=\"(max-width: 30px) 100vw, 30px\"><div class=\"bde-text-393-287 bde-text\">\nCopy\n<\/div>\n<\/div><div class=\"bde-div-393-288 bde-div\">\n  \n  \n\t\n\n\n\n<img decoding=\"async\" class=\"bde-image2-393-175 bde-image2\" src=\"https:\/\/hyverr.com\/wp-content\/uploads\/2025\/01\/Picture-1_png-12.avif\" loading=\"lazy\" sizes=\"(max-width: 30px) 100vw, 30px\"><div class=\"bde-text-393-290 bde-text\">\nReport\n<\/div>\n<\/div>\n<\/div>\n<\/div><div class=\"bde-column-393-137 bde-column\">\n  \n  \n\t\n\n\n\n<img decoding=\"async\" class=\"bde-image2-393-145 bde-image2\" src=\"https:\/\/hyverr.com\/wp-content\/uploads\/2025\/01\/Picture-13.avif\" loading=\"lazy\" sizes=\"(max-width: 296px) 100vw, 296px\">\n<\/div><\/div><div class=\"bde-columns-393-178 bde-columns\"><div class=\"bde-column-393-179 bde-column\">\n  \n  \n\t\n\n\n\n<h2 class=\"bde-heading-393-180 bde-heading translation-block\">We\u2019re a fast growing player in the field of intelligent automation services.<\/h2><div class=\"bde-div-393-310 bde-div\">\n  \n  \n\t\n\n\n\n<div class=\"bde-div-393-311 bde-div\" data-entrance=\"slideLeft\">\n  \n  \n\t\n\n\n\n<h1 class=\"bde-heading-393-312 bde-heading\">\n2016\n<\/h1><div class=\"bde-div-393-322 bde-div\">\n  \n  \n\t\n\n\n\n<div class=\"bde-text-393-313 bde-text\">\nOne of the first European partners for leading RPA vendor UiPath\n<\/div>\n<\/div>\n<\/div>\n<\/div><div class=\"bde-div-393-314 bde-div\">\n  \n  \n\t\n\n\n\n<div class=\"bde-div-393-315 bde-div\" data-entrance=\"slideLeft\">\n  \n  \n\t\n\n\n\n<h1 class=\"bde-heading-393-316 bde-heading\">\n2020\n<\/h1><div class=\"bde-div-393-324 bde-div\">\n  \n  \n\t\n\n\n\n<div class=\"bde-text-393-325 bde-text\">\nIntelligent automation services delivered across three continents (Europe, North America and Asia)\n<\/div>\n<\/div>\n<\/div>\n<\/div><div class=\"bde-div-393-318 bde-div\">\n  \n  \n\t\n\n\n\n<div class=\"bde-div-393-319 bde-div\" data-entrance=\"slideLeft\">\n  \n  \n\t\n\n\n\n<h1 class=\"bde-heading-393-320 bde-heading\">\n2021\n<\/h1><div class=\"bde-div-393-326 bde-div\">\n  \n  \n\t\n\n\n\n<div class=\"bde-text-393-327 bde-text\">\nOne of the first companies to gain the coveted USN\npartner certification with UiPath\n<\/div>\n<\/div>\n<\/div>\n<\/div><div class=\"bde-div-393-328 bde-div\">\n  \n  \n\t\n\n\n\n<div class=\"bde-div-393-329 bde-div\" data-entrance=\"slideLeft\">\n  \n  \n\t\n\n\n\n<h1 class=\"bde-heading-393-330 bde-heading\">\n2022\n<\/h1><div class=\"bde-div-393-331 bde-div\">\n  \n  \n\t\n\n\n\n<div class=\"bde-text-393-332 bde-text\">\nPreferred partner status for RunMyProcess workflow\nautomation platform across Europe and North America\n<\/div>\n<\/div>\n<\/div>\n<\/div><div class=\"bde-div-393-333 bde-div\">\n  \n  \n\t\n\n\n\n<div class=\"bde-div-393-334 bde-div\" data-entrance=\"slideLeft\">\n  \n  \n\t\n\n\n\n<h1 class=\"bde-heading-393-335 bde-heading\">\n2023\n<\/h1><div class=\"bde-div-393-336 bde-div\">\n  \n  \n\t\n\n\n\n<div class=\"bde-text-393-337 bde-text\">\nSuccessful Implementation of AI Projects for Automated Invoice Processing and Electronic Communications\n<\/div>\n<\/div>\n<\/div>\n<\/div>\n<\/div><\/div><div class=\"bde-columns-393-181 bde-columns\"><div class=\"bde-column-393-182 bde-column\">\n  \n  \n\t\n\n\n\n<h3 class=\"bde-heading-393-183 bde-heading translation-block\">Implementation methodology<\/h3>\n<\/div><\/div><div class=\"bde-columns-393-184 bde-columns\"><div class=\"bde-column-393-185 bde-column\">\n  \n  \n\t\n\n\n\n<h1 class=\"bde-heading-393-187 bde-heading\">\nEducate\n<\/h1><div class=\"bde-text-393-188 bde-text\">\nTeach all relevant business and IT stakeholders about the value of automation\n<\/div>\n<\/div><div class=\"bde-column-393-186 bde-column\">\n  \n  \n\t\n\n\n\n<img decoding=\"async\" class=\"bde-image2-393-306 bde-image2\" src=\"https:\/\/hyverr.com\/wp-content\/uploads\/2025\/05\/arrow-1-1.png\" loading=\"lazy\" srcset=\"https:\/\/hyverr.com\/wp-content\/uploads\/2025\/05\/arrow-1-1.png 56w, https:\/\/hyverr.com\/wp-content\/uploads\/2025\/05\/arrow-1-1-9x12.png 9w\" sizes=\"(max-width: 56px) 100vw, 56px\" data-entrance=\"flipDown\">\n<\/div><\/div><div class=\"bde-columns-393-189 bde-columns\"><div class=\"bde-column-393-193 bde-column\">\n  \n  \n\t\n\n\n\n<img decoding=\"async\" class=\"bde-image2-393-307 bde-image2\" src=\"https:\/\/hyverr.com\/wp-content\/uploads\/2025\/05\/arrow-2-1.png\" loading=\"lazy\" srcset=\"https:\/\/hyverr.com\/wp-content\/uploads\/2025\/05\/arrow-2-1.png 53w, https:\/\/hyverr.com\/wp-content\/uploads\/2025\/05\/arrow-2-1-9x12.png 9w\" sizes=\"(max-width: 53px) 100vw, 53px\" data-entrance=\"flipDown\">\n<\/div><div class=\"bde-column-393-190 bde-column\">\n  \n  \n\t\n\n\n\n<h1 class=\"bde-heading-393-191 bde-heading\">\nIdentify\n<\/h1><div class=\"bde-text-393-192 bde-text\">\nFind key targets \u2013 processes which are repetitive, expensive, or resource intensive\n<\/div>\n<\/div><\/div><div class=\"bde-columns-393-194 bde-columns\"><div class=\"bde-column-393-196 bde-column\">\n  \n  \n\t\n\n\n\n<h1 class=\"bde-heading-393-197 bde-heading\">\nCreate\n<\/h1><div class=\"bde-text-393-198 bde-text\">\nBuild your process road map to identify target areas and develop the implementation model\n<\/div>\n<\/div><div class=\"bde-column-393-195 bde-column\">\n  \n  \n\t\n\n\n\n<img decoding=\"async\" class=\"bde-image2-393-308 bde-image2\" src=\"https:\/\/hyverr.com\/wp-content\/uploads\/2025\/05\/arrow-1-removebg-preview.png\" loading=\"lazy\" srcset=\"https:\/\/hyverr.com\/wp-content\/uploads\/2025\/05\/arrow-1-removebg-preview.png 56w, https:\/\/hyverr.com\/wp-content\/uploads\/2025\/05\/arrow-1-removebg-preview-9x12.png 9w\" sizes=\"(max-width: 56px) 100vw, 56px\"><img decoding=\"async\" class=\"bde-image2-393-338 bde-image2\" src=\"https:\/\/hyverr.com\/wp-content\/uploads\/2025\/05\/arrow-1-1.png\" loading=\"lazy\" srcset=\"https:\/\/hyverr.com\/wp-content\/uploads\/2025\/05\/arrow-1-1.png 56w, https:\/\/hyverr.com\/wp-content\/uploads\/2025\/05\/arrow-1-1-9x12.png 9w\" sizes=\"(max-width: 56px) 100vw, 56px\" data-entrance=\"flipDown\">\n<\/div><\/div><div class=\"bde-columns-393-199 bde-columns\"><div class=\"bde-column-393-203 bde-column\">\n  \n  \n\t\n\n\n\n<img decoding=\"async\" class=\"bde-image2-393-309 bde-image2\" src=\"https:\/\/hyverr.com\/wp-content\/uploads\/2025\/05\/arrow-2-1.png\" loading=\"lazy\" srcset=\"https:\/\/hyverr.com\/wp-content\/uploads\/2025\/05\/arrow-2-1.png 53w, https:\/\/hyverr.com\/wp-content\/uploads\/2025\/05\/arrow-2-1-9x12.png 9w\" sizes=\"(max-width: 53px) 100vw, 53px\" data-entrance=\"flipDown\">\n<\/div><div class=\"bde-column-393-200 bde-column\">\n  \n  \n\t\n\n\n\n<h1 class=\"bde-heading-393-201 bde-heading\">\nProof of concept\n<\/h1><div class=\"bde-text-393-202 bde-text\">\nDecide the role your organization should play and choose the right automation technology\n<\/div>\n<\/div><\/div><div class=\"bde-columns-393-204 bde-columns\"><div class=\"bde-column-393-206 bde-column\">\n  \n  \n\t\n\n\n\n<h1 class=\"bde-heading-393-207 bde-heading\">\nPilot\n<\/h1><div class=\"bde-text-393-208 bde-text\">\nDeploy the first automated processes into production and identify any unexpected issues\n<\/div>\n<\/div><div class=\"bde-column-393-205 bde-column\">\n  \n  \n\t\n\n\n\n<img decoding=\"async\" class=\"bde-image2-393-340 bde-image2\" src=\"https:\/\/hyverr.com\/wp-content\/uploads\/2025\/05\/arrow-1-1.png\" loading=\"lazy\" srcset=\"https:\/\/hyverr.com\/wp-content\/uploads\/2025\/05\/arrow-1-1.png 56w, https:\/\/hyverr.com\/wp-content\/uploads\/2025\/05\/arrow-1-1-9x12.png 9w\" sizes=\"(max-width: 56px) 100vw, 56px\" data-entrance=\"flipDown\">\n<\/div><\/div><div class=\"bde-columns-393-209 bde-columns\"><div class=\"bde-column-393-213 bde-column\">\n  \n  \n\t\n\n\n\n<img decoding=\"async\" class=\"bde-image2-393-341 bde-image2\" src=\"https:\/\/hyverr.com\/wp-content\/uploads\/2025\/05\/arrow-2-1.png\" loading=\"lazy\" srcset=\"https:\/\/hyverr.com\/wp-content\/uploads\/2025\/05\/arrow-2-1.png 53w, https:\/\/hyverr.com\/wp-content\/uploads\/2025\/05\/arrow-2-1-9x12.png 9w\" sizes=\"(max-width: 53px) 100vw, 53px\" data-entrance=\"flipDown\">\n<\/div><div class=\"bde-column-393-210 bde-column\">\n  \n  \n\t\n\n\n\n<h1 class=\"bde-heading-393-211 bde-heading\">\nRamp up\n<\/h1><div class=\"bde-text-393-212 bde-text\">\nOptimize new virtual workforce, identify next targets, and scale the implementation project\n<\/div>\n<\/div><\/div><div class=\"bde-columns-393-214 bde-columns\"><div class=\"bde-column-393-216 bde-column\">\n  \n  \n\t\n\n\n\n<h1 class=\"bde-heading-393-217 bde-heading\">\nInstitutionalize\n<\/h1><div class=\"bde-text-393-218 bde-text\">\nEmbed best practice, promote RPA, and build knowledge and skills across the organization\n<\/div>\n<\/div><div class=\"bde-column-393-215 bde-column\">\n  \n  \n\t\n\n\n\n\n<\/div><\/div><div class=\"bde-columns-393-221 bde-columns\"><div class=\"bde-column-393-222 bde-column\">\n  \n  \n\t\n\n\n\n<h3 class=\"bde-heading-393-224 bde-heading translation-block\">We work with great partners<\/h3>\n<\/div><\/div><div class=\"bde-columns-393-225 bde-columns\"><div class=\"bde-column-393-226 bde-column\">\n  \n  \n\t\n\n\n\n<div class=\"bde-text-393-228 bde-text\">\nWe work with a broad range of innovative technology partners and have top level certifications with all of the most important automation vendors.\n<\/div><div class=\"bde-text-393-229 bde-text\">\nWhich means that you can lean on us for outstanding, technology-enabled services for your business.\n<\/div>\n<\/div><div class=\"bde-column-393-227 bde-column\">\n  \n  \n\t\n\n\n\n<div class=\"bde-columns-393-264 bde-columns\"><div class=\"bde-column-393-265 bde-column\">\n  \n  \n\t\n\n\n\n<img decoding=\"async\" class=\"bde-image2-393-291 bde-image2\" src=\"https:\/\/hyverr.com\/wp-content\/uploads\/2025\/05\/uipath-vector-logo-e1746728283982.png\" loading=\"lazy\" srcset=\"https:\/\/hyverr.com\/wp-content\/uploads\/2025\/05\/uipath-vector-logo-e1746728283982.png 652w, https:\/\/hyverr.com\/wp-content\/uploads\/2025\/05\/uipath-vector-logo-e1746728283982-300x121.png 300w, https:\/\/hyverr.com\/wp-content\/uploads\/2025\/05\/uipath-vector-logo-e1746728283982-18x7.png 18w\" sizes=\"(max-width: 652px) 100vw, 652px\" data-entrance=\"zoomIn\">\n<\/div><div class=\"bde-column-393-292 bde-column\">\n  \n  \n\t\n\n\n\n<img decoding=\"async\" class=\"bde-image2-393-293 bde-image2\" src=\"https:\/\/hyverr.com\/wp-content\/uploads\/2025\/05\/UIPathCert.png\" loading=\"lazy\" srcset=\"https:\/\/hyverr.com\/wp-content\/uploads\/2025\/05\/UIPathCert.png 194w, https:\/\/hyverr.com\/wp-content\/uploads\/2025\/05\/UIPathCert-18x3.png 18w\" sizes=\"(max-width: 194px) 100vw, 194px\" data-entrance=\"zoomIn\">\n<\/div><\/div><div class=\"bde-columns-393-294 bde-columns\"><div class=\"bde-column-393-295 bde-column\">\n  \n  \n\t\n\n\n\n<img decoding=\"async\" class=\"bde-image2-393-296 bde-image2\" src=\"https:\/\/hyverr.com\/wp-content\/uploads\/2025\/05\/Blue_Prism_logo.png\" loading=\"lazy\" srcset=\"https:\/\/hyverr.com\/wp-content\/uploads\/2025\/05\/Blue_Prism_logo.png 194w, https:\/\/hyverr.com\/wp-content\/uploads\/2025\/05\/Blue_Prism_logo-18x4.png 18w\" sizes=\"(max-width: 194px) 100vw, 194px\" data-entrance=\"zoomIn\">\n<\/div><div class=\"bde-column-393-297 bde-column\">\n  \n  \n\t\n\n\n\n<img decoding=\"async\" class=\"bde-image2-393-362 bde-image2\" src=\"https:\/\/hyverr.com\/wp-content\/uploads\/2025\/05\/AutAnywhere-uoravene.png\" loading=\"lazy\" srcset=\"https:\/\/hyverr.com\/wp-content\/uploads\/2025\/05\/AutAnywhere-uoravene.png 647w, https:\/\/hyverr.com\/wp-content\/uploads\/2025\/05\/AutAnywhere-uoravene-300x109.png 300w, https:\/\/hyverr.com\/wp-content\/uploads\/2025\/05\/AutAnywhere-uoravene-18x7.png 18w\" sizes=\"(max-width: 647px) 100vw, 647px\" data-entrance=\"zoomIn\">\n<\/div><\/div><div class=\"bde-columns-393-299 bde-columns\"><div class=\"bde-column-393-300 bde-column\">\n  \n  \n\t\n\n\n\n<img decoding=\"async\" class=\"bde-image2-393-301 bde-image2\" src=\"https:\/\/hyverr.com\/wp-content\/uploads\/2025\/05\/hyland-e1746728045603.png\" loading=\"lazy\" srcset=\"https:\/\/hyverr.com\/wp-content\/uploads\/2025\/05\/hyland-e1746728045603.png 652w, https:\/\/hyverr.com\/wp-content\/uploads\/2025\/05\/hyland-e1746728045603-300x119.png 300w, https:\/\/hyverr.com\/wp-content\/uploads\/2025\/05\/hyland-e1746728045603-18x7.png 18w\" sizes=\"(max-width: 652px) 100vw, 652px\" data-entrance=\"zoomIn\">\n<\/div><\/div>\n<\/div><\/div><div class=\"bde-columns-393-246 bde-columns\"><div class=\"bde-column-393-247 bde-column\">\n  \n  \n\t\n\n\n\n<h3 class=\"bde-heading-393-248 bde-heading translation-block\">Examples<span style=\"color:#E87917\"> of completed projects<\/span><\/h3>\n<\/div><\/div><div class=\"bde-div-393-376 bde-div\">\n  \n  \n\t\n\n\n\n<div class=\"bde-code-block-393-375 bde-code-block\">\n\n  <!-- --------------------------------------------------------------------\n     3) Hlavn\u00ed p\u0159ehr\u00e1va\u010d\n     ----------------------------------------------------------------- -->\n<div id=\"video-gallery\">\n\t<iframe\n\t\tid=\"mainVideo\"\n\t\tstyle=\"width:100%; height:550px!important;\"\n\t\tsrc=\"https:\/\/www.youtube.com\/embed\/XBIB5gHQ_iM?rel=0\"\n\t\ttitle=\"YouTube video player\" frameborder=\"0\"\n\t\tallow=\"accelerometer; autoplay; clipboard-write; encrypted-media; gyroscope; picture-in-picture; web-share\"\n\t\tallowfullscreen>\n\t<\/iframe>\n\n\t<!-- ----------------------------------------------------------------\n\t     4) Grid miniatur\n\t     ---------------------------------------------------------------- -->\n\t<div class=\"thumb-grid\">\n\t\t\t\t\t<button class=\"thumb is-active\"\n\t\t\t\t\tdata-id=\"XBIB5gHQ_iM\">\n\t\t\t\t<img decoding=\"async\" src=\"https:\/\/img.youtube.com\/vi\/XBIB5gHQ_iM\/mqdefault.jpg\" alt=\"\">\n\t\t\t\t<span class=\"play-icon\">\u25b6<\/span>\n\t\t\t<\/button>\n\t\t\t\t\t<button class=\"thumb\"\n\t\t\t\t\tdata-id=\"Ygth-4r5nUQ\">\n\t\t\t\t<img decoding=\"async\" src=\"https:\/\/img.youtube.com\/vi\/Ygth-4r5nUQ\/mqdefault.jpg\" alt=\"\">\n\t\t\t\t<span class=\"play-icon\">\u25b6<\/span>\n\t\t\t<\/button>\n\t\t\t\t\t<button class=\"thumb\"\n\t\t\t\t\tdata-id=\"S9oCJ3tVRqQ\">\n\t\t\t\t<img decoding=\"async\" src=\"https:\/\/img.youtube.com\/vi\/S9oCJ3tVRqQ\/mqdefault.jpg\" alt=\"\">\n\t\t\t\t<span class=\"play-icon\">\u25b6<\/span>\n\t\t\t<\/button>\n\t\t\t\t\t<button class=\"thumb\"\n\t\t\t\t\tdata-id=\"f6DlRugwgEU\">\n\t\t\t\t<img decoding=\"async\" src=\"https:\/\/img.youtube.com\/vi\/f6DlRugwgEU\/mqdefault.jpg\" alt=\"\">\n\t\t\t\t<span class=\"play-icon\">\u25b6<\/span>\n\t\t\t<\/button>\n\t\t\t\t\t<button class=\"thumb\"\n\t\t\t\t\tdata-id=\"LyIPER74AxA\">\n\t\t\t\t<img decoding=\"async\" src=\"https:\/\/img.youtube.com\/vi\/LyIPER74AxA\/mqdefault.jpg\" alt=\"\">\n\t\t\t\t<span class=\"play-icon\">\u25b6<\/span>\n\t\t\t<\/button>\n\t\t\t\t\t<button class=\"thumb\"\n\t\t\t\t\tdata-id=\"rnjkx0dsO-I\">\n\t\t\t\t<img decoding=\"async\" src=\"https:\/\/img.youtube.com\/vi\/rnjkx0dsO-I\/mqdefault.jpg\" alt=\"\">\n\t\t\t\t<span class=\"play-icon\">\u25b6<\/span>\n\t\t\t<\/button>\n\t\t\t\t\t<button class=\"thumb\"\n\t\t\t\t\tdata-id=\"lXB9XNTAMTo\">\n\t\t\t\t<img decoding=\"async\" src=\"https:\/\/img.youtube.com\/vi\/lXB9XNTAMTo\/mqdefault.jpg\" alt=\"\">\n\t\t\t\t<span class=\"play-icon\">\u25b6<\/span>\n\t\t\t<\/button>\n\t\t\t\t\t<button class=\"thumb\"\n\t\t\t\t\tdata-id=\"bEbXJf3rvMM\">\n\t\t\t\t<img decoding=\"async\" src=\"https:\/\/img.youtube.com\/vi\/bEbXJf3rvMM\/mqdefault.jpg\" alt=\"\">\n\t\t\t\t<span class=\"play-icon\">\u25b6<\/span>\n\t\t\t<\/button>\n\t\t\t\t\t<button class=\"thumb\"\n\t\t\t\t\tdata-id=\"lIrXw67l0qI\">\n\t\t\t\t<img decoding=\"async\" src=\"https:\/\/img.youtube.com\/vi\/lIrXw67l0qI\/mqdefault.jpg\" alt=\"\">\n\t\t\t\t<span class=\"play-icon\">\u25b6<\/span>\n\t\t\t<\/button>\n\t\t\t<\/div>\n<\/div>\n\n<!-- --------------------------------------------------------------------\n     5) P\u0159ep\u00edn\u00e1n\u00ed vide\u00ed\n     ---------------------------------------------------------------- -->\n<script>\ndocument.addEventListener('DOMContentLoaded', () => {\n\tconst main = document.getElementById('mainVideo');\n\n\tdocument.querySelectorAll('#video-gallery .thumb').forEach(btn => {\n\t\tbtn.addEventListener('click', () => {\n\t\t\tconst id = btn.dataset.id;\n\t\t\tmain.src = `https:\/\/www.youtube.com\/embed\/${id}?autoplay=1&rel=0`;\n\n\t\t\tdocument.querySelector('#video-gallery .thumb.is-active')\n\t\t\t\t?.classList.remove('is-active');\n\t\t\tbtn.classList.add('is-active');\n\t\t});\n\t});\n});\n<\/script>\n\n\n\n<\/div>\n<\/div><div class=\"bde-button-393-269 bde-button\">\n        \n    \n    \n    \n    \n            \n                    \n            \n            \n\n    \n    \n    \n    \n    \n    <a class=\"breakdance-link button-atom button-atom--custom bde-button__button\" href=\"https:\/\/hyverr.com\/en\/automation\/\" target=\"_self\" data-type=\"url\"  >\n\n    \n        <span class=\"button-atom__text\">Back<\/span>\n\n                            \n        \n                <\/a>\n\n    \n\n\n<\/div><\/div>\n<\/section>","protected":false},"excerpt":{"rendered":"<p>Automatiza\u010dn\u00ed \u0158e\u0161en\u00ed Robotic Process Automation (RPA) Zpracov\u00e1v\u00e1 data, Komunikuje se syst\u00e9my, N\u00e1sleduje pravidla, stejn\u011b jako to d\u011blaj\u00ed lid\u00e9. Zpracova\u0301vat (c\u030ci\u0301st, zapisovat, me\u030cnit, ove\u030cr\u030covat, exportovat) strukturovana\u0301 data Komunikovatprostr\u030cednictvi\u0301m uz\u030civatelske\u0301ho rozhrani\u0301 (prezentac\u030cni\u0301 vrstvy) N\u00e1sledovatprocesn\u00ed pravidla stejn\u011b jako lidsk\u00fd pracovn\u00edk E-mail Workflow Excel, Word PDF Database ERP\/CRM Click Run Application Extract Compare Copy Report Jsme rychle rostouc\u00edm hr\u00e1\u010dem [&hellip;]<\/p>\n","protected":false},"author":1,"featured_media":0,"parent":0,"menu_order":0,"comment_status":"closed","ping_status":"closed","template":"","meta":{"_acf_changed":false,"_breakdance_hide_in_design_set":false,"_breakdance_tags":"","footnotes":""},"class_list":["post-393","page","type-page","status-publish","hentry"],"acf":[],"_links":{"self":[{"href":"https:\/\/hyverr.com\/en\/wp-json\/wp\/v2\/pages\/393","targetHints":{"allow":["GET"]}}],"collection":[{"href":"https:\/\/hyverr.com\/en\/wp-json\/wp\/v2\/pages"}],"about":[{"href":"https:\/\/hyverr.com\/en\/wp-json\/wp\/v2\/types\/page"}],"author":[{"embeddable":true,"href":"https:\/\/hyverr.com\/en\/wp-json\/wp\/v2\/users\/1"}],"replies":[{"embeddable":true,"href":"https:\/\/hyverr.com\/en\/wp-json\/wp\/v2\/comments?post=393"}],"version-history":[{"count":40,"href":"https:\/\/hyverr.com\/en\/wp-json\/wp\/v2\/pages\/393\/revisions"}],"predecessor-version":[{"id":1918,"href":"https:\/\/hyverr.com\/en\/wp-json\/wp\/v2\/pages\/393\/revisions\/1918"}],"wp:attachment":[{"href":"https:\/\/hyverr.com\/en\/wp-json\/wp\/v2\/media?parent=393"}],"curies":[{"name":"wp","href":"https:\/\/api.w.org\/{rel}","templated":true}]}}