{"id":351,"date":"2025-01-21T09:25:26","date_gmt":"2025-01-21T09:25:26","guid":{"rendered":"https:\/\/hyverr.com\/?page_id=351"},"modified":"2026-02-12T18:13:13","modified_gmt":"2026-02-12T17:13:13","slug":"contact-us","status":"publish","type":"page","link":"https:\/\/hyverr.com\/en\/contact-us\/","title":{"rendered":"Contact us"},"content":{"rendered":"<section class=\"bde-section-351-100 bde-section\">\n  \n  \n\t\n\n\n\n<div class=\"section-container\"><div class=\"bde-columns-351-101 bde-columns\"><div class=\"bde-column-351-102 bde-column\">\n  \n  \n\t\n\n\n\n<h2 class=\"bde-heading-351-103 bde-heading\">\nKontaktujte  <span style=\"color:#E87917;\">n\u00e1s<\/span>\n<\/h2>\n<\/div><\/div><div class=\"bde-columns-351-107 bde-columns\"><div class=\"bde-column-351-108 bde-column\">\n  \n  \n\t\n\n\n\n<div class=\"bde-text-351-110 bde-text\">\nHyverr s.r.o.\n<\/div><div class=\"bde-text-351-111 bde-text\">\nVelkop\u0159evorsk\u00e9 n\u00e1m\u011bst\u00ed 488\/5<br>118 00 Praha \u2013 Mal\u00e1 Strana<br>\u200b\u010cesk\u00e1 Republika\n<\/div>\n<\/div><\/div><div class=\"bde-columns-351-112 bde-columns\"><div class=\"bde-column-351-113 bde-column\">\n  \n  \n\t\n\n\n\n<div class=\"bde-text-351-115 bde-text\">\nI\u010cO: <span style=\"E87917;\">06696236<\/span><br>DI\u010c:  <span style=\"color:#E87917;\">CZ06696236<\/span><br>Datov\u00e1 schr\u00e1nka:  <span style=\"color:#E87917;\">3fdw8k9<\/span>\n<\/div><div class=\"bde-social-icons-351-116 bde-social-icons\">\n                  \n            \n            \n\n    \n    \n    \n    \n    \n    <a class=\"breakdance-link bde-social-icons__icon-wrapper bde-social-icons__icon-linkedin\" href=\"https:\/\/cz.linkedin.com\/company\/hyverrsro\" target=\"_blank\" data-type=\"url\" aria-label=\"linkedin\" rel=\"noopener\">\n\n             <svg xmlns=\"http:\/\/www.w3.org\/2000\/svg\" width=\"100%\" viewBox=\"-4 -2 32 32\">\n            <path d=\"M4.98 3.5c0 1.381-1.11 2.5-2.48 2.5s-2.48-1.119-2.48-2.5c0-1.38 1.11-2.5 2.48-2.5s2.48 1.12 2.48 2.5zm.02 4.5h-5v16h5v-16zm7.982 0h-4.968v16h4.969v-8.399c0-4.67 6.029-5.052 6.029 0v8.399h4.988v-10.131c0-7.88-8.922-7.593-11.018-3.714v-2.155z\"\/>\n       <\/svg>\n              <\/a>\n\n    \n<\/div>\n<\/div><\/div><\/div>\n<\/section><section class=\"bde-section-351-120 bde-section\">\n  \n  \n\t\n\n\n\n<div class=\"section-container\"><div class=\"bde-columns-351-122 bde-columns\"><div class=\"bde-column-351-124 bde-column\" data-entrance=\"slideLeft\">\n  \n  \n\t\n\n\n\n<div class=\"bde-form-builder-351-121 bde-form-builder\">\n\n<form id=\"contact-form121\" class=\"breakdance-form breakdance-form--vertical\" data-options=\"{&quot;slug&quot;:&quot;custom&quot;,&quot;name&quot;:&quot;Contact Form&quot;,&quot;ajaxUrl&quot;:&quot;https:\\\/\\\/hyverr.com\\\/wp-admin\\\/admin-ajax.php&quot;,&quot;clearOnSuccess&quot;:true,&quot;hideOnSuccess&quot;:false,&quot;successMessage&quot;:&quot;Va\\u0161e zpr\\u00e1va byla \\u00fasp\\u011b\\u0161n\\u011b odesl\\u00e1na.&quot;,&quot;errorMessage&quot;:&quot;N\\u011bco se pokazilo.&quot;,&quot;redirect&quot;:false,&quot;redirectUrl&quot;:&quot;&quot;,&quot;customJavaScript&quot;:&quot;&quot;,&quot;recaptcha&quot;:{&quot;key&quot;:&quot;&quot;,&quot;enabled&quot;:false},&quot;honeypot_enabled&quot;:true,&quot;popupsOnSuccess&quot;:[],&quot;popupsOnError&quot;:[]}\" data-steps=\"0\" >\n  \n  \n  \n<div class=\"breakdance-form-field breakdance-form-field--text\" >\n    \n    \n            <label class=\"breakdance-form-field__label\" for=\"name\">\n            Jm\u00e9no a p\u0159\u00edjmen\u00ed \n        <\/label>\n    \n    <input\n    class=\"breakdance-form-field__input\"\n    id=\"name\"\n    aria-describedby=\"name\"\n    type=\"text\"\n    name=\"fields[name]\"\n    placeholder=\"\"\n    value=\"\"\n                \n        \n        \n    \n    \n    \n    \n    \n    \n>\n\n\n    \n    \n<\/div>\n\n\n<div class=\"breakdance-form-field breakdance-form-field--text\" >\n    \n    \n            <label class=\"breakdance-form-field__label\" for=\"\">\n            Spole\u010dnost\n        <\/label>\n    \n    <input\n    class=\"breakdance-form-field__input\"\n    \n    \n    type=\"text\"\n    name=\"fields[text_spolecnost]\"\n    placeholder=\"\"\n    value=\"\"\n                \n        \n        \n    \n    \n    \n    \n    \n    \n>\n\n\n    \n    \n<\/div>\n\n\n<div class=\"breakdance-form-field breakdance-form-field--email\" >\n    \n    \n            <label class=\"breakdance-form-field__label\" for=\"message\">\n            Email\n        <\/label>\n    \n    <input\n    class=\"breakdance-form-field__input\"\n    id=\"message\"\n    aria-describedby=\"message\"\n    type=\"email\"\n    name=\"fields[message]\"\n    placeholder=\"\"\n    value=\"\"\n                \n        \n        \n    \n    \n    \n    \n    \n    \n>\n\n\n    \n    \n<\/div>\n\n\n<div class=\"breakdance-form-field breakdance-form-field--textarea\" >\n    \n    \n            <label class=\"breakdance-form-field__label\" for=\"irvjzh\">\n            Zpr\u00e1va\n        <\/label>\n    \n    <textarea\n    class=\"breakdance-form-field__input\"\n    id=\"irvjzh\"\n    aria-describedby=\"irvjzh\"\n    type=\"textarea\"\n    name=\"fields[irvjzh]\"\n        placeholder=\"\"\n    \n    \n    \n    >\n<\/textarea>\n\n\n    \n    \n<\/div>\n\n\n<div class=\"breakdance-form-field breakdance-form-field--checkbox breakdance-form-field__hide-label\" >\n    \n    \n    \n    <fieldset role=\"group\"\n    aria-label=\"Name\"\n    >\n       <legend class=\"breakdance-form-field__label\">Name<span class=\"breakdance-form-field__required\">*<\/span><\/legend>\n          <div class=\"breakdance-form-checkbox\">\n          <input\n              type=\"checkbox\"\n              name=\"fields[xrtmer]\"\n              value=\"Beru na v\u011bdom\u00ed Z\u00e1sady o zpracov\u00e1n\u00ed osobn\u00edch \u00fadaj\u016f um\u00edst\u011bn\u00e9 na webov\u00fdch str\u00e1nk\u00e1ch spole\u010dnosti, kter\u00e9 obsahuj\u00ed bli\u017e\u0161\u00ed informace o zpracov\u00e1n\u00ed osobn\u00edch \u00fadaj\u016f. Spr\u00e1vcem budou zpracov\u00e1v\u00e1na pouze ty osobn\u00ed \u00fadaje, kter\u00e9 v zpr\u00e1v\u011b poskytnete, a to pro \u00fa\u010dely komunikace v souvislosti s p\u0159edm\u011btem Va\u0161\u00ed zpr\u00e1vy a vy\u0159\u00edzen\u00ed Va\u0161\u00ed zpr\u00e1vy, p\u0159i\u010dem\u017e pr\u00e1vn\u00edm d\u016fvodem takov\u00e9ho zpracov\u00e1n\u00ed je opr\u00e1vn\u011bn\u00fd z\u00e1jem na zodpov\u011bzen\u00ed zpr\u00e1vy a jej\u00ed vy\u0159\u00edzen\u00ed.\"\n              id=\"xrtmer-1\"\n              \n              \n                        >\n          <label class=\"breakdance-form-checkbox__text\" for=\"xrtmer-1\">Beru na v\u011bdom\u00ed Z\u00e1sady o zpracov\u00e1n\u00ed osobn\u00edch \u00fadaj\u016f um\u00edst\u011bn\u00e9 na webov\u00fdch str\u00e1nk\u00e1ch spole\u010dnosti, kter\u00e9 obsahuj\u00ed bli\u017e\u0161\u00ed informace o zpracov\u00e1n\u00ed osobn\u00edch \u00fadaj\u016f. Spr\u00e1vcem budou zpracov\u00e1v\u00e1na pouze ty osobn\u00ed \u00fadaje, kter\u00e9 v zpr\u00e1v\u011b poskytnete, a to pro \u00fa\u010dely komunikace v souvislosti s p\u0159edm\u011btem Va\u0161\u00ed zpr\u00e1vy a vy\u0159\u00edzen\u00ed Va\u0161\u00ed zpr\u00e1vy, p\u0159i\u010dem\u017e pr\u00e1vn\u00edm d\u016fvodem takov\u00e9ho zpracov\u00e1n\u00ed je opr\u00e1vn\u011bn\u00fd z\u00e1jem na zodpov\u011bzen\u00ed zpr\u00e1vy a jej\u00ed vy\u0159\u00edzen\u00ed.<\/label>\n      <\/div>\n  <\/fieldset>\n\n\n\n    \n    \n<\/div>\n\n\n<div class=\"breakdance-form-field breakdance-form-field--hpinput\" >\n    \n    \n            <label class=\"breakdance-form-field__label\" for=\"hpname\">\n            HP Name\n        <\/label>\n    \n    <input\n    class=\"breakdance-form-field__input\"\n    id=\"hpname\"\n    aria-describedby=\"hpname\"\n    type=\"hpinput\"\n    name=\"fields[hpname]\"\n    placeholder=\"\"\n    value=\"\"\n                \n        \n        \n    \n    autocomplete=\"off\"\n    tabindex=\"-1\"\n    \n    \n    \n>\n\n\n    \n    \n<\/div><div class=\"breakdance-form-field breakdance-form-footer\">    \n    \n    \n    \n    \n            \n            <button type=\"submit\" class=\"button-atom button-atom--primary breakdance-form-button breakdance-form-button__submit\"  >\n    \n        <span class=\"button-atom__text\">Poslat<\/span>\n\n        \n        \n            <\/button>\n    \n    <input type=\"hidden\" name=\"form_id\" value=\"121\">\n    <input type=\"hidden\" name=\"post_id\" value=\"351\">\n<\/div>\n\n  \n<\/form>\n\n\n<\/div>\n<\/div><\/div><\/div>\n<\/section><section class=\"bde-section-351-125 bde-section\">\n  \n  \n\t\n\n\n\n<div class=\"section-container\"><div class=\"bde-columns-351-126 bde-columns\"><div class=\"bde-column-351-127 bde-column\">\n  \n  \n\t\n\n\n\n<h2 class=\"bde-heading-351-128 bde-heading\">\nKde n\u00e1s najdete\n<\/h2>\n<\/div><\/div><\/div>\n<\/section><section class=\"bde-section-351-130 bde-section\">\n  \n  \n\t\n\n\n\n<div class=\"section-container\"><div class=\"bde-columns-351-131 bde-columns\"><div class=\"bde-column-351-132 bde-column\">\n  \n  \n\t\n\n\n\n<h3 class=\"bde-heading-351-133 bde-heading\">\nFaktura\u010dn\u00ed adresa\n<\/h3><div class=\"bde-div-351-273 bde-div\">\n  \n  \n\t\n\n\n\n<div class=\"bde-text-351-134 bde-text\">\nVelkop\u0159evorsk\u00e9 n\u00e1m\u011bst\u00ed 488\/5<br>118 00 Praha \u2013 Mal\u00e1 Strana<br>\u010cesk\u00e1 Republika\n<\/div><a class=\"bde-text-link-351-135 bde-text-link breakdance-link\" href=\"https:\/\/www.google.com\/maps\/place\/Velkop%C5%99evorsk%C3%A9+n%C3%A1m.+488%2F5,+118+00+Mal%C3%A1+Strana\/@50.0863459,14.4045186,17z\/data=!3m1!4b1!4m6!3m5!1s0x470b94e38c2c30df:0x8474efdb64778c26!8m2!3d50.0863425!4d14.4070935!16s%2Fg%2F11wfd8h998?hl=cs-CZ&amp;entry=ttu&amp;g_ep=EgoyMDI1MDQwMi4xIKXMDSoASAFQAw%3D%3D\" target=\"_blank\" data-type=\"url\" rel=\"noopener\">\n  + Zobrazit na map\u011b\n\n<\/a>\n<\/div>\n<\/div><div class=\"bde-column-351-136 bde-column\">\n  \n  \n\t\n\n\n\n<h3 class=\"bde-heading-351-137 bde-heading\">\nPobo\u010dka<br>Praha\n<\/h3><div class=\"bde-div-351-274 bde-div\">\n  \n  \n\t\n\n\n\n<div class=\"bde-text-351-138 bde-text\">\nGreenline Ka\u010derov<br>Jihlavsk\u00e1 1558\/21, 140 00 Praha 4-Michle<br>\u010cesk\u00e1 republika\n<\/div><a class=\"bde-text-link-351-139 bde-text-link breakdance-link\" href=\"https:\/\/www.google.com\/maps\/place\/Greenline+Ka%C4%8Derov\/@50.0442397,14.4561437,17z\/data=!3m1!4b1!4m6!3m5!1s0x470b93eca9415bef:0x6b2422db5d757fbf!8m2!3d50.0442363!4d14.4587186!16s%2Fg%2F11b7h9gt0p?hl=cs-CZ&amp;entry=ttu&amp;g_ep=EgoyMDI1MDQwMi4xIKXMDSoASAFQAw%3D%3D\" target=\"_blank\" data-type=\"url\" rel=\"noopener\">\n  + Zobrazit na map\u011b\n\n<\/a>\n<\/div>\n<\/div><div class=\"bde-column-351-172 bde-column\">\n  \n  \n\t\n\n\n\n<h3 class=\"bde-heading-351-173 bde-heading\">\nPobo\u010dka<br>Ostrava\n<\/h3><div class=\"bde-div-351-275 bde-div\">\n  \n  \n\t\n\n\n\n<div class=\"bde-text-351-174 bde-text\">\nSmart Innovation Center<br>ulice 28. \u0159\u00edjna 3388<br>702 00  Moravsk\u00e1 Ostrava <br>\u010cesk\u00e1 Republika\n<\/div><a class=\"bde-text-link-351-175 bde-text-link breakdance-link\" href=\"https:\/\/www.google.com\/maps\/place\/Smart+innovation+center+SKELET\/@49.8300122,18.272988,17z\/data=!3m1!4b1!4m6!3m5!1s0x4713e33f7c057a6b:0xe907141e0011111b!8m2!3d49.8300122!4d18.272988!16s%2Fg%2F11c48wpq1z?entry=ttu&amp;g_ep=EgoyMDI1MDQwMi4xIKXMDSoASAFQAw%3D%3D\" target=\"_blank\" data-type=\"url\" rel=\"noopener\">\n  + Zobrazit na map\u011b\n\n<\/a>\n<\/div>\n<\/div><\/div><\/div>\n<\/section><section class=\"bde-section-351-176 bde-section\">\n  \n  \n\t\n\n\n\n<div class=\"section-container\"><h2 class=\"bde-heading-351-177 bde-heading\">\nJsme tu pro V\u00e1s\n<\/h2><div class=\"bde-advancedslider-351-178 bde-advancedslider\">\n<div class=\"breakdance-swiper-wrapper\" data-swiper-id=\"178\">\n  <div class=\"swiper\">\n    <div class=\"swiper-wrapper\">\n      <div class=\"bde-advancedslide-351-179 bde-advancedslide swiper-slide\"><div class=\"advanced-slider__slide\">\r\n  <div class=\"bde-columns-351-195 bde-columns\"><div class=\"bde-column-351-197 bde-column\">\n  \n  \n\t\n\n\n\n<div class=\"bde-div-351-198 bde-div\">\n  \n  \n\t\n\n\n\n<h1 class=\"bde-heading-351-200 bde-heading\">\nJaroslav Vost\u00e1rek\n<\/h1><div class=\"bde-text-351-201 bde-text\">\nChief Executive Officer\n<\/div>\n<\/div><div class=\"bde-div-351-203 bde-div\">\n  \n  \n\t\n\n\n\n<div class=\"bde-text-351-210 bde-text\">\n\n<\/div>\n<\/div><div class=\"bde-div-351-206 bde-div\">\n  \n  \n\t\n\n\n\n<a class=\"bde-text-link-351-277 bde-text-link breakdance-link\" href=\"mailto:jaroslav.vostarek@hyverr.com\" target=\"_self\" data-type=\"url\">\n  jaroslav.vostarek@hyverr.com\n\n<\/a><a class=\"bde-text-link-351-276 bde-text-link breakdance-link\" href=\"tel:+420724541869\" target=\"_self\" data-type=\"url\">\n  +420 724 541 869\n\n<\/a><div class=\"bde-social-icons-351-212 bde-social-icons\">\n                  \n            \n            \n\n    \n    \n    \n    \n    \n    <a class=\"breakdance-link bde-social-icons__icon-wrapper bde-social-icons__icon-linkedin\" href=\"https:\/\/www.linkedin.com\/in\/jaroslav-vostarek-leader\/\" target=\"_blank\" data-type=\"url\" aria-label=\"linkedin\" rel=\"noopener\">\n\n             <svg xmlns=\"http:\/\/www.w3.org\/2000\/svg\" width=\"100%\" viewBox=\"-4 -2 32 32\">\n            <path d=\"M4.98 3.5c0 1.381-1.11 2.5-2.48 2.5s-2.48-1.119-2.48-2.5c0-1.38 1.11-2.5 2.48-2.5s2.48 1.12 2.48 2.5zm.02 4.5h-5v16h5v-16zm7.982 0h-4.968v16h4.969v-8.399c0-4.67 6.029-5.052 6.029 0v8.399h4.988v-10.131c0-7.88-8.922-7.593-11.018-3.714v-2.155z\"\/>\n       <\/svg>\n              <\/a>\n\n    \n<\/div>\n<\/div>\n<\/div><\/div>\r\n<\/div><\/div><div class=\"bde-advancedslide-351-237 bde-advancedslide swiper-slide\"><div class=\"advanced-slider__slide\">\r\n  <div class=\"bde-columns-351-238 bde-columns\"><div class=\"bde-column-351-239 bde-column\">\n  \n  \n\t\n\n\n\n<div class=\"bde-div-351-240 bde-div\">\n  \n  \n\t\n\n\n\n<h1 class=\"bde-heading-351-241 bde-heading\">\nPavel Tupec\n<\/h1><div class=\"bde-text-351-242 bde-text\">\nManaging partner\n<\/div>\n<\/div><div class=\"bde-div-351-243 bde-div\">\n  \n  \n\t\n\n\n\n<div class=\"bde-text-351-244 bde-text\">\n\n<\/div>\n<\/div><div class=\"bde-div-351-245 bde-div\">\n  \n  \n\t\n\n\n\n<a class=\"bde-text-link-351-278 bde-text-link breakdance-link\" href=\"mailto:tupec@hyverr.com\" target=\"_self\" data-type=\"url\">\n  tupec@hyverr.com\n\n<\/a><a class=\"bde-text-link-351-279 bde-text-link breakdance-link\" href=\"tel:+420725793860\" target=\"_self\" data-type=\"url\">\n  +420 725 793 860\n\n<\/a><div class=\"bde-social-icons-351-248 bde-social-icons\">\n                  \n            \n            \n\n    \n    \n    \n    \n    \n    <a class=\"breakdance-link bde-social-icons__icon-wrapper bde-social-icons__icon-linkedin\" href=\"https:\/\/www.linkedin.com\/in\/ptupec\/\" target=\"_blank\" data-type=\"url\" aria-label=\"linkedin\" rel=\"noopener\">\n\n             <svg xmlns=\"http:\/\/www.w3.org\/2000\/svg\" width=\"100%\" viewBox=\"-4 -2 32 32\">\n            <path d=\"M4.98 3.5c0 1.381-1.11 2.5-2.48 2.5s-2.48-1.119-2.48-2.5c0-1.38 1.11-2.5 2.48-2.5s2.48 1.12 2.48 2.5zm.02 4.5h-5v16h5v-16zm7.982 0h-4.968v16h4.969v-8.399c0-4.67 6.029-5.052 6.029 0v8.399h4.988v-10.131c0-7.88-8.922-7.593-11.018-3.714v-2.155z\"\/>\n       <\/svg>\n              <\/a>\n\n    \n<\/div>\n<\/div>\n<\/div><\/div>\r\n<\/div><\/div><div class=\"bde-advancedslide-351-249 bde-advancedslide swiper-slide\"><div class=\"advanced-slider__slide\">\r\n  <div class=\"bde-columns-351-250 bde-columns\"><div class=\"bde-column-351-251 bde-column\">\n  \n  \n\t\n\n\n\n<div class=\"bde-div-351-252 bde-div\">\n  \n  \n\t\n\n\n\n<h1 class=\"bde-heading-351-253 bde-heading\">\nLuk\u00e1\u0161 \u0158eha\n<\/h1><div class=\"bde-text-351-254 bde-text\">\nChief Business Development Officer\n<\/div>\n<\/div><div class=\"bde-div-351-255 bde-div\">\n  \n  \n\t\n\n\n\n<div class=\"bde-text-351-256 bde-text\">\n\n<\/div>\n<\/div><div class=\"bde-div-351-257 bde-div\">\n  \n  \n\t\n\n\n\n<a class=\"bde-text-link-351-280 bde-text-link breakdance-link\" href=\"mailto:lukas.reha@hyverr.com\u200b\" target=\"_self\" data-type=\"url\">\n  lukas.reha@hyverr.com\u200b\n\n<\/a><a class=\"bde-text-link-351-281 bde-text-link breakdance-link\" href=\"tel:+420725793860\" target=\"_self\" data-type=\"url\">\n  +420 725 793 860\n\n<\/a><div class=\"bde-social-icons-351-260 bde-social-icons\">\n                  \n            \n            \n\n    \n    \n    \n    \n    \n    <a class=\"breakdance-link bde-social-icons__icon-wrapper bde-social-icons__icon-linkedin\" href=\"https:\/\/www.linkedin.com\/in\/lukas-reha-5682b02b\/\" target=\"_blank\" data-type=\"url\" aria-label=\"linkedin\" rel=\"noopener\">\n\n             <svg xmlns=\"http:\/\/www.w3.org\/2000\/svg\" width=\"100%\" viewBox=\"-4 -2 32 32\">\n            <path d=\"M4.98 3.5c0 1.381-1.11 2.5-2.48 2.5s-2.48-1.119-2.48-2.5c0-1.38 1.11-2.5 2.48-2.5s2.48 1.12 2.48 2.5zm.02 4.5h-5v16h5v-16zm7.982 0h-4.968v16h4.969v-8.399c0-4.67 6.029-5.052 6.029 0v8.399h4.988v-10.131c0-7.88-8.922-7.593-11.018-3.714v-2.155z\"\/>\n       <\/svg>\n              <\/a>\n\n    \n<\/div>\n<\/div>\n<\/div><\/div>\r\n<\/div><\/div><div class=\"bde-advancedslide-351-261 bde-advancedslide swiper-slide\"><div class=\"advanced-slider__slide\">\r\n  <div class=\"bde-columns-351-262 bde-columns\"><div class=\"bde-column-351-263 bde-column\">\n  \n  \n\t\n\n\n\n<div class=\"bde-div-351-264 bde-div\">\n  \n  \n\t\n\n\n\n<h1 class=\"bde-heading-351-265 bde-heading\">\nJakub Va\u0148hara\n<\/h1><div class=\"bde-text-351-266 bde-text\">\nBusiness Solutions Lead\n<\/div>\n<\/div><div class=\"bde-div-351-267 bde-div\">\n  \n  \n\t\n\n\n\n<div class=\"bde-text-351-268 bde-text\">\n\n<\/div>\n<\/div><div class=\"bde-div-351-269 bde-div\">\n  \n  \n\t\n\n\n\n<a class=\"bde-text-link-351-282 bde-text-link breakdance-link\" href=\"mailto:jakub.vanhara@hyverr.com\" target=\"_self\" data-type=\"url\">\n  jakub.vanhara@hyverr.com\n\n<\/a><a class=\"bde-text-link-351-283 bde-text-link breakdance-link\" href=\"tel:+420601366199\u200b\u200b\" target=\"_self\" data-type=\"url\">\n  +420 601 366 199\u200b\u200b\n\n<\/a><div class=\"bde-social-icons-351-272 bde-social-icons\">\n                  \n            \n            \n\n    \n    \n    \n    \n    \n    <a class=\"breakdance-link bde-social-icons__icon-wrapper bde-social-icons__icon-linkedin\" href=\"https:\/\/www.linkedin.com\/in\/jakub-vanhara\/\" target=\"_blank\" data-type=\"url\" aria-label=\"linkedin\" rel=\"noopener\">\n\n             <svg xmlns=\"http:\/\/www.w3.org\/2000\/svg\" width=\"100%\" viewBox=\"-4 -2 32 32\">\n            <path d=\"M4.98 3.5c0 1.381-1.11 2.5-2.48 2.5s-2.48-1.119-2.48-2.5c0-1.38 1.11-2.5 2.48-2.5s2.48 1.12 2.48 2.5zm.02 4.5h-5v16h5v-16zm7.982 0h-4.968v16h4.969v-8.399c0-4.67 6.029-5.052 6.029 0v8.399h4.988v-10.131c0-7.88-8.922-7.593-11.018-3.714v-2.155z\"\/>\n       <\/svg>\n              <\/a>\n\n    \n<\/div>\n<\/div>\n<\/div><\/div>\r\n<\/div><\/div>\n    <\/div>\n  <\/div>\n\n              <div class=\"swiper-button-prev\">\n            \n        <\/div>\n        <div class=\"swiper-button-next\">\n            \n        <\/div>\n    \n            <div class=\"swiper-pagination\"><\/div>\n    \n<\/div>\n\n<\/div><\/div>\n<\/section>","protected":false},"excerpt":{"rendered":"<p>Kontaktujte n\u00e1s Hyverr s.r.o. Velkop\u0159evorsk\u00e9 n\u00e1m\u011bst\u00ed 488\/5118 00 Praha \u2013 Mal\u00e1 Strana\u200b\u010cesk\u00e1 Republika I\u010cO: 06696236DI\u010c: CZ06696236Datov\u00e1 schr\u00e1nka: 3fdw8k9 Jm\u00e9no a p\u0159\u00edjmen\u00ed Spole\u010dnost Email Zpr\u00e1va Name* Beru na v\u011bdom\u00ed Z\u00e1sady o zpracov\u00e1n\u00ed osobn\u00edch \u00fadaj\u016f um\u00edst\u011bn\u00e9 na webov\u00fdch str\u00e1nk\u00e1ch spole\u010dnosti, kter\u00e9 obsahuj\u00ed bli\u017e\u0161\u00ed informace o zpracov\u00e1n\u00ed osobn\u00edch \u00fadaj\u016f. Spr\u00e1vcem budou zpracov\u00e1v\u00e1na pouze ty osobn\u00ed \u00fadaje, kter\u00e9 v [&hellip;]<\/p>\n","protected":false},"author":1,"featured_media":0,"parent":0,"menu_order":0,"comment_status":"closed","ping_status":"closed","template":"","meta":{"_acf_changed":false,"_breakdance_hide_in_design_set":false,"_breakdance_tags":"","footnotes":""},"class_list":["post-351","page","type-page","status-publish","hentry"],"acf":[],"_links":{"self":[{"href":"https:\/\/hyverr.com\/en\/wp-json\/wp\/v2\/pages\/351","targetHints":{"allow":["GET"]}}],"collection":[{"href":"https:\/\/hyverr.com\/en\/wp-json\/wp\/v2\/pages"}],"about":[{"href":"https:\/\/hyverr.com\/en\/wp-json\/wp\/v2\/types\/page"}],"author":[{"embeddable":true,"href":"https:\/\/hyverr.com\/en\/wp-json\/wp\/v2\/users\/1"}],"replies":[{"embeddable":true,"href":"https:\/\/hyverr.com\/en\/wp-json\/wp\/v2\/comments?post=351"}],"version-history":[{"count":40,"href":"https:\/\/hyverr.com\/en\/wp-json\/wp\/v2\/pages\/351\/revisions"}],"predecessor-version":[{"id":2120,"href":"https:\/\/hyverr.com\/en\/wp-json\/wp\/v2\/pages\/351\/revisions\/2120"}],"wp:attachment":[{"href":"https:\/\/hyverr.com\/en\/wp-json\/wp\/v2\/media?parent=351"}],"curies":[{"name":"wp","href":"https:\/\/api.w.org\/{rel}","templated":true}]}}