{"id":329,"date":"2025-01-10T12:47:33","date_gmt":"2025-01-10T12:47:33","guid":{"rendered":"https:\/\/hyverr.com\/?page_id=329"},"modified":"2025-05-28T13:16:12","modified_gmt":"2025-05-28T11:16:12","slug":"career","status":"publish","type":"page","link":"https:\/\/hyverr.com\/en\/career\/","title":{"rendered":"Careers"},"content":{"rendered":"<section class=\"bde-section-329-100 bde-section\">\n  \n  \n\t\n\n\n\n<div class=\"section-container\"><\/div>\n<\/section><section class=\"bde-section-329-101 bde-section\">\n  \n  \n\t\n\n\n\n<div class=\"section-container\"><div class=\"bde-columns-329-102 bde-columns\"><div class=\"bde-column-329-104 bde-column\" data-entrance=\"slideLeft\">\n  \n  \n\t\n\n\n\n<h1 class=\"bde-heading-329-105 bde-heading\">\nOpen positions\n<\/h1>\n<\/div><\/div><div class=\"bde-columns-329-109 bde-columns\"><div class=\"bde-column-329-110 bde-column\">\n  \n  \n\t\n\n\n\n<div class=\"bde-fancy-divider-329-111 bde-fancy-divider\">\n\n\n<div class=\"bde-fancy-divider__wrapper\">\n  <div class=\"bde-fancy-divider__separator\">\n  \t  <\/div>\n<\/div>\n\n<\/div>\n<\/div><div class=\"bde-column-329-112 bde-column\">\n  \n  \n\t\n\n\n\n<div class=\"bde-columns-329-114 bde-columns\"><div class=\"bde-column-329-116 bde-column\">\n  \n  \n\t\n\n\n\n<a class=\"bde-text-link-329-120 bde-text-link breakdance-link\" href=\"https:\/\/hyverr.com\/en\/career\/bdm\/\" target=\"_self\" data-type=\"url\">\n  Business development Manager\n\n<\/a>\n<\/div><\/div><div class=\"bde-columns-329-118 bde-columns\"><div class=\"bde-column-329-119 bde-column\">\n  \n  \n\t\n\n\n\n<a class=\"bde-text-link-329-121 bde-text-link breakdance-link\" href=\"https:\/\/hyverr.com\/en\/career\/swengineer\/\" target=\"_self\" data-type=\"url\">\n  Software Engineer\n\n<\/a>\n<\/div><\/div>\n<\/div><\/div><\/div>\n<\/section><section class=\"bde-section-329-123 bde-section\">\n  \n  \n\t\n\n\n\n<div class=\"section-container\"><div class=\"bde-button-329-122 bde-button\">\n        \n    \n    \n    \n    \n            \n            <button type=\"button\" class=\"button-atom button-atom--custom bde-button__button\"  >\n    \n        <span class=\"button-atom__text\">Back<\/span>\n\n                            \n        \n            <\/button>\n    \n\n\n<\/div><\/div>\n<\/section>","protected":false},"excerpt":{"rendered":"<p>Otev\u0159en\u00e9 pozice Business development Manager Software Engineer Zp\u011bt<\/p>","protected":false},"author":1,"featured_media":0,"parent":0,"menu_order":0,"comment_status":"closed","ping_status":"closed","template":"","meta":{"_acf_changed":false,"_breakdance_hide_in_design_set":false,"_breakdance_tags":"","footnotes":""},"class_list":["post-329","page","type-page","status-publish","hentry"],"acf":[],"_links":{"self":[{"href":"https:\/\/hyverr.com\/en\/wp-json\/wp\/v2\/pages\/329","targetHints":{"allow":["GET"]}}],"collection":[{"href":"https:\/\/hyverr.com\/en\/wp-json\/wp\/v2\/pages"}],"about":[{"href":"https:\/\/hyverr.com\/en\/wp-json\/wp\/v2\/types\/page"}],"author":[{"embeddable":true,"href":"https:\/\/hyverr.com\/en\/wp-json\/wp\/v2\/users\/1"}],"replies":[{"embeddable":true,"href":"https:\/\/hyverr.com\/en\/wp-json\/wp\/v2\/comments?post=329"}],"version-history":[{"count":13,"href":"https:\/\/hyverr.com\/en\/wp-json\/wp\/v2\/pages\/329\/revisions"}],"predecessor-version":[{"id":1056,"href":"https:\/\/hyverr.com\/en\/wp-json\/wp\/v2\/pages\/329\/revisions\/1056"}],"wp:attachment":[{"href":"https:\/\/hyverr.com\/en\/wp-json\/wp\/v2\/media?parent=329"}],"curies":[{"name":"wp","href":"https:\/\/api.w.org\/{rel}","templated":true}]}}