{"id":311,"date":"2025-01-10T12:54:54","date_gmt":"2025-01-10T12:54:54","guid":{"rendered":"https:\/\/hyverr.com\/?page_id=311"},"modified":"2025-05-10T14:14:23","modified_gmt":"2025-05-10T12:14:23","slug":"it","status":"publish","type":"page","link":"https:\/\/hyverr.com\/en\/it\/","title":{"rendered":"IT services"},"content":{"rendered":"<section class=\"bde-section-311-100 bde-section\">\n  \n  \n\t\n\n\n\n<div class=\"section-container\"><div class=\"bde-columns-311-101 bde-columns\"><div class=\"bde-column-311-102 bde-column\">\n  \n  \n\t\n\n\n\n<h2 class=\"bde-heading-311-103 bde-heading translation-block\">The future of work<br><span style=\"color:#E87917\">\nis connected<\/span><\/div><\/div><\/div>\n<\/section><section class=\"bde-section-311-166 bde-section\">\n  \n  \n\t\n\n\n\n<div class=\"section-container\"><div class=\"bde-columns-311-167 bde-columns\"><div class=\"bde-column-311-168 bde-column\" data-entrance=\"slideLeft\" data-parallax=\"true\">\n  \n  \n\t\n\n\n\n<h1 class=\"bde-heading-311-169 bde-heading\">\nIT Services\n<\/h1><div class=\"bde-columns-311-171 bde-columns\"><div class=\"bde-column-311-172 bde-column\">\n  \n  \n\t\n\n\n\n<div class=\"bde-fancy-divider-311-173 bde-fancy-divider\">\n\n\n<div class=\"bde-fancy-divider__wrapper\">\n  <div class=\"bde-fancy-divider__separator\">\n  \t  <\/div>\n<\/div>\n\n<\/div>\n<\/div><div class=\"bde-column-311-174 bde-column\">\n  \n  \n\t\n\n\n\n<div class=\"bde-text-311-175 bde-text\">\nOur team of Helpdesk support specialists, along with experts in network and server infrastructure, cybersecurity, and endpoints, deliver top-tier user support.\n<\/div><div class=\"bde-text-311-176 bde-text\">\nWe offer comprehensive, turnkey IT solutions, including design and implementation. As part of our services, we provide access to an experienced IT and Security department with over 18 years in the field \u2013 an invaluable asset for any modern business.\n<\/div>\n<\/div><\/div>\n<\/div><\/div><\/div>\n<\/section><section class=\"bde-section-311-112 bde-section\">\n  \n  \n\t\n\n\n\n<div class=\"section-container\"><div class=\"bde-columns-311-113 bde-columns\"><div class=\"bde-column-311-114 bde-column\">\n  \n  \n\t\n\n\n\n<h2 class=\"bde-heading-311-115 bde-heading\">\nOur Solutions\n<\/h2><div class=\"bde-text-311-117 bde-text\">\nFocus on your core business while we take care of your IT needs. We'll save you time, money, and stress by ensuring the seamless operation of your IT systems. After a thorough analysis of your requirements, we'll propose a strategic and cost-effective solution tailored to your specific IT development goals.\n<\/div>\n<\/div><\/div><\/div>\n<\/section><section class=\"bde-section-311-138 bde-section\">\n  \n  \n\t\n\n\n\n<div class=\"section-container\"><div class=\"bde-columns-311-139 bde-columns\"><div class=\"bde-column-311-140 bde-column\">\n  \n  \n\t\n\n\n\n<div class=\"bde-div-311-257 bde-div\">\n  \n  \n\t\n\n\n\n<h4 class=\"bde-heading-311-141 bde-heading\">\nUser Support\n<\/h4><div class=\"bde-text-311-142 bde-text\">\nReliable IT support is essential for any successful company. It ensures that your employees can always work productively.\n<\/div>\n<\/div><div class=\"bde-div-311-258 bde-div\">\n  \n  \n\t\n\n\n\n<a class=\"bde-text-link-311-143 bde-text-link breakdance-link\" href=\"https:\/\/hyverr.com\/en\/user-support\/\" target=\"_self\" data-type=\"url\">\n  + Find out more\n\n<\/a>\n<\/div>\n<\/div><div class=\"bde-column-311-144 bde-column\">\n  \n  \n\t\n\n\n\n<div class=\"bde-div-311-259 bde-div\">\n  \n  \n\t\n\n\n\n<h4 class=\"bde-heading-311-145 bde-heading translation-block\">Application Support<\/h4><div class=\"bde-text-311-146 bde-text\">\nOur expert management of your specialized applications, including hosting, ensures they are always up to date, secure, and cost-effective.\n<\/div>\n<\/div><div class=\"bde-div-311-260 bde-div\">\n  \n  \n\t\n\n\n\n<a class=\"bde-text-link-311-147 bde-text-link breakdance-link\" href=\"https:\/\/hyverr.com\/en\/application-support\/\" target=\"_self\" data-type=\"url\">\n  + Find out more\n\n<\/a>\n<\/div>\n<\/div><div class=\"bde-column-311-148 bde-column\">\n  \n  \n\t\n\n\n\n<div class=\"bde-div-311-261 bde-div\">\n  \n  \n\t\n\n\n\n<h4 class=\"bde-heading-311-149 bde-heading\">\nInfrastructure Management\n<\/h4><div class=\"bde-text-311-150 bde-text\">\nWe provide complete management of your servers, databases, and cloud services, including backup, security, and monitoring.\n<\/div>\n<\/div><div class=\"bde-div-311-262 bde-div\">\n  \n  \n\t\n\n\n\n<a class=\"bde-text-link-311-151 bde-text-link breakdance-link\" href=\"https:\/\/hyverr.com\/en\/infrastructure-management\/\" target=\"_self\" data-type=\"url\">\n  + Find out more\n\n<\/a>\n<\/div>\n<\/div><\/div><div class=\"bde-columns-311-152 bde-columns\"><div class=\"bde-column-311-153 bde-column\">\n  \n  \n\t\n\n\n\n<div class=\"bde-div-311-263 bde-div\">\n  \n  \n\t\n\n\n\n<h4 class=\"bde-heading-311-154 bde-heading translation-block\">IT Consulting<\/h4><div class=\"bde-text-311-155 bde-text translation-block\">We will partner with you to analyze your current or future IT needs, design a customized server or network infrastructure, and manage the entire project from initial concept to final implementation.<\/div>\n<\/div><div class=\"bde-div-311-264 bde-div\">\n  \n  \n\t\n\n\n\n<a class=\"bde-text-link-311-156 bde-text-link breakdance-link\" href=\"https:\/\/hyverr.com\/en\/it-consulting\/\" target=\"_self\" data-type=\"url\">\n  + Find out more\n\n<\/a>\n<\/div>\n<\/div><div class=\"bde-column-311-157 bde-column\">\n  \n  \n\t\n\n\n\n<div class=\"bde-div-311-265 bde-div\">\n  \n  \n\t\n\n\n\n<h4 class=\"bde-heading-311-158 bde-heading translation-block\">CyberSecurity Services<\/h4><div class=\"bde-text-311-159 bde-text translation-block\">We proactively monitor and respond to security incidents, identify and address threats, ensure compliance with security regulations, and conduct audits.<\/div>\n<\/div><div class=\"bde-div-311-266 bde-div\">\n  \n  \n\t\n\n\n\n<a class=\"bde-text-link-311-160 bde-text-link breakdance-link\" href=\"https:\/\/hyverr.com\/en\/cyber-security\/\" target=\"_self\" data-type=\"url\">\n  + Find out more\n\n<\/a>\n<\/div>\n<\/div><div class=\"bde-column-311-161 bde-column\">\n  \n  \n\t\n\n\n\n<div class=\"bde-div-311-267 bde-div\">\n  \n  \n\t\n\n\n\n<h4 class=\"bde-heading-311-162 bde-heading\">\nCertification ISO <br>27001\n<\/h4><div class=\"bde-text-311-163 bde-text translation-block\">We offer comprehensive ISO 27001 services, helping you achieve and maintain certification through pre-audits,consultations, and implementation support.<\/div>\n<\/div><div class=\"bde-div-311-268 bde-div\">\n  \n  \n\t\n\n\n\n<a class=\"bde-text-link-311-164 bde-text-link breakdance-link\" href=\"https:\/\/hyverr.com\/en\/iso27001-consulting\/\" target=\"_self\" data-type=\"url\">\n  + Find out more\n\n<\/a>\n<\/div>\n<\/div><\/div><\/div>\n<\/section><section class=\"bde-section-311-177 bde-section\">\n  \n  \n\t\n\n\n\n<div class=\"section-container\"><div class=\"bde-columns-311-269 bde-columns\"><div class=\"bde-column-311-270 bde-column\">\n  \n  \n\t\n\n\n\n<h2 class=\"bde-heading-311-180 bde-heading translation-block\">We\u2019re helping these great companies to achieve their better<\/h2><div class=\"bde-columns-311-273 bde-columns\"><div class=\"bde-column-311-274 bde-column\">\n  \n  \n\t\n\n\n\n<img decoding=\"async\" class=\"bde-image2-311-277 bde-image2\" src=\"https:\/\/hyverr.com\/wp-content\/uploads\/2025\/04\/SONY.svg\" loading=\"lazy\">\n<\/div><div class=\"bde-column-311-278 bde-column\">\n  \n  \n\t\n\n\n\n<img decoding=\"async\" class=\"bde-image2-311-279 bde-image2\" src=\"https:\/\/hyverr.com\/wp-content\/uploads\/2025\/04\/dofe-seeklogo.png\" loading=\"lazy\" srcset=\"https:\/\/hyverr.com\/wp-content\/uploads\/2025\/04\/dofe-seeklogo.png 273w, https:\/\/hyverr.com\/wp-content\/uploads\/2025\/04\/dofe-seeklogo-228x300.png 228w\" sizes=\"(max-width: 273px) 100vw, 273px\">\n<\/div><div class=\"bde-column-311-275 bde-column\">\n  \n  \n\t\n\n\n\n<img decoding=\"async\" class=\"bde-image2-311-281 bde-image2\" src=\"https:\/\/hyverr.com\/wp-content\/uploads\/2025\/04\/iotor-allwhite-svg.svg\" loading=\"lazy\">\n<\/div><div class=\"bde-column-311-282 bde-column\">\n  \n  \n\t\n\n\n\n<img decoding=\"async\" class=\"bde-image2-311-283 bde-image2\" src=\"https:\/\/hyverr.com\/wp-content\/uploads\/2025\/04\/castimo-header.gif\" loading=\"lazy\" sizes=\"(max-width: 417px) 100vw, 417px\">\n<\/div><\/div><div class=\"bde-columns-311-284 bde-columns\"><div class=\"bde-column-311-285 bde-column\">\n  \n  \n\t\n\n\n\n<img decoding=\"async\" class=\"bde-image2-311-286 bde-image2\" src=\"https:\/\/hyverr.com\/wp-content\/uploads\/2025\/04\/okin-website-logo-footer-okin-facility.svg\" loading=\"lazy\">\n<\/div><div class=\"bde-column-311-289 bde-column\">\n  \n  \n\t\n\n\n\n<img decoding=\"async\" class=\"bde-image2-311-290 bde-image2\" src=\"https:\/\/hyverr.com\/wp-content\/uploads\/2025\/04\/okin-website-logo-footer-datlowe.svg\" loading=\"lazy\">\n<\/div><div class=\"bde-column-311-291 bde-column\">\n  \n  \n\t\n\n\n\n<img decoding=\"async\" class=\"bde-image2-311-292 bde-image2\" src=\"https:\/\/hyverr.com\/wp-content\/uploads\/2025\/04\/okin-website-logo-footer-okin-group.svg\" loading=\"lazy\">\n<\/div><\/div>\n<\/div><\/div><div class=\"bde-logo-list-311-280 bde-logo-list gradient-overlay__both un-static-image-grid\">\n\n                    <div class=\"un-logo-bar__logo-wrapper\">\n          <img decoding=\"async\" class=\"breakdance-image-object\" src=\"https:\/\/hyverr.com\/wp-content\/uploads\/2025\/04\/SONY.svg\" width=\"\" height=\"\">\n        <\/div>\n                          <div class=\"un-logo-bar__logo-wrapper\">\n          <img loading=\"lazy\" decoding=\"async\" class=\"breakdance-image-object\" src=\"https:\/\/hyverr.com\/wp-content\/uploads\/2025\/04\/dofe-seeklogo.png\" width=\"273\" height=\"360\" srcset=\"https:\/\/hyverr.com\/wp-content\/uploads\/2025\/04\/dofe-seeklogo.png 273w, https:\/\/hyverr.com\/wp-content\/uploads\/2025\/04\/dofe-seeklogo-228x300.png 228w\" sizes=\"auto, (max-width: 273px) 100vw, 273px\">\n        <\/div>\n                <\/div><\/div>\n<\/section><section class=\"bde-section-311-228 bde-section\">\n  \n  \n\t\n\n\n\n<div class=\"section-container\"><div class=\"bde-columns-311-299 bde-columns\"><div class=\"bde-column-311-300 bde-column\">\n  \n  \n\t\n\n\n\n<h2 class=\"bde-heading-311-297 bde-heading\">\nTechnology stack\n<\/h2><div class=\"bde-columns-311-302 bde-columns\"><div class=\"bde-column-311-303 bde-column\">\n  \n  \n\t\n\n\n\n<img decoding=\"async\" class=\"bde-image2-311-304 bde-image2\" src=\"https:\/\/hyverr.com\/wp-content\/uploads\/2025\/04\/Microsoft_365_2022.svg.png\" loading=\"lazy\" srcset=\"https:\/\/hyverr.com\/wp-content\/uploads\/2025\/04\/Microsoft_365_2022.svg.png 1862w, https:\/\/hyverr.com\/wp-content\/uploads\/2025\/04\/Microsoft_365_2022.svg-273x300.png 273w, https:\/\/hyverr.com\/wp-content\/uploads\/2025\/04\/Microsoft_365_2022.svg-931x1024.png 931w, https:\/\/hyverr.com\/wp-content\/uploads\/2025\/04\/Microsoft_365_2022.svg-768x845.png 768w, https:\/\/hyverr.com\/wp-content\/uploads\/2025\/04\/Microsoft_365_2022.svg-1397x1536.png 1397w\" sizes=\"(max-width: 1862px) 100vw, 1862px\">\n<\/div><div class=\"bde-column-311-305 bde-column\">\n  \n  \n\t\n\n\n\n<img decoding=\"async\" class=\"bde-image2-311-306 bde-image2\" src=\"https:\/\/hyverr.com\/wp-content\/uploads\/2025\/04\/Kyocera_logo.svg\" loading=\"lazy\">\n<\/div><div class=\"bde-column-311-309 bde-column\">\n  \n  \n\t\n\n\n\n<img decoding=\"async\" class=\"bde-image2-311-310 bde-image2\" src=\"https:\/\/hyverr.com\/wp-content\/uploads\/2025\/04\/Microsoft_Entra_ID_color_icon.png\" loading=\"lazy\" srcset=\"https:\/\/hyverr.com\/wp-content\/uploads\/2025\/04\/Microsoft_Entra_ID_color_icon.png 2048w, https:\/\/hyverr.com\/wp-content\/uploads\/2025\/04\/Microsoft_Entra_ID_color_icon-300x300.png 300w, https:\/\/hyverr.com\/wp-content\/uploads\/2025\/04\/Microsoft_Entra_ID_color_icon-1024x1024.png 1024w, https:\/\/hyverr.com\/wp-content\/uploads\/2025\/04\/Microsoft_Entra_ID_color_icon-150x150.png 150w, https:\/\/hyverr.com\/wp-content\/uploads\/2025\/04\/Microsoft_Entra_ID_color_icon-768x768.png 768w, https:\/\/hyverr.com\/wp-content\/uploads\/2025\/04\/Microsoft_Entra_ID_color_icon-1536x1536.png 1536w\" sizes=\"(max-width: 2048px) 100vw, 2048px\">\n<\/div><\/div><div class=\"bde-columns-311-311 bde-columns\"><div class=\"bde-column-311-312 bde-column\">\n  \n  \n\t\n\n\n\n<img decoding=\"async\" class=\"bde-image2-311-313 bde-image2\" src=\"https:\/\/hyverr.com\/wp-content\/uploads\/2025\/04\/Lenovo_logo_2015.svg\" loading=\"lazy\">\n<\/div><div class=\"bde-column-311-314 bde-column\">\n  \n  \n\t\n\n\n\n<img decoding=\"async\" class=\"bde-image2-311-315 bde-image2\" src=\"https:\/\/hyverr.com\/wp-content\/uploads\/2025\/04\/samsung_knox.png\" loading=\"lazy\" srcset=\"https:\/\/hyverr.com\/wp-content\/uploads\/2025\/04\/samsung_knox.png 692w, https:\/\/hyverr.com\/wp-content\/uploads\/2025\/04\/samsung_knox-300x179.png 300w\" sizes=\"(max-width: 692px) 100vw, 692px\">\n<\/div><div class=\"bde-column-311-316 bde-column\">\n  \n  \n\t\n\n\n\n<img decoding=\"async\" class=\"bde-image2-311-317 bde-image2\" src=\"https:\/\/hyverr.com\/wp-content\/uploads\/2025\/04\/Samsung_Logo.svg\" loading=\"lazy\">\n<\/div><\/div><div class=\"bde-columns-311-318 bde-columns\"><div class=\"bde-column-311-319 bde-column\">\n  \n  \n\t\n\n\n\n<img decoding=\"async\" class=\"bde-image2-311-320 bde-image2\" src=\"https:\/\/hyverr.com\/wp-content\/uploads\/2025\/04\/Ubiquiti_Logo_2023.svg\" loading=\"lazy\">\n<\/div><div class=\"bde-column-311-332 bde-column\">\n  \n  \n\t\n\n\n\n<img decoding=\"async\" class=\"bde-image2-311-333 bde-image2\" src=\"https:\/\/hyverr.com\/wp-content\/uploads\/2025\/04\/Snimek_obrazovky_2025-04-08_143932-removebg-preview.png\" loading=\"lazy\" srcset=\"https:\/\/hyverr.com\/wp-content\/uploads\/2025\/04\/Snimek_obrazovky_2025-04-08_143932-removebg-preview.png 925w, https:\/\/hyverr.com\/wp-content\/uploads\/2025\/04\/Snimek_obrazovky_2025-04-08_143932-removebg-preview-300x70.png 300w, https:\/\/hyverr.com\/wp-content\/uploads\/2025\/04\/Snimek_obrazovky_2025-04-08_143932-removebg-preview-768x179.png 768w\" sizes=\"(max-width: 925px) 100vw, 925px\">\n<\/div><div class=\"bde-column-311-323 bde-column\">\n  \n  \n\t\n\n\n\n<img decoding=\"async\" class=\"bde-image2-311-324 bde-image2\" src=\"https:\/\/hyverr.com\/wp-content\/uploads\/2025\/04\/Cisco_logo.svg\" loading=\"lazy\">\n<\/div><\/div><div class=\"bde-columns-311-325 bde-columns\"><div class=\"bde-column-311-326 bde-column\">\n  \n  \n\t\n\n\n\n<img decoding=\"async\" class=\"bde-image2-311-327 bde-image2\" src=\"https:\/\/hyverr.com\/wp-content\/uploads\/2025\/04\/Fortinet_logo.svg\" loading=\"lazy\">\n<\/div><div class=\"bde-column-311-328 bde-column\">\n  \n  \n\t\n\n\n\n<img decoding=\"async\" class=\"bde-image2-311-329 bde-image2\" src=\"https:\/\/hyverr.com\/wp-content\/uploads\/2025\/04\/Intune.png\" loading=\"lazy\" srcset=\"https:\/\/hyverr.com\/wp-content\/uploads\/2025\/04\/Intune.png 480w, https:\/\/hyverr.com\/wp-content\/uploads\/2025\/04\/Intune-300x300.png 300w, https:\/\/hyverr.com\/wp-content\/uploads\/2025\/04\/Intune-150x150.png 150w\" sizes=\"(max-width: 480px) 100vw, 480px\">\n<\/div><div class=\"bde-column-311-330 bde-column\">\n  \n  \n\t\n\n\n\n<img decoding=\"async\" class=\"bde-image2-311-331 bde-image2\" src=\"https:\/\/hyverr.com\/wp-content\/uploads\/2025\/04\/Microsoft-Black.svg\" loading=\"lazy\">\n<\/div><\/div>\n<\/div><\/div><\/div>\n<\/section>","protected":false},"excerpt":{"rendered":"<p>Budoucnost\u00ed pr\u00e1ce jedigit\u00e1ln\u00ed pracovi\u0161t\u011b IT Slu\u017eby N\u00e1\u0161 t\u00fdm Helpdeskov\u00e9 podpory a specialist\u016f v oblasti s\u00ed\u0165ov\u00e9 i serverov\u00e9 infrastruktury, kyberbezpe\u010dnosti i koncov\u00fdch stanic, poskytuje vysoce odbornou podporu u\u017eivatel\u016f. N\u00e1vrh a realizace kompletn\u00edho \u0159e\u0161en\u00ed na kl\u00ed\u010d je samoz\u0159ejmost\u00ed. V r\u00e1mci \u0159e\u0161en\u00ed poskytujeme slu\u017eby IT a Security odd\u011blen\u00ed s v\u00edce ne\u017e 18 lety zku\u0161enost\u00ed, bez kter\u00e9ho se dnes [&hellip;]<\/p>\n","protected":false},"author":1,"featured_media":0,"parent":0,"menu_order":0,"comment_status":"closed","ping_status":"closed","template":"","meta":{"_acf_changed":false,"_breakdance_hide_in_design_set":false,"_breakdance_tags":"","footnotes":""},"class_list":["post-311","page","type-page","status-publish","hentry"],"acf":[],"_links":{"self":[{"href":"https:\/\/hyverr.com\/en\/wp-json\/wp\/v2\/pages\/311","targetHints":{"allow":["GET"]}}],"collection":[{"href":"https:\/\/hyverr.com\/en\/wp-json\/wp\/v2\/pages"}],"about":[{"href":"https:\/\/hyverr.com\/en\/wp-json\/wp\/v2\/types\/page"}],"author":[{"embeddable":true,"href":"https:\/\/hyverr.com\/en\/wp-json\/wp\/v2\/users\/1"}],"replies":[{"embeddable":true,"href":"https:\/\/hyverr.com\/en\/wp-json\/wp\/v2\/comments?post=311"}],"version-history":[{"count":40,"href":"https:\/\/hyverr.com\/en\/wp-json\/wp\/v2\/pages\/311\/revisions"}],"predecessor-version":[{"id":1376,"href":"https:\/\/hyverr.com\/en\/wp-json\/wp\/v2\/pages\/311\/revisions\/1376"}],"wp:attachment":[{"href":"https:\/\/hyverr.com\/en\/wp-json\/wp\/v2\/media?parent=311"}],"curies":[{"name":"wp","href":"https:\/\/api.w.org\/{rel}","templated":true}]}}