{"id":2054,"date":"2025-10-25T16:22:17","date_gmt":"2025-10-25T14:22:17","guid":{"rendered":"https:\/\/hyverr.com\/?page_id=2054"},"modified":"2025-10-25T16:49:40","modified_gmt":"2025-10-25T14:49:40","slug":"gdpr","status":"publish","type":"page","link":"https:\/\/hyverr.com\/en\/gdpr\/","title":{"rendered":"GDPR"},"content":{"rendered":"<div class='breakdance'><section class=\"bde-section-2054-100 bde-section\">\n  \n  \n\t\n\n\n\n<div class=\"section-container\"><\/div>\n<\/section><section class=\"bde-section-2054-101 bde-section\">\n  \n  \n\t\n\n\n\n<div class=\"section-container\"><div class=\"bde-columns-2054-102 bde-columns\"><div class=\"bde-column-2054-103 bde-column\">\n  \n  \n\t\n\n\n\n<h3 class=\"bde-heading-2054-104 bde-heading\">\nPrinciples of personal data processing\n<\/h3>\n<\/div><\/div><div class=\"bde-columns-2054-105 bde-columns\"><div class=\"bde-column-2054-106 bde-column\">\n  \n  \n\t\n\n\n\n<h1 class=\"bde-heading-2054-109 bde-heading\">\nEffective management and support of facility and cleaning services<br>\n<\/h1><div class=\"bde-text-2054-107 bde-text\">\nThe application simplifies the reporting, tracking, and resolution of facility and cleaning service requests between the provider and the client.<br>\n<\/div><div class=\"bde-text-2054-125 bde-text translation-block\"><span style=\"color:#E87917\"><strong>The application is developed and operated by <\/strong><\/span> Hyverr, s.r.o., which <span style=\"color:#E87917\"><strong>respects the principles of personal data protection.<\/strong><\/span><br><br><span style=\"color:#E87917\"><strong>The application <\/strong><\/span>does not collect users\u2019 personal data <span style=\"color:#E87917\"><strong>unless explicitly stated. To use the application, <\/strong><\/span>no consent for data processing is required.<br><br><span style=\"color:#E87917\"><strong>To provide better insight into the use of the application, the service <\/strong><\/span>Google Analytics <span style=\"color:#E87917\"><strong>is integrated, which processes only <\/strong><\/span>anonymous statistics.<br><br><span style=\"color:#E87917\"><strong>The application also requires <\/strong><\/span>permission to access the camera \u2013 <span style=\"color:#E87917\"><strong>photos taken are used solely as supporting material when resolving helpdesk requests between the provider and the client.<\/strong><\/span> <br><br>For more information about the privacy policy, please visit <span style=\"color:#E87917\"><strong><a href=\"https:\/\/hyverr.com\/wp-content\/uploads\/2025\/10\/GDPR-EN.pdf\" target=\"_blank\" style=\"color:#E87917\">here<\/a><\/strong><\/span>.<br><br>IT Support: <span style=\"color:#E87917\"><strong>+420 266 055 645 <\/strong><\/span><br><\/div>\n<\/div><\/div><div class=\"bde-button-2054-130 bde-button\">\n    \n                        \n                        \n    \n    \n    \n    \n            \n                    \n            \n            \n\n    \n    \n    \n    \n    \n    <a class=\"breakdance-link button-atom button-atom--custom bde-button__button\" href=\"https:\/\/hyverr.com\/en\/\" target=\"_self\" data-type=\"url\"  >\n\n    \n        <span class=\"button-atom__text\">Back<\/span>\n\n                            \n        \n                <\/a>\n\n    \n\n\n<\/div><\/div>\n<\/section><\/div>","protected":false},"excerpt":{"rendered":"<p>Z\u00e1sady zpracov\u00e1n\u00ed osobn\u00edch \u00fadaj\u016f Efektivn\u00ed spr\u00e1va a podpora facility a \u00faklidov\u00fdch slu\u017eeb Aplikace usnad\u0148uje hl\u00e1\u0161en\u00ed, sledov\u00e1n\u00ed a \u0159e\u0161en\u00ed po\u017eadavk\u016f v oblasti facility a \u00faklidov\u00fdch slu\u017eeb mezi poskytovatelem a klientem. Aplikaci vyv\u00edj\u00ed a provozuje Hyverr, s.r.o., kter\u00e1 respektuje z\u00e1sady ochrany osobn\u00edch \u00fadaj\u016f.Aplikace neshroma\u017e\u010fuje osobn\u00ed \u00fadaje u\u017eivatel\u016f, pokud to nen\u00ed v\u00fdslovn\u011b uvedeno. K pou\u017e\u00edv\u00e1n\u00ed aplikace nen\u00ed pot\u0159eba [&hellip;]<\/p>\n","protected":false},"author":3,"featured_media":0,"parent":0,"menu_order":0,"comment_status":"closed","ping_status":"closed","template":"","meta":{"_acf_changed":false,"_breakdance_hide_in_design_set":false,"_breakdance_tags":"","footnotes":""},"class_list":["post-2054","page","type-page","status-publish","hentry"],"acf":[],"_links":{"self":[{"href":"https:\/\/hyverr.com\/en\/wp-json\/wp\/v2\/pages\/2054","targetHints":{"allow":["GET"]}}],"collection":[{"href":"https:\/\/hyverr.com\/en\/wp-json\/wp\/v2\/pages"}],"about":[{"href":"https:\/\/hyverr.com\/en\/wp-json\/wp\/v2\/types\/page"}],"author":[{"embeddable":true,"href":"https:\/\/hyverr.com\/en\/wp-json\/wp\/v2\/users\/3"}],"replies":[{"embeddable":true,"href":"https:\/\/hyverr.com\/en\/wp-json\/wp\/v2\/comments?post=2054"}],"version-history":[{"count":12,"href":"https:\/\/hyverr.com\/en\/wp-json\/wp\/v2\/pages\/2054\/revisions"}],"predecessor-version":[{"id":2067,"href":"https:\/\/hyverr.com\/en\/wp-json\/wp\/v2\/pages\/2054\/revisions\/2067"}],"wp:attachment":[{"href":"https:\/\/hyverr.com\/en\/wp-json\/wp\/v2\/media?parent=2054"}],"curies":[{"name":"wp","href":"https:\/\/api.w.org\/{rel}","templated":true}]}}