{"id":1706,"date":"2025-07-15T14:15:42","date_gmt":"2025-07-15T12:15:42","guid":{"rendered":"https:\/\/hyverr.com\/?page_id=1706"},"modified":"2026-04-28T12:57:21","modified_gmt":"2026-04-28T10:57:21","slug":"automatizace-ve-verejne-sprave","status":"publish","type":"page","link":"https:\/\/hyverr.com\/en\/automatizace-ve-verejne-sprave\/","title":{"rendered":"Automatizace ve ve\u0159ejn\u00e9 spr\u00e1v\u011b"},"content":{"rendered":"<section class=\"bde-section-1706-393 bde-section\">\n  \n  \n\t\n\n\n\n<div class=\"section-container\"><div class=\"bde-div-1706-394 bde-div\">\n  \n  \n\t\n\n\n\n<h1 class=\"bde-dual-heading-1706-395 bde-dual-heading\">\n\n\n            <span data-style=\"primary\" class=\"dual-heading--primary\">Public<\/span>\n\n            <span data-style=\"secondary\" class=\"dual-heading--secondary  js-annotate\">Sector<\/span>\n\n\n\n<\/h1>\n<\/div><div class=\"bde-div-1706-396 bde-div\">\n  \n  \n\t\n\n\n\n<h4 class=\"bde-heading-1706-397 bde-heading\">\nWe deliver automation and AI solutions \u2014 from tools like UiPath, Maestro, Power Automate or Copilot to LLM-based or custom models for public-sector use, such as automated intake or document data extraction. We help accelerate digital transformation and improve service delivery in government.\n<\/h4><h2 class=\"bde-heading-1706-398 bde-heading\">\n<span style=\"color:#E87917;\">Our solutions for the public sector<\/span><br><br>\n<\/h2><div class=\"bde-text-1706-399 bde-text\">\nWe use the most advanced technologies and proven methodologies to accelerate digital transformation in government institutions. We prioritize a non-invasive approach, minimize risks, and ensure seamless integration between existing information systems and new AI- and automation-based solutions. Our mission is to maintain service continuity while increasing the quality and efficiency of public services.<br>\n<\/div><div class=\"bde-columns-1706-400 bde-columns\"><div class=\"bde-column-1706-401 bde-column\">\n  \n  \n\t\n\n\n\n<div class=\"bde-columns-1706-402 bde-columns\"><div class=\"bde-column-1706-403 bde-column\">\n  \n  \n\t\n\n\n\n<div class=\"bde-image-box-1706-404 bde-image-box\">\n<div class=\"ee-imagebox-image\">\n  <img loading=\"lazy\" decoding=\"async\" class=\"breakdance-image-object\" src=\"https:\/\/hyverr.com\/wp-content\/uploads\/2026\/01\/RPA.png\" width=\"128\" height=\"128\" srcset=\"https:\/\/hyverr.com\/wp-content\/uploads\/2026\/01\/RPA.png 128w, https:\/\/hyverr.com\/wp-content\/uploads\/2026\/01\/RPA-12x12.png 12w\" sizes=\"auto, (max-width: 128px) 100vw, 128px\">\n<\/div>\n<div class=\"ee-imagebox-content\">\n      <h4 class=\"ee-imagebox-title bde-h3\" >RPA analysis<\/h4>\n    \n      <div class=\"ee-imagebox-text\" >We evaluate whether your processes are suitable for RPA. We assess technical and performance parameters such as data structure, rule consistency, error rates, or processing time \u2014 and recommend the ideal strategy for implementing automation in the public sector.<\/div>\n    \n              \n    \n    \n    \n    \n            \n                    \n            \n            \n\n    \n    \n    \n    \n    \n    <a class=\"breakdance-link button-atom button-atom--custom ee-imagebox-button\" href=\"https:\/\/hyverr.com\/en\/rpa-analyza-vhodnost-procesu\/\" target=\"_self\" data-type=\"url\"  >\n\n    \n        <span class=\"button-atom__text\">+ Find out more<\/span>\n\n        \n        \n                <\/a>\n\n    \n\n  <\/div>\n\n<\/div>\n<\/div><div class=\"bde-column-1706-405 bde-column\">\n  \n  \n\t\n\n\n\n<div class=\"bde-image-box-1706-406 bde-image-box\">\n<div class=\"ee-imagebox-image\">\n  <img loading=\"lazy\" decoding=\"async\" class=\"breakdance-image-object\" src=\"https:\/\/hyverr.com\/wp-content\/uploads\/2026\/01\/PoerAutomate.png\" width=\"128\" height=\"128\" srcset=\"https:\/\/hyverr.com\/wp-content\/uploads\/2026\/01\/PoerAutomate.png 128w, https:\/\/hyverr.com\/wp-content\/uploads\/2026\/01\/PoerAutomate-12x12.png 12w\" sizes=\"auto, (max-width: 128px) 100vw, 128px\">\n<\/div>\n<div class=\"ee-imagebox-content\">\n      <h4 class=\"ee-imagebox-title bde-h3\" >Workflow automation<\/h4>\n    \n      <div class=\"ee-imagebox-text\" >Using Microsoft Power Automate and Copilot, we digitize administrative workflows without the need for coding. We automate approval processes, request tracking, and app integrations \u2014 significantly boosting efficiency across public sector institutions.<\/div>\n    \n              \n    \n    \n    \n    \n            \n                    \n            \n            \n\n    \n    \n    \n    \n    \n    <a class=\"breakdance-link button-atom button-atom--custom ee-imagebox-button\" href=\"https:\/\/hyverr.com\/en\/automatizace-verejne-spravy\/\" target=\"_self\" data-type=\"url\"  >\n\n    \n        <span class=\"button-atom__text\">+ Find out more<\/span>\n\n        \n        \n                <\/a>\n\n    \n\n  <\/div>\n\n<\/div>\n<\/div><div class=\"bde-column-1706-407 bde-column\">\n  \n  \n\t\n\n\n\n<div class=\"bde-image-box-1706-408 bde-image-box\">\n<div class=\"ee-imagebox-image\">\n  <img loading=\"lazy\" decoding=\"async\" class=\"breakdance-image-object\" src=\"https:\/\/hyverr.com\/wp-content\/uploads\/2026\/01\/Ai.png\" width=\"128\" height=\"128\" srcset=\"https:\/\/hyverr.com\/wp-content\/uploads\/2026\/01\/Ai.png 128w, https:\/\/hyverr.com\/wp-content\/uploads\/2026\/01\/Ai-12x12.png 12w\" sizes=\"auto, (max-width: 128px) 100vw, 128px\">\n<\/div>\n<div class=\"ee-imagebox-content\">\n      <h4 class=\"ee-imagebox-title bde-h3\" >AI + RPA Orchestration<\/h4>\n    \n      <div class=\"ee-imagebox-text\" >We combine artificial intelligence (LLM) and RPA to automate document processing in the public sector. The solution handles digitization, classification, data extraction, and validation \u2014 from citizen requests to contracts \u2014 and fully integrates into your systems.<\/div>\n    \n              \n    \n    \n    \n    \n            \n                    \n            \n            \n\n    \n    \n    \n    \n    \n    <a class=\"breakdance-link button-atom button-atom--custom ee-imagebox-button\" href=\"https:\/\/hyverr.com\/en\/orchestrace-ai-automatizace-faktur-llm-rpa\/\" target=\"_self\" data-type=\"url\"  >\n\n    \n        <span class=\"button-atom__text\">+ Find out more<\/span>\n\n        \n        \n                <\/a>\n\n    \n\n  <\/div>\n\n<\/div>\n<\/div><\/div>\n<\/div><\/div>\n<\/div><\/div>\n<\/section>","protected":false},"excerpt":{"rendered":"<p>Pro Samospr\u00e1vy Poskytujeme slu\u017eby v oblasti automatizace a nasazen\u00ed AI \u0159e\u0161en\u00ed \u2013 od n\u00e1vrhu a nasazen\u00ed n\u00e1stroj\u016f jako UiPath, Maestro, Power Automate nebo Copilot, a\u017e po podporu AI model\u016f na b\u00e1zi LLM \u010di vlastn\u00edch AI model\u016f \u0159e\u0161\u00edc\u00edch konkr\u00e9tn\u00ed agendy (nap\u0159. automatizovan\u00e1 podatelna, extrakce dokument\u016f pomoc\u00ed AI). Na\u0161\u00edm c\u00edlem je urychlit digit\u00e1ln\u00ed transformaci ve\u0159ejn\u00e9 spr\u00e1vy a [&hellip;]<\/p>\n","protected":false},"author":3,"featured_media":0,"parent":0,"menu_order":0,"comment_status":"closed","ping_status":"closed","template":"","meta":{"_acf_changed":false,"_breakdance_hide_in_design_set":false,"_breakdance_tags":"","footnotes":""},"class_list":["post-1706","page","type-page","status-publish","hentry"],"acf":[],"_links":{"self":[{"href":"https:\/\/hyverr.com\/en\/wp-json\/wp\/v2\/pages\/1706","targetHints":{"allow":["GET"]}}],"collection":[{"href":"https:\/\/hyverr.com\/en\/wp-json\/wp\/v2\/pages"}],"about":[{"href":"https:\/\/hyverr.com\/en\/wp-json\/wp\/v2\/types\/page"}],"author":[{"embeddable":true,"href":"https:\/\/hyverr.com\/en\/wp-json\/wp\/v2\/users\/3"}],"replies":[{"embeddable":true,"href":"https:\/\/hyverr.com\/en\/wp-json\/wp\/v2\/comments?post=1706"}],"version-history":[{"count":18,"href":"https:\/\/hyverr.com\/en\/wp-json\/wp\/v2\/pages\/1706\/revisions"}],"predecessor-version":[{"id":3178,"href":"https:\/\/hyverr.com\/en\/wp-json\/wp\/v2\/pages\/1706\/revisions\/3178"}],"wp:attachment":[{"href":"https:\/\/hyverr.com\/en\/wp-json\/wp\/v2\/media?parent=1706"}],"curies":[{"name":"wp","href":"https:\/\/api.w.org\/{rel}","templated":true}]}}