{"id":1417,"date":"2025-05-28T14:41:39","date_gmt":"2025-05-28T12:41:39","guid":{"rendered":"https:\/\/hyverr.com\/?page_id=1417"},"modified":"2026-02-27T09:27:38","modified_gmt":"2026-02-27T08:27:38","slug":"blog","status":"publish","type":"page","link":"https:\/\/hyverr.com\/en\/blog\/","title":{"rendered":"Blog"},"content":{"rendered":"<div class='breakdance'><section class=\"bde-section-1417-100 bde-section\">\n  \n  \n\t\n\n\n\n<div class=\"section-container\"><\/div>\n<\/section><section class=\"bde-section-1417-101 bde-section\">\n  \n  \n\t\n\n\n\n<div class=\"section-container\"><div class=\"bde-columns-1417-102 bde-columns\"><div class=\"bde-column-1417-103 bde-column\" data-entrance=\"slideLeft\">\n  \n  \n\t\n\n\n\n<h1 class=\"bde-heading-1417-104 bde-heading\">\nHyverr Blog\n<\/h1>\n<\/div><\/div><div class=\"bde-post-loop-1417-156 bde-post-loop\"><div class=\"bde-loop bde-loop-grid ee-posts ee-posts-grid\">    <article class=\"bde-loop-item ee-post\">\n        <div class='breakdance'><div class=\"bde-columns-1565-103-2531-1565-1 bde-columns bde-columns-1565-103\"><div class=\"bde-column-1565-105-2531-1565-1 bde-column bde-column-1565-105\">\n  \n  \n\t\n\n\n\n<div class=\"bde-div-1565-107-2531-1565-1 bde-div bde-div-1565-107\">\n  \n  \n\t\n\n\n\n<div class=\"bde-text-1565-106-2531-1565-1 bde-text bde-text-1565-106\">\nFeb\n<\/div><div class=\"bde-text-1565-115-2531-1565-1 bde-text bde-text-1565-115\">\n05\n<\/div>\n<\/div><div class=\"bde-div-1565-110-2531-1565-1 bde-div bde-div-1565-110\">\n  \n  \n\t\n\n\n\n<h1 class=\"bde-heading-1565-111-2531-1565-1 bde-heading bde-heading-1565-111\">\nWorkflow in Logistics: Why the Algorithm is Only Step Two\n<\/h1><div class=\"bde-text-1565-113-2531-1565-1 bde-text bde-text-1565-113\">\nWorkflow in logistics matters more than the optimization algorithm. When addresses or exceptions are unclear, dispatchers improvise and kilometers, delays, and complaints rise.\n<\/div><div class=\"bde-button-1565-114-2531-1565-1 bde-button bde-button-1565-114\">\n    \n                        \n                        \n    \n    \n    \n    \n            \n                    \n            \n            \n\n    \n    \n    \n    \n    \n    <a class=\"breakdance-link button-atom button-atom--custom bde-button__button\" href=\"https:\/\/hyverr.com\/en\/blog\/workflow-v-logistice-optimalizace-tras-ai\/\" target=\"_self\" data-type=\"url\"  >\n\n    \n        <span class=\"button-atom__text\">Read the full article<\/span>\n\n        \n        \n                <\/a>\n\n    \n\n\n<\/div>\n<\/div>\n<\/div><\/div><\/div>    <\/article>\n    <article class=\"bde-loop-item ee-post\">\n        <div class='breakdance'><div class=\"bde-columns-1565-103-2148-1565-1 bde-columns bde-columns-1565-103\"><div class=\"bde-column-1565-105-2148-1565-1 bde-column bde-column-1565-105\">\n  \n  \n\t\n\n\n\n<div class=\"bde-div-1565-107-2148-1565-1 bde-div bde-div-1565-107\">\n  \n  \n\t\n\n\n\n<div class=\"bde-text-1565-106-2148-1565-1 bde-text bde-text-1565-106\">\nJan\n<\/div><div class=\"bde-text-1565-115-2148-1565-1 bde-text bde-text-1565-115\">\n15\n<\/div>\n<\/div><div class=\"bde-div-1565-110-2148-1565-1 bde-div bde-div-1565-110\">\n  \n  \n\t\n\n\n\n<h1 class=\"bde-heading-1565-111-2148-1565-1 bde-heading bde-heading-1565-111\">\nState of Digitalization, Automation, and Artificial Intelligence Use in Czech Municipal and Regional Authorities\n<\/h1><div class=\"bde-text-1565-113-2148-1565-1 bde-text bde-text-1565-113\">\nA nationwide anonymous survey shows that 85% of organizations are already testing AI, while 87% are still not using RPA\u2014and outlines concrete steps for moving from experimentation to a governed, scalable, and measurable digital transformation.\n<\/div><div class=\"bde-button-1565-114-2148-1565-1 bde-button bde-button-1565-114\">\n    \n                        \n                        \n    \n    \n    \n    \n            \n                    \n            \n            \n\n    \n    \n    \n    \n    \n    <a class=\"breakdance-link button-atom button-atom--custom bde-button__button\" href=\"https:\/\/hyverr.com\/en\/blog\/stav-digitalizace-rpa-ai-verejna-sprava-2025\/\" target=\"_self\" data-type=\"url\"  >\n\n    \n        <span class=\"button-atom__text\">Read the full article<\/span>\n\n        \n        \n                <\/a>\n\n    \n\n\n<\/div>\n<\/div>\n<\/div><\/div><\/div>    <\/article>\n    <article class=\"bde-loop-item ee-post\">\n        <div class='breakdance'><div class=\"bde-columns-1565-103-2127-1565-1 bde-columns bde-columns-1565-103\"><div class=\"bde-column-1565-105-2127-1565-1 bde-column bde-column-1565-105\">\n  \n  \n\t\n\n\n\n<div class=\"bde-div-1565-107-2127-1565-1 bde-div bde-div-1565-107\">\n  \n  \n\t\n\n\n\n<div class=\"bde-text-1565-106-2127-1565-1 bde-text bde-text-1565-106\">\nNov\n<\/div><div class=\"bde-text-1565-115-2127-1565-1 bde-text bde-text-1565-115\">\n24\n<\/div>\n<\/div><div class=\"bde-div-1565-110-2127-1565-1 bde-div bde-div-1565-110\">\n  \n  \n\t\n\n\n\n<h1 class=\"bde-heading-1565-111-2127-1565-1 bde-heading bde-heading-1565-111\">\nBring Artificial Intelligence Into Your Company \u2014 Otherwise Employees Will Start Using It on Their Own\n<\/h1><div class=\"bde-text-1565-113-2127-1565-1 bde-text bde-text-1565-113\">\nArtificial intelligence in companies is no longer just a fashionable buzzword. It can accelerate processes, reduce the amount of routine work, and help people focus on what truly matters. In a discussion hosted by Hospod\u00e1\u0159sk\u00e9 noviny...\n<\/div><div class=\"bde-button-1565-114-2127-1565-1 bde-button bde-button-1565-114\">\n    \n                        \n                        \n    \n    \n    \n    \n            \n                    \n            \n            \n\n    \n    \n    \n    \n    \n    <a class=\"breakdance-link button-atom button-atom--custom bde-button__button\" href=\"https:\/\/hyverr.com\/en\/blog\/umela-inteligence-ve-firme-hyverr\/\" target=\"_self\" data-type=\"url\"  >\n\n    \n        <span class=\"button-atom__text\">Read the full article<\/span>\n\n        \n        \n                <\/a>\n\n    \n\n\n<\/div>\n<\/div>\n<\/div><\/div><\/div>    <\/article>\n    <article class=\"bde-loop-item ee-post\">\n        <div class='breakdance'><div class=\"bde-columns-1565-103-2090-1565-1 bde-columns bde-columns-1565-103\"><div class=\"bde-column-1565-105-2090-1565-1 bde-column bde-column-1565-105\">\n  \n  \n\t\n\n\n\n<div class=\"bde-div-1565-107-2090-1565-1 bde-div bde-div-1565-107\">\n  \n  \n\t\n\n\n\n<div class=\"bde-text-1565-106-2090-1565-1 bde-text bde-text-1565-106\">\nNov\n<\/div><div class=\"bde-text-1565-115-2090-1565-1 bde-text bde-text-1565-115\">\n06\n<\/div>\n<\/div><div class=\"bde-div-1565-110-2090-1565-1 bde-div bde-div-1565-110\">\n  \n  \n\t\n\n\n\n<h1 class=\"bde-heading-1565-111-2090-1565-1 bde-heading bde-heading-1565-111\">\nLegacy Systems Integration with Modern Applications: Yes, Even Mainframe!\n<\/h1><div class=\"bde-text-1565-113-2090-1565-1 bde-text bde-text-1565-113\">\nOlder systems in companies are often reliable but hard to access. How can you connect them with today\u2019s world of cloud, data, and AI \u2013 without risky migrations or downtime? At Hyverr, we solve it with RPA, even in mainframe environments.\r\n\n<\/div><div class=\"bde-button-1565-114-2090-1565-1 bde-button bde-button-1565-114\">\n    \n                        \n                        \n    \n    \n    \n    \n            \n                    \n            \n            \n\n    \n    \n    \n    \n    \n    <a class=\"breakdance-link button-atom button-atom--custom bde-button__button\" href=\"https:\/\/hyverr.com\/en\/blog\/propojeni-legacy-systemu-s-modernimi-aplikacemi\/\" target=\"_self\" data-type=\"url\"  >\n\n    \n        <span class=\"button-atom__text\">Read the full article<\/span>\n\n        \n        \n                <\/a>\n\n    \n\n\n<\/div>\n<\/div>\n<\/div><\/div><\/div>    <\/article>\n    <article class=\"bde-loop-item ee-post\">\n        <div class='breakdance'><div class=\"bde-columns-1565-103-1934-1565-1 bde-columns bde-columns-1565-103\"><div class=\"bde-column-1565-105-1934-1565-1 bde-column bde-column-1565-105\">\n  \n  \n\t\n\n\n\n<div class=\"bde-div-1565-107-1934-1565-1 bde-div bde-div-1565-107\">\n  \n  \n\t\n\n\n\n<div class=\"bde-text-1565-106-1934-1565-1 bde-text bde-text-1565-106\">\nSep\n<\/div><div class=\"bde-text-1565-115-1934-1565-1 bde-text bde-text-1565-115\">\n29\n<\/div>\n<\/div><div class=\"bde-div-1565-110-1934-1565-1 bde-div bde-div-1565-110\">\n  \n  \n\t\n\n\n\n<h1 class=\"bde-heading-1565-111-1934-1565-1 bde-heading bde-heading-1565-111\">\nHyverr at AI Month: AI Transformation of Public Administration\n<\/h1><div class=\"bde-text-1565-113-1934-1565-1 bde-text bde-text-1565-113\">\nOn 15 October 2025, at the \u201cAI Transformation of Public Administration\u201d event in the AI Hub on Rohansk\u00e9 n\u00e1b\u0159e\u017e\u00ed, Luk\u00e1\u0161 \u0158eha from Hyverr will speak. From 11:50 to 12:10 he will lead the block \u201cAI automation of agendas in public administration,\u201d where we will present our Digital Clerk \u2014 a combination of LLM and RPA for automating an organization\u2019s internal processes.\n<\/div><div class=\"bde-button-1565-114-1934-1565-1 bde-button bde-button-1565-114\">\n    \n                        \n                        \n    \n    \n    \n    \n            \n                    \n            \n            \n\n    \n    \n    \n    \n    \n    <a class=\"breakdance-link button-atom button-atom--custom bde-button__button\" href=\"https:\/\/hyverr.com\/en\/blog\/ai-automatizace-agend-ve-verejne-sprave\/\" target=\"_self\" data-type=\"url\"  >\n\n    \n        <span class=\"button-atom__text\">Read the full article<\/span>\n\n        \n        \n                <\/a>\n\n    \n\n\n<\/div>\n<\/div>\n<\/div><\/div><\/div>    <\/article>\n    <article class=\"bde-loop-item ee-post\">\n        <div class='breakdance'><div class=\"bde-columns-1565-103-1921-1565-1 bde-columns bde-columns-1565-103\"><div class=\"bde-column-1565-105-1921-1565-1 bde-column bde-column-1565-105\">\n  \n  \n\t\n\n\n\n<div class=\"bde-div-1565-107-1921-1565-1 bde-div bde-div-1565-107\">\n  \n  \n\t\n\n\n\n<div class=\"bde-text-1565-106-1921-1565-1 bde-text bde-text-1565-106\">\nSep\n<\/div><div class=\"bde-text-1565-115-1921-1565-1 bde-text bde-text-1565-115\">\n19\n<\/div>\n<\/div><div class=\"bde-div-1565-110-1921-1565-1 bde-div bde-div-1565-110\">\n  \n  \n\t\n\n\n\n<h1 class=\"bde-heading-1565-111-1921-1565-1 bde-heading bde-heading-1565-111\">\nWebin\u00e1\u0159: Dostupn\u00e1 inteligentn\u00ed automatizace\n<\/h1><div class=\"bde-text-1565-113-1921-1565-1 bde-text bde-text-1565-113\">\nN\u00e1roky na ve\u0159ejnou spr\u00e1vu i tlak na efektivn\u00ed vyu\u017e\u00edv\u00e1n\u00ed zdroj\u016f rostou \u2013 ze strany ve\u0159ejnosti i z\u0159izovatel\u016f. Administrativa zab\u00edr\u00e1 hodiny a vysoce kvalifikovan\u00ed zam\u011bstnanci \u010dasto tr\u00e1v\u00ed \u010das rutinn\u00edmi \u00fakoly. Na webin\u00e1\u0159i spole\u010dnost\u00ed Hyverr a Automation D...\n<\/div><div class=\"bde-button-1565-114-1921-1565-1 bde-button bde-button-1565-114\">\n    \n                        \n                        \n    \n    \n    \n    \n            \n                    \n            \n            \n\n    \n    \n    \n    \n    \n    <a class=\"breakdance-link button-atom button-atom--custom bde-button__button\" href=\"https:\/\/hyverr.com\/en\/blog\/dostupna-inteligentni-automatizace-webinar\/\" target=\"_self\" data-type=\"url\"  >\n\n    \n        <span class=\"button-atom__text\">Read the full article<\/span>\n\n        \n        \n                <\/a>\n\n    \n\n\n<\/div>\n<\/div>\n<\/div><\/div><\/div>    <\/article>\n    <article class=\"bde-loop-item ee-post\">\n        <div class='breakdance'><div class=\"bde-columns-1565-103-1843-1565-1 bde-columns bde-columns-1565-103\"><div class=\"bde-column-1565-105-1843-1565-1 bde-column bde-column-1565-105\">\n  \n  \n\t\n\n\n\n<div class=\"bde-div-1565-107-1843-1565-1 bde-div bde-div-1565-107\">\n  \n  \n\t\n\n\n\n<div class=\"bde-text-1565-106-1843-1565-1 bde-text bde-text-1565-106\">\nJul\n<\/div><div class=\"bde-text-1565-115-1843-1565-1 bde-text bde-text-1565-115\">\n17\n<\/div>\n<\/div><div class=\"bde-div-1565-110-1843-1565-1 bde-div bde-div-1565-110\">\n  \n  \n\t\n\n\n\n<h1 class=\"bde-heading-1565-111-1843-1565-1 bde-heading bde-heading-1565-111\">\nAgentic Automation with UiPath: What We Took Away from the Budapest Workshop\n<\/h1><div class=\"bde-text-1565-113-1843-1565-1 bde-text bde-text-1565-113\">\nAgentn\u00ed automatizace UiPath nen\u00ed budoucnost \u2013 je to realita. Na workshopu UiPath Partner Enablement v Budape\u0161ti jsme se sezn\u00e1mili s t\u00edm, jak tyto technologie m\u011bn\u00ed firemn\u00ed praxi. Pod\u00edvejte se, co jsme si z akce odnesli.\n<\/div><div class=\"bde-button-1565-114-1843-1565-1 bde-button bde-button-1565-114\">\n    \n                        \n                        \n    \n    \n    \n    \n            \n                    \n            \n            \n\n    \n    \n    \n    \n    \n    <a class=\"breakdance-link button-atom button-atom--custom bde-button__button\" href=\"https:\/\/hyverr.com\/en\/blog\/agentni-automatizace-uipath-hyverr-budapest\/\" target=\"_self\" data-type=\"url\"  >\n\n    \n        <span class=\"button-atom__text\">Read the full article<\/span>\n\n        \n        \n                <\/a>\n\n    \n\n\n<\/div>\n<\/div>\n<\/div><\/div><\/div>    <\/article>\n    <article class=\"bde-loop-item ee-post\">\n        <div class='breakdance'><div class=\"bde-columns-1565-103-1681-1565-1 bde-columns bde-columns-1565-103\"><div class=\"bde-column-1565-105-1681-1565-1 bde-column bde-column-1565-105\">\n  \n  \n\t\n\n\n\n<div class=\"bde-div-1565-107-1681-1565-1 bde-div bde-div-1565-107\">\n  \n  \n\t\n\n\n\n<div class=\"bde-text-1565-106-1681-1565-1 bde-text bde-text-1565-106\">\nJul\n<\/div><div class=\"bde-text-1565-115-1681-1565-1 bde-text bde-text-1565-115\">\n02\n<\/div>\n<\/div><div class=\"bde-div-1565-110-1681-1565-1 bde-div bde-div-1565-110\">\n  \n  \n\t\n\n\n\n<h1 class=\"bde-heading-1565-111-1681-1565-1 bde-heading bde-heading-1565-111\">\nBusiness Process Automation: Missed Our Webinar? Here's the Recap!\n<\/h1><div class=\"bde-text-1565-113-1681-1565-1 bde-text bde-text-1565-113\">\nBusiness process automation doesn't require large IT projects or high costs. In our webinar, we showed how to get started quickly, efficiently, and with tools you may already be using. If you missed the live session, no worries \u2013 here's the recording and a quick summary.\n<\/div><div class=\"bde-button-1565-114-1681-1565-1 bde-button bde-button-1565-114\">\n    \n                        \n                        \n    \n    \n    \n    \n            \n                    \n            \n            \n\n    \n    \n    \n    \n    \n    <a class=\"breakdance-link button-atom button-atom--custom bde-button__button\" href=\"https:\/\/hyverr.com\/en\/blog\/webinar-o-automatizaci\/\" target=\"_self\" data-type=\"url\"  >\n\n    \n        <span class=\"button-atom__text\">Read the full article<\/span>\n\n        \n        \n                <\/a>\n\n    \n\n\n<\/div>\n<\/div>\n<\/div><\/div><\/div>    <\/article>\n<\/div>\r\n<\/div><\/div>\n<\/section><\/div>","protected":false},"excerpt":{"rendered":"<p>Hyverr Blog Feb 05 Workflow v logistice: pro\u010d algoritmus nesta\u010d\u00ed a data rozhoduj\u00ed V depu nerozhoduje jen optimaliza\u010dn\u00ed algoritmus, ale hlavn\u011b workflow a kvalita vstupn\u00edch dat. Kdy\u017e jsou adresy \u010di v\u00fdjimky nejasn\u00e9, dispe\u010de\u0159i improvizuj\u00ed a roste po\u010det kilometr\u016f, zpo\u017ed\u011bn\u00ed i reklamac\u00ed. Cel\u00fd \u010dl\u00e1nek Jan 15 Stav digitalizace, automatizace a vyu\u017e\u00edv\u00e1n\u00ed um\u011bl\u00e9 inteligence v \u010desk\u00fdch samospr\u00e1v\u00e1ch [&hellip;]<\/p>\n","protected":false},"author":3,"featured_media":0,"parent":0,"menu_order":0,"comment_status":"closed","ping_status":"closed","template":"","meta":{"_acf_changed":false,"_breakdance_hide_in_design_set":false,"_breakdance_tags":"","footnotes":""},"class_list":["post-1417","page","type-page","status-publish","hentry"],"acf":[],"_links":{"self":[{"href":"https:\/\/hyverr.com\/en\/wp-json\/wp\/v2\/pages\/1417","targetHints":{"allow":["GET"]}}],"collection":[{"href":"https:\/\/hyverr.com\/en\/wp-json\/wp\/v2\/pages"}],"about":[{"href":"https:\/\/hyverr.com\/en\/wp-json\/wp\/v2\/types\/page"}],"author":[{"embeddable":true,"href":"https:\/\/hyverr.com\/en\/wp-json\/wp\/v2\/users\/3"}],"replies":[{"embeddable":true,"href":"https:\/\/hyverr.com\/en\/wp-json\/wp\/v2\/comments?post=1417"}],"version-history":[{"count":30,"href":"https:\/\/hyverr.com\/en\/wp-json\/wp\/v2\/pages\/1417\/revisions"}],"predecessor-version":[{"id":1859,"href":"https:\/\/hyverr.com\/en\/wp-json\/wp\/v2\/pages\/1417\/revisions\/1859"}],"wp:attachment":[{"href":"https:\/\/hyverr.com\/en\/wp-json\/wp\/v2\/media?parent=1417"}],"curies":[{"name":"wp","href":"https:\/\/api.w.org\/{rel}","templated":true}]}}